{"id":78155,"date":"2022-08-08T10:56:26","date_gmt":"2022-08-08T08:56:26","guid":{"rendered":"https:\/\/cigarquality.com\/?post_type=product&#038;p=78155"},"modified":"2025-09-28T11:10:28","modified_gmt":"2025-09-28T09:10:28","slug":"legend-of-eight-strike-25","status":"publish","type":"product","link":"https:\/\/cigarquality.com\/ja\/boutique\/cigares-costariciens\/legend-of-eight\/legend-of-eight-strike-25\/","title":{"rendered":"\u30a8\u30a4\u30c8\u30b9\u30c8\u30e9\u30a4\u30af\u4f1d\u8aac (25)"},"content":{"rendered":"<p><span data-sheets-value=\"{&quot;1&quot;:2,&quot;2&quot;:&quot;Le Legend of Eight Strike est un Robusto court aux ar\u00f4mes bois\u00e9s et aux notes torr\u00e9fi\u00e9es est un excellent compromis entre voyage gustatif, temps de combustion r\u00e9duit et prix abordable. Son petit format s\u00e9duit les aficionados press\u00e9s par le temps et \u00e0 la recherche de sensations. Id\u00e9al pour patienter entre deux rendez-vous. 30 minutes de pure \u00e9vasion. Tout simplement le best-seller de la marque.nnCe cigare mesure 88 mm de longueur par 22,05 mm de diam\u00e8tre. Tr\u00e8s petit format, ce cigare necessitera 20 minutes pour \u00eatre d\u00e9gust\u00e9 convenablement.nnModule parfait pour une d\u00e9gustation rapide, son intensit\u00e9 se fait vite ressentir. Ar\u00f4mes de terres avec une note v\u00e9g\u00e9tale l\u00e9g\u00e8re, ce cigare r\u00e9v\u00e8le des notes \u00e9pices d\u00e8s le deuxi\u00e8me tiers puis se termine avec des notes de cuir, de caf\u00e9 et d'\u00e9pices plus intenses sur le derniers tiers. Il se marie parfaitement avec un expresso ou un cocktail.&quot;}\" data-sheets-userformat=\"{&quot;2&quot;:4477,&quot;3&quot;:{&quot;1&quot;:0},&quot;5&quot;:{&quot;1&quot;:[{&quot;1&quot;:2,&quot;2&quot;:0,&quot;5&quot;:{&quot;1&quot;:2,&quot;2&quot;:0}},{&quot;1&quot;:0,&quot;2&quot;:0,&quot;3&quot;:3},{&quot;1&quot;:1,&quot;2&quot;:0,&quot;4&quot;:1}]},&quot;6&quot;:{&quot;1&quot;:[{&quot;1&quot;:2,&quot;2&quot;:0,&quot;5&quot;:{&quot;1&quot;:2,&quot;2&quot;:0}},{&quot;1&quot;:0,&quot;2&quot;:0,&quot;3&quot;:3},{&quot;1&quot;:1,&quot;2&quot;:0,&quot;4&quot;:1}]},&quot;7&quot;:{&quot;1&quot;:[{&quot;1&quot;:2,&quot;2&quot;:0,&quot;5&quot;:{&quot;1&quot;:2,&quot;2&quot;:0}},{&quot;1&quot;:0,&quot;2&quot;:0,&quot;3&quot;:3},{&quot;1&quot;:1,&quot;2&quot;:0,&quot;4&quot;:1}]},&quot;8&quot;:{&quot;1&quot;:[{&quot;1&quot;:2,&quot;2&quot;:0,&quot;5&quot;:{&quot;1&quot;:2,&quot;2&quot;:0}},{&quot;1&quot;:0,&quot;2&quot;:0,&quot;3&quot;:3},{&quot;1&quot;:1,&quot;2&quot;:0,&quot;4&quot;:1}]},&quot;9&quot;:1,&quot;11&quot;:4,&quot;15&quot;:&quot;Calibri&quot;}\">Le <strong>Legend of Eight Strike<\/strong> est un Robusto court aux ar\u00f4mes bois\u00e9s et aux notes torr\u00e9fi\u00e9es. C&rsquo;est un excellent compromis entre voyage gustatif, temps de combustion r\u00e9duit et prix abordable. Son petit format s\u00e9duit les aficionados press\u00e9s par le temps et \u00e0 la recherche de sensations. Id\u00e9al pour patienter entre deux rendez-vous. 30 minutes de pure \u00e9vasion. Tout simplement le best-seller de la marque.<\/span><\/p>\n<p>Ce cigare mesure 88 mm de longueur par 22,05 mm de diam\u00e8tre. Tr\u00e8s petit format, ce cigare necessitera 30 minutes pour \u00eatre d\u00e9gust\u00e9 convenablement.<\/p>\n<p>Module parfait pour une d\u00e9gustation rapide, son intensit\u00e9 se fait vite ressentir. Un commencement parfum\u00e9 d&rsquo;ar\u00f4mes de terres avec une note v\u00e9g\u00e9tale l\u00e9g\u00e8re, ce cigare r\u00e9v\u00e8le des notes \u00e9pices d\u00e8s le deuxi\u00e8me tiers puis se termine avec des notes de cuir, de caf\u00e9 et d&rsquo;\u00e9pices plus intenses sur le derniers tiers. Il se marie parfaitement avec un expresso ou un cocktail.<\/p>\n","protected":false},"excerpt":{"rendered":"<p>\u8449\u5dfb25\u672c\u5165\u308a\u3002.<\/p>","protected":false},"featured_media":78152,"template":"","meta":{"_acf_changed":false},"product_brand":[],"product_cat":[19809,25624,40665],"product_tag":[],"class_list":{"0":"post-78155","1":"product","2":"type-product","3":"status-publish","4":"has-post-thumbnail","6":"product_cat-cigares","7":"product_cat-cigares-costariciens","8":"product_cat-legend-of-eight","9":"product_shipping_class-cigares","11":"first","12":"outofstock","13":"sale","14":"taxable","15":"shipping-taxable","16":"purchasable","17":"product-type-simple"},"acf":[],"_links":{"self":[{"href":"https:\/\/cigarquality.com\/ja\/wp-json\/wp\/v2\/product\/78155","targetHints":{"allow":["GET"]}}],"collection":[{"href":"https:\/\/cigarquality.com\/ja\/wp-json\/wp\/v2\/product"}],"about":[{"href":"https:\/\/cigarquality.com\/ja\/wp-json\/wp\/v2\/types\/product"}],"wp:featuredmedia":[{"embeddable":true,"href":"https:\/\/cigarquality.com\/ja\/wp-json\/wp\/v2\/media\/78152"}],"wp:attachment":[{"href":"https:\/\/cigarquality.com\/ja\/wp-json\/wp\/v2\/media?parent=78155"}],"wp:term":[{"taxonomy":"product_brand","embeddable":true,"href":"https:\/\/cigarquality.com\/ja\/wp-json\/wp\/v2\/product_brand?post=78155"},{"taxonomy":"product_cat","embeddable":true,"href":"https:\/\/cigarquality.com\/ja\/wp-json\/wp\/v2\/product_cat?post=78155"},{"taxonomy":"product_tag","embeddable":true,"href":"https:\/\/cigarquality.com\/ja\/wp-json\/wp\/v2\/product_tag?post=78155"}],"curies":[{"name":"wp","href":"https:\/\/api.w.org\/{rel}","templated":true}]}}