{"id":77889,"date":"2022-08-05T13:42:25","date_gmt":"2022-08-05T12:42:25","guid":{"rendered":"https:\/\/cigarquality.com\/boutique\/non%20class\u00e9\/flor-de-nicaragua-bundle-robusto-20\/"},"modified":"2025-08-29T09:17:12","modified_gmt":"2025-08-29T07:17:12","slug":"flor-de-nicaragua-bundle-robusto-20","status":"publish","type":"product","link":"https:\/\/cigarquality.com\/ja\/boutique\/cigares-nicaraguayens\/flor-de-nicaragua\/flor-de-nicaragua-bundle-robusto-20\/","title":{"rendered":"Flor de Nicaragua Bundle Robusto (20)"},"content":{"rendered":"<p><span data-sheets-value=\"{&quot;1&quot;:2,&quot;2&quot;:&quot;Le Sacuanjoche, comme on l'appelle au Nicaragua, est la fleur nationale du pays. nnCe longfiller moyen \u00e0 fort surprend par sa diversit\u00e9 : le plaisir de fumer est introduit par un go\u00fbt riche et \u00e9pic\u00e9, puis se poursuit par un jeu aromatique \u00e9quilibr\u00e9 et plus doux. Gr\u00e2ce \u00e0 sa gamme et \u00e0 sa complexit\u00e9 indescriptibles, ce cigare est capable d'enthousiasmer m\u00eame les aficionados les plus exigeants. De plus, il offre un excellent rapport qualit\u00e9-prix.nnCe Robusto mesure 127 mm de longueur pour 19,8 mm de diam\u00e8tre (bague 50). Il vous faudra environ 30 \u00e0 50 minutes pour d\u00e9guster ce cigare.&quot;}\" data-sheets-userformat=\"{&quot;2&quot;:4477,&quot;3&quot;:{&quot;1&quot;:0},&quot;5&quot;:{&quot;1&quot;:[{&quot;1&quot;:2,&quot;2&quot;:0,&quot;5&quot;:{&quot;1&quot;:2,&quot;2&quot;:0}},{&quot;1&quot;:0,&quot;2&quot;:0,&quot;3&quot;:3},{&quot;1&quot;:1,&quot;2&quot;:0,&quot;4&quot;:1}]},&quot;6&quot;:{&quot;1&quot;:[{&quot;1&quot;:2,&quot;2&quot;:0,&quot;5&quot;:{&quot;1&quot;:2,&quot;2&quot;:0}},{&quot;1&quot;:0,&quot;2&quot;:0,&quot;3&quot;:3},{&quot;1&quot;:1,&quot;2&quot;:0,&quot;4&quot;:1}]},&quot;7&quot;:{&quot;1&quot;:[{&quot;1&quot;:2,&quot;2&quot;:0,&quot;5&quot;:{&quot;1&quot;:2,&quot;2&quot;:0}},{&quot;1&quot;:0,&quot;2&quot;:0,&quot;3&quot;:3},{&quot;1&quot;:1,&quot;2&quot;:0,&quot;4&quot;:1}]},&quot;8&quot;:{&quot;1&quot;:[{&quot;1&quot;:2,&quot;2&quot;:0,&quot;5&quot;:{&quot;1&quot;:2,&quot;2&quot;:0}},{&quot;1&quot;:0,&quot;2&quot;:0,&quot;3&quot;:3},{&quot;1&quot;:1,&quot;2&quot;:0,&quot;4&quot;:1}]},&quot;9&quot;:1,&quot;11&quot;:4,&quot;15&quot;:&quot;Calibri&quot;}\">Ce <strong>Flor de Nicaragua Bundle Robusto<\/strong> moyen \u00e0 fort surprend par sa diversit\u00e9 : le plaisir de fumer est introduit par un go\u00fbt riche et \u00e9pic\u00e9, puis se poursuit par un jeu aromatique \u00e9quilibr\u00e9 et plus doux. Gr\u00e2ce \u00e0 sa gamme et \u00e0 sa complexit\u00e9 indescriptibles, ce cigare est capable d&rsquo;enthousiasmer m\u00eame les aficionados les plus exigeants. De plus, il offre un excellent rapport qualit\u00e9-prix.<\/span><\/p>\n<p><span data-sheets-value=\"{&quot;1&quot;:2,&quot;2&quot;:&quot;Le Sacuanjoche, comme on l'appelle au Nicaragua, est la fleur nationale du pays. nnCe longfiller moyen \u00e0 fort surprend par sa diversit\u00e9 : le plaisir de fumer est introduit par un go\u00fbt riche et \u00e9pic\u00e9, puis se poursuit par un jeu aromatique \u00e9quilibr\u00e9 et plus doux. Gr\u00e2ce \u00e0 sa gamme et \u00e0 sa complexit\u00e9 indescriptibles, ce cigare est capable d'enthousiasmer m\u00eame les aficionados les plus exigeants. De plus, il offre un excellent rapport qualit\u00e9-prix.nnCe Robusto mesure 127 mm de longueur pour 19,8 mm de diam\u00e8tre (bague 50). Il vous faudra environ 30 \u00e0 50 minutes pour d\u00e9guster ce cigare.&quot;}\" data-sheets-userformat=\"{&quot;2&quot;:4477,&quot;3&quot;:{&quot;1&quot;:0},&quot;5&quot;:{&quot;1&quot;:[{&quot;1&quot;:2,&quot;2&quot;:0,&quot;5&quot;:{&quot;1&quot;:2,&quot;2&quot;:0}},{&quot;1&quot;:0,&quot;2&quot;:0,&quot;3&quot;:3},{&quot;1&quot;:1,&quot;2&quot;:0,&quot;4&quot;:1}]},&quot;6&quot;:{&quot;1&quot;:[{&quot;1&quot;:2,&quot;2&quot;:0,&quot;5&quot;:{&quot;1&quot;:2,&quot;2&quot;:0}},{&quot;1&quot;:0,&quot;2&quot;:0,&quot;3&quot;:3},{&quot;1&quot;:1,&quot;2&quot;:0,&quot;4&quot;:1}]},&quot;7&quot;:{&quot;1&quot;:[{&quot;1&quot;:2,&quot;2&quot;:0,&quot;5&quot;:{&quot;1&quot;:2,&quot;2&quot;:0}},{&quot;1&quot;:0,&quot;2&quot;:0,&quot;3&quot;:3},{&quot;1&quot;:1,&quot;2&quot;:0,&quot;4&quot;:1}]},&quot;8&quot;:{&quot;1&quot;:[{&quot;1&quot;:2,&quot;2&quot;:0,&quot;5&quot;:{&quot;1&quot;:2,&quot;2&quot;:0}},{&quot;1&quot;:0,&quot;2&quot;:0,&quot;3&quot;:3},{&quot;1&quot;:1,&quot;2&quot;:0,&quot;4&quot;:1}]},&quot;9&quot;:1,&quot;11&quot;:4,&quot;15&quot;:&quot;Calibri&quot;}\">Ce Robusto mesure 127 mm de longueur pour 19,8 mm de diam\u00e8tre (bague 50). Il vous faudra environ 30 \u00e0 50 minutes pour d\u00e9guster ce cigare.<\/span><\/p>\n","protected":false},"excerpt":{"rendered":"<p>20\u672c\u5165\u308a\u3002.<\/p>","protected":false},"featured_media":77887,"template":"","meta":{"_acf_changed":false},"product_brand":[],"product_cat":[19809,24833,40644],"product_tag":[],"class_list":{"0":"post-77889","1":"product","2":"type-product","3":"status-publish","4":"has-post-thumbnail","6":"product_cat-cigares","7":"product_cat-cigares-nicaraguayens","8":"product_cat-flor-de-nicaragua","9":"product_shipping_class-cigares","11":"first","12":"instock","13":"sale","14":"taxable","15":"shipping-taxable","16":"purchasable","17":"product-type-simple"},"acf":[],"_links":{"self":[{"href":"https:\/\/cigarquality.com\/ja\/wp-json\/wp\/v2\/product\/77889","targetHints":{"allow":["GET"]}}],"collection":[{"href":"https:\/\/cigarquality.com\/ja\/wp-json\/wp\/v2\/product"}],"about":[{"href":"https:\/\/cigarquality.com\/ja\/wp-json\/wp\/v2\/types\/product"}],"wp:featuredmedia":[{"embeddable":true,"href":"https:\/\/cigarquality.com\/ja\/wp-json\/wp\/v2\/media\/77887"}],"wp:attachment":[{"href":"https:\/\/cigarquality.com\/ja\/wp-json\/wp\/v2\/media?parent=77889"}],"wp:term":[{"taxonomy":"product_brand","embeddable":true,"href":"https:\/\/cigarquality.com\/ja\/wp-json\/wp\/v2\/product_brand?post=77889"},{"taxonomy":"product_cat","embeddable":true,"href":"https:\/\/cigarquality.com\/ja\/wp-json\/wp\/v2\/product_cat?post=77889"},{"taxonomy":"product_tag","embeddable":true,"href":"https:\/\/cigarquality.com\/ja\/wp-json\/wp\/v2\/product_tag?post=77889"}],"curies":[{"name":"wp","href":"https:\/\/api.w.org\/{rel}","templated":true}]}}