{"id":77667,"date":"2022-08-03T14:56:17","date_gmt":"2022-08-03T13:56:17","guid":{"rendered":"https:\/\/cigarquality.com\/boutique\/non%20class\u00e9\/smoking-jacket-toro-magno-20\/"},"modified":"2025-09-11T11:16:27","modified_gmt":"2025-09-11T09:16:27","slug":"smoking-jacket-toro-magno-20","status":"publish","type":"product","link":"https:\/\/cigarquality.com\/ja\/boutique\/cigares\/smoking-jacket-toro-magno-20\/","title":{"rendered":"Smoking Jacket Toro Magno (20)"},"content":{"rendered":"<p><span id=\"p125\">\u30eb <strong>\u30c7\u30a3\u30ca\u30fc\u30b8\u30e3\u30b1\u30c3\u30c8\u00a0<span id=\"136\">Toro Magno<\/span><\/strong>\u00a0\u306f\u00a0<span id=\"137\">\u30c8\u30ed<\/span>\u00a0Grande d&rsquo;une longueur de\u00a0178 mm\u00a0pour\u00a019,8 mm\u00a0de\u00a0diam\u00e8tre\u00a0<span id=\"p124\">(\u30ea\u30f3\u30b0\u00a0<span id=\"135\">50<\/span>)<\/span>.<\/span><span id=\"p126\">\u00a0\u30c9\u30df\u30cb\u30ab\u7523\u30e9\u30c3\u30d1\u30fc\u3092\u4f7f\u7528\u3002\u00a0<span id=\"141\" class=\"s-rg-t\">\u30b3\u30c8\u30a5\u30a4<\/span>, \u4e00\u8449\u00a0<span id=\"142\" class=\"s-rg-t\">\u30b1\u30eb\u30ca\u30fc<\/span>\u00a0\u59b9\u306e\u30e2\u30cb\u30ab\u304c\u683d\u57f9\u3057\u3066\u3044\u308b\u300c\u30d5\u30a1\u30df\u30ea\u30fc\u30fb\u30ea\u30b6\u30fc\u30d6\u30fb\u30bf\u30d0\u30b3\u300d\u3067\u3042\u308b\u3002\u00a0<span id=\"143\" class=\"s-rg-t\">\u30b1\u30eb\u30ca\u30fc<\/span>, \u5f7c\u306e\u5bb6\u65cf\u306e\u8fb2\u5834\u306b\u3042\u308b\u3001\u3053\u306e\u8fb2\u5712\u3060\u3051\u306e\u3082\u306e\u3067\u3042\u308b\u3002\u00a0<span id=\"144\" class=\"s-rg-t\">\u30b1\u30eb\u30ca\u30fc<\/span>.<\/span><\/p>\n<p><span id=\"p127\">\u30d5\u30a3\u30e9\u30fc\u306f\u30c9\u30df\u30cb\u30ab\u7523\u30bf\u30d0\u30b360\u672c\uff08%\uff09\u3001\u30cb\u30ab\u30e9\u30b0\u30a2\u7523\u30bf\u30d0\u30b320\u672c\uff08%\uff09\u3001\u30a2\u30e1\u30ea\u30ab\u7523\u5927\u8449\u30bf\u30d0\u30b320\u672c\uff08%\uff09\u3002.<\/span><span id=\"p128\">\u00a0\u30de\u30f3\u30c8\u306f\u00a0<span id=\"145\" class=\"s-rg-t\">\u30b3\u30c8\u30a5\u30a4<\/span>\u00a09\u6b73\u306e\u30c9\u30df\u30cb\u30ab\u4eba\u3002.<\/span><span id=\"p129\">\u00a0<span id=\"146\" class=\"s-rg-t\">\u30de\u30f3\u30c8<\/span>\u00a0\u306f\u30dc\u30ca\u30aa\u3067\u3001\u5c11\u3057\u30b9\u30d1\u30a4\u30b9\u3092\u52a0\u3048\u3066\u3044\u308b\u3002.<\/span><span id=\"p130\">\u00a0\u30df\u30c7\u30a3\u30a2\u30e0\u30dc\u30c7\u30a3\u3067\u3001\u975e\u5e38\u306b\u30d0\u30e9\u30f3\u30b9\u304c\u3088\u304f\u3001\u5fc3\u5730\u3088\u3044\u7518\u3044\u9999\u308a\u304c\u3042\u308b\u3002\u00a0<span id=\"147\" class=\"s-rg-t\">\u30de\u30a4\u30eb\u30c9<\/span>\u00a0\u00e0\u00a0<span id=\"148\" class=\"s-rg-t\">\u30df\u30c7\u30a3\u30a2\u30e0<\/span>.<\/span><span id=\"p131\"><\/span><\/p>\n<p><span id=\"p132\">Ce cigare n\u00e9cessitera une pause de 60 \u00e0 90 minutes pour le d\u00e9guster convenablement.<\/span><span id=\"p133\"><\/span><br \/>\n<span id=\"p134\">20\u672c\u5165\u308a\u3002.<\/span><\/p>","protected":false},"excerpt":{"rendered":"<p>20\u672c\u5165\u308a\u3002.<\/p>","protected":false},"featured_media":77664,"template":"","meta":{"_acf_changed":false},"product_brand":[],"product_cat":[19809,19812],"product_tag":[],"class_list":{"0":"post-77667","1":"product","2":"type-product","3":"status-publish","4":"has-post-thumbnail","6":"product_cat-cigares","7":"product_cat-cigares-dominicains","8":"product_shipping_class-cigares","10":"first","11":"instock","12":"sale","13":"taxable","14":"shipping-taxable","15":"purchasable","16":"product-type-simple"},"acf":[],"_links":{"self":[{"href":"https:\/\/cigarquality.com\/ja\/wp-json\/wp\/v2\/product\/77667","targetHints":{"allow":["GET"]}}],"collection":[{"href":"https:\/\/cigarquality.com\/ja\/wp-json\/wp\/v2\/product"}],"about":[{"href":"https:\/\/cigarquality.com\/ja\/wp-json\/wp\/v2\/types\/product"}],"wp:featuredmedia":[{"embeddable":true,"href":"https:\/\/cigarquality.com\/ja\/wp-json\/wp\/v2\/media\/77664"}],"wp:attachment":[{"href":"https:\/\/cigarquality.com\/ja\/wp-json\/wp\/v2\/media?parent=77667"}],"wp:term":[{"taxonomy":"product_brand","embeddable":true,"href":"https:\/\/cigarquality.com\/ja\/wp-json\/wp\/v2\/product_brand?post=77667"},{"taxonomy":"product_cat","embeddable":true,"href":"https:\/\/cigarquality.com\/ja\/wp-json\/wp\/v2\/product_cat?post=77667"},{"taxonomy":"product_tag","embeddable":true,"href":"https:\/\/cigarquality.com\/ja\/wp-json\/wp\/v2\/product_tag?post=77667"}],"curies":[{"name":"wp","href":"https:\/\/api.w.org\/{rel}","templated":true}]}}