{"id":77653,"date":"2022-08-03T14:33:13","date_gmt":"2022-08-03T13:33:13","guid":{"rendered":"https:\/\/cigarquality.com\/boutique\/non%20class\u00e9\/smoking-jacket-robusto-imperial-20\/"},"modified":"2025-11-26T15:52:31","modified_gmt":"2025-11-26T14:52:31","slug":"smoking-jacket-robusto-imperial-20","status":"publish","type":"product","link":"https:\/\/cigarquality.com\/ja\/boutique\/cigares-dominicains\/smoking-jacket-cigars\/smoking-jacket-robusto-imperial-20\/","title":{"rendered":"Smoking Jacket Robusto Imperial (20)"},"content":{"rendered":"<p><span id=\"p66\">Le Smoking Jacket\u00a0<span id=\"77\" class=\"s-rg-t\">Imp\u00e9rial<\/span>\u00a0\u306f\u00a0<span id=\"78\" class=\"s-rg-t\">\u30ed\u30d6\u30b9\u30c8<\/span>\u00a0d&rsquo;une longueur de\u00a0150 mm\u00a0pour\u00a021 mm\u00a0de\u00a0diam\u00e8tre\u00a0<span id=\"p65\">(\u30ea\u30f3\u30b0\u00a0<span id=\"76\" class=\"s-bl-t\">52<\/span>)<\/span>.<\/span><span id=\"p67\">\u00a0\u30c9\u30df\u30cb\u30ab\u7523\u30e9\u30c3\u30d1\u30fc\u3092\u4f7f\u7528\u3002\u00a0<span id=\"82\" class=\"s-rg-t\">\u30b3\u30c8\u30a5\u30a4<\/span>, \u4e00\u8449\u00a0<span id=\"83\" class=\"s-rg-t\">\u30b1\u30eb\u30ca\u30fc<\/span>\u00a0d\u00e9crit comme un \u00ab\u00a0tabac de r\u00e9serve familial\u00a0\u00bb cultiv\u00e9 par sa s\u0153ur, Monika\u00a0<span id=\"84\" class=\"s-rg-t\">\u30b1\u30eb\u30ca\u30fc<\/span>, \u5f7c\u306e\u5bb6\u65cf\u306e\u8fb2\u5834\u306b\u3042\u308b\u3001\u3053\u306e\u8fb2\u5712\u3060\u3051\u306e\u3082\u306e\u3067\u3042\u308b\u3002\u00a0<span id=\"85\" class=\"s-rg-t\">\u30b1\u30eb\u30ca\u30fc<\/span>.<\/span><\/p>\n<p><span id=\"p68\">\u30d5\u30a3\u30e9\u30fc\u306f\u30c9\u30df\u30cb\u30ab\u7523\u30bf\u30d0\u30b360\u672c\uff08%\uff09\u3001\u30cb\u30ab\u30e9\u30b0\u30a2\u7523\u30bf\u30d0\u30b320\u672c\uff08%\uff09\u3001\u30a2\u30e1\u30ea\u30ab\u7523\u5927\u8449\u30bf\u30d0\u30b320\u672c\uff08%\uff09\u3002.<\/span><span id=\"p69\">\u00a0\u30de\u30f3\u30c8\u306f\u00a0<span id=\"86\" class=\"s-rg-t\">\u30b3\u30c8\u30a5\u30a4<\/span>\u00a09\u6b73\u306e\u30c9\u30df\u30cb\u30ab\u4eba\u3002.<\/span><span id=\"p70\">\u00a0<span id=\"87\" class=\"s-rg-t\">\u30de\u30f3\u30c8<\/span>\u00a0\u306f\u30dc\u30ca\u30aa\u3067\u3001\u5c11\u3057\u30b9\u30d1\u30a4\u30b9\u3092\u52a0\u3048\u3066\u3044\u308b\u3002.<\/span><span id=\"p71\">\u00a0\u30df\u30c7\u30a3\u30a2\u30e0\u30dc\u30c7\u30a3\u3067\u3001\u975e\u5e38\u306b\u30d0\u30e9\u30f3\u30b9\u304c\u3088\u304f\u3001\u5fc3\u5730\u3088\u3044\u7518\u3044\u9999\u308a\u304c\u3042\u308b\u3002\u00a0<span id=\"88\" class=\"s-rg-t\">\u30de\u30a4\u30eb\u30c9<\/span>\u00a0\u00e0\u00a0<span id=\"89\" class=\"s-rg-t\">\u30df\u30c7\u30a3\u30a2\u30e0<\/span>.<\/span><span id=\"p72\"><\/span><\/p>\n<p><span id=\"p73\">Ce cigare n\u00e9cessitera une pause de 45 \u00e0 60 minutes pour le d\u00e9guster convenablement.<\/span><span id=\"p74\"><\/span><br \/>\n<span id=\"p75\">20\u672c\u5165\u308a\u3002.<\/span><\/p>","protected":false},"excerpt":{"rendered":"<p>20\u672c\u5165\u308a\u3002.<\/p>","protected":false},"featured_media":77650,"template":"","meta":{"_acf_changed":false},"product_brand":[],"product_cat":[19809,19812,40274],"product_tag":[],"class_list":{"0":"post-77653","1":"product","2":"type-product","3":"status-publish","4":"has-post-thumbnail","6":"product_cat-cigares","7":"product_cat-cigares-dominicains","8":"product_cat-smoking-jacket-cigars","9":"product_shipping_class-cigares","11":"first","12":"instock","13":"sale","14":"taxable","15":"shipping-taxable","16":"purchasable","17":"product-type-simple"},"acf":[],"_links":{"self":[{"href":"https:\/\/cigarquality.com\/ja\/wp-json\/wp\/v2\/product\/77653","targetHints":{"allow":["GET"]}}],"collection":[{"href":"https:\/\/cigarquality.com\/ja\/wp-json\/wp\/v2\/product"}],"about":[{"href":"https:\/\/cigarquality.com\/ja\/wp-json\/wp\/v2\/types\/product"}],"wp:featuredmedia":[{"embeddable":true,"href":"https:\/\/cigarquality.com\/ja\/wp-json\/wp\/v2\/media\/77650"}],"wp:attachment":[{"href":"https:\/\/cigarquality.com\/ja\/wp-json\/wp\/v2\/media?parent=77653"}],"wp:term":[{"taxonomy":"product_brand","embeddable":true,"href":"https:\/\/cigarquality.com\/ja\/wp-json\/wp\/v2\/product_brand?post=77653"},{"taxonomy":"product_cat","embeddable":true,"href":"https:\/\/cigarquality.com\/ja\/wp-json\/wp\/v2\/product_cat?post=77653"},{"taxonomy":"product_tag","embeddable":true,"href":"https:\/\/cigarquality.com\/ja\/wp-json\/wp\/v2\/product_tag?post=77653"}],"curies":[{"name":"wp","href":"https:\/\/api.w.org\/{rel}","templated":true}]}}