{"id":76545,"date":"2022-07-27T14:13:31","date_gmt":"2022-07-27T13:13:31","guid":{"rendered":"https:\/\/cigarquality.com\/?post_type=product&#038;p=76545"},"modified":"2026-01-05T09:42:44","modified_gmt":"2026-01-05T08:42:44","slug":"flor-de-copan-maduro-corona-20","status":"publish","type":"product","link":"https:\/\/cigarquality.com\/ja\/boutique\/cigares-honduriens\/flor-de-copan\/flor-de-copan-maduro-corona-20\/","title":{"rendered":"\u30d5\u30ed\u30fc\u30eb\u30fb\u30c7\u30fb\u30b3\u30d1\u30f3 \u30de\u30c7\u30e5\u30fc\u30ed\u30fb\u30b3\u30ed\u30ca (20)"},"content":{"rendered":"<p><span data-sheets-value=\"{&quot;1&quot;:2,&quot;2&quot;:&quot;Les cigares Flor De Copan Maduro Corona sont riches, complexes et tr\u00e8s aromatiques. La sous-cape provient \u00e9galement du Honduras afin de mettre en avant les caract\u00e9ristiques du pays d'origine. Le r\u00e9sultat est un cigare plein, harmonieusement \u00e9quilibr\u00e9 de la cape \u00e0 la tripe avec des ar\u00f4mes de conif\u00e8res et de chocolat.nnLe cigare Flor De Copan Maduro Corona mesure 136mm de longueur pour 15,9mm de diam\u00e8tre (bague 40). Il vous faudra 30 minutes pour d\u00e9guster ce cigare.&quot;}\" data-sheets-userformat=\"{&quot;2&quot;:15357,&quot;3&quot;:{&quot;1&quot;:0},&quot;5&quot;:{&quot;1&quot;:[{&quot;1&quot;:2,&quot;2&quot;:0,&quot;5&quot;:{&quot;1&quot;:2,&quot;2&quot;:0}},{&quot;1&quot;:0,&quot;2&quot;:0,&quot;3&quot;:3},{&quot;1&quot;:1,&quot;2&quot;:0,&quot;4&quot;:1}]},&quot;6&quot;:{&quot;1&quot;:[{&quot;1&quot;:2,&quot;2&quot;:0,&quot;5&quot;:{&quot;1&quot;:2,&quot;2&quot;:0}},{&quot;1&quot;:0,&quot;2&quot;:0,&quot;3&quot;:3},{&quot;1&quot;:1,&quot;2&quot;:0,&quot;4&quot;:1}]},&quot;7&quot;:{&quot;1&quot;:[{&quot;1&quot;:2,&quot;2&quot;:0,&quot;5&quot;:{&quot;1&quot;:2,&quot;2&quot;:0}},{&quot;1&quot;:0,&quot;2&quot;:0,&quot;3&quot;:3},{&quot;1&quot;:1,&quot;2&quot;:0,&quot;4&quot;:1}]},&quot;8&quot;:{&quot;1&quot;:[{&quot;1&quot;:2,&quot;2&quot;:0,&quot;5&quot;:{&quot;1&quot;:2,&quot;2&quot;:0}},{&quot;1&quot;:0,&quot;2&quot;:0,&quot;3&quot;:3},{&quot;1&quot;:1,&quot;2&quot;:0,&quot;4&quot;:1}]},&quot;9&quot;:0,&quot;10&quot;:1,&quot;11&quot;:4,&quot;12&quot;:0,&quot;14&quot;:{&quot;1&quot;:2,&quot;2&quot;:0},&quot;15&quot;:&quot;Calibri&quot;,&quot;16&quot;:10}\">Les cigares Flor De Copan Maduro Corona sont riches, complexes et tr\u00e8s aromatiques. La sous-cape provient \u00e9galement du Honduras afin de mettre en avant les caract\u00e9ristiques du pays d&rsquo;origine. Le r\u00e9sultat est un cigare plein, harmonieusement \u00e9quilibr\u00e9 de la cape \u00e0 la tripe avec des ar\u00f4mes de conif\u00e8res et de chocolat.<\/span><\/p>\n<p>Le cigare Flor De Copan Maduro Corona mesure 136mm de longueur pour 15,9mm de diam\u00e8tre (bague 40). Il vous faudra 30 minutes pour d\u00e9guster ce cigare.<\/p>\n","protected":false},"excerpt":{"rendered":"<p>20\u672c\u5165\u308a\u3002.<\/p>","protected":false},"featured_media":76542,"template":"","meta":{"_acf_changed":false},"product_brand":[],"product_cat":[19809,24947,40223],"product_tag":[],"class_list":{"0":"post-76545","1":"product","2":"type-product","3":"status-publish","4":"has-post-thumbnail","6":"product_cat-cigares","7":"product_cat-cigares-honduriens","8":"product_cat-flor-de-copan","9":"product_shipping_class-cigares","11":"first","12":"instock","13":"taxable","14":"shipping-taxable","15":"purchasable","16":"product-type-simple"},"acf":[],"_links":{"self":[{"href":"https:\/\/cigarquality.com\/ja\/wp-json\/wp\/v2\/product\/76545","targetHints":{"allow":["GET"]}}],"collection":[{"href":"https:\/\/cigarquality.com\/ja\/wp-json\/wp\/v2\/product"}],"about":[{"href":"https:\/\/cigarquality.com\/ja\/wp-json\/wp\/v2\/types\/product"}],"wp:featuredmedia":[{"embeddable":true,"href":"https:\/\/cigarquality.com\/ja\/wp-json\/wp\/v2\/media\/76542"}],"wp:attachment":[{"href":"https:\/\/cigarquality.com\/ja\/wp-json\/wp\/v2\/media?parent=76545"}],"wp:term":[{"taxonomy":"product_brand","embeddable":true,"href":"https:\/\/cigarquality.com\/ja\/wp-json\/wp\/v2\/product_brand?post=76545"},{"taxonomy":"product_cat","embeddable":true,"href":"https:\/\/cigarquality.com\/ja\/wp-json\/wp\/v2\/product_cat?post=76545"},{"taxonomy":"product_tag","embeddable":true,"href":"https:\/\/cigarquality.com\/ja\/wp-json\/wp\/v2\/product_tag?post=76545"}],"curies":[{"name":"wp","href":"https:\/\/api.w.org\/{rel}","templated":true}]}}