{"id":76400,"date":"2022-07-27T10:51:57","date_gmt":"2022-07-27T08:51:57","guid":{"rendered":"https:\/\/cigarquality.com\/?post_type=product&#038;p=76400"},"modified":"2025-09-11T13:50:26","modified_gmt":"2025-09-11T11:50:26","slug":"condega-serie-f-arsenio-ee-5-5x52-10","status":"publish","type":"product","link":"https:\/\/cigarquality.com\/ja\/boutique\/cigares-nicaraguayens\/condega\/condega-serie-f-arsenio-ee-5-5x52-10\/","title":{"rendered":"Condega Serie F Arsenio EE 5 (10)"},"content":{"rendered":"<p><span data-sheets-value=\"{&quot;1&quot;:2,&quot;2&quot;:&quot;Les Arsenio Edicion Especial de Condega sont des cigares cors\u00e9s offrant un merveilleux contraste de saveurs. Il commence par un go\u00fbt fruit\u00e9 habill\u00e9 de notes vanill\u00e9es autour d'une texture cr\u00e9meuse qui \u00e9volue vers une saveur plus grill\u00e9e et \u00e9pic\u00e9e en entrant dans le dernier tiers. Un excellent cigare nicaraguayen en l'honneur du ma\u00eetre m\u00e9langeur de Casa Fernandez, Arsenio Ramos.nnLa s\u00e9rie \u00ab F \u00bb de Condega pr\u00e9sente un doux ar\u00f4me de bois de c\u00e8dre et de cannelle envelopp\u00e9 dans une belle et douce cape Corojo tr\u00e8s caract\u00e9ristique de Casa Fern\u00e1ndez. La s\u00e9rie 'F' est connue pour son ar\u00f4me intense et sa combustion uniforme, ce qui donne un grand plaisir \u00e0 la fum\u00e9e et est un plaisir \u00e0 tout moment.nnLe Condega Serie F Arsenio Edicion Especial 5 Robusto mesure 140 mm de longueur pour 20,47mm de diam\u00e8tre (taille de bague 52) et est disponible en bo\u00eete de 10 cigares. Il vous faudra environ 50 minutes pour le fumer. &quot;}\" data-sheets-userformat=\"{&quot;2&quot;:15357,&quot;3&quot;:{&quot;1&quot;:0},&quot;5&quot;:{&quot;1&quot;:[{&quot;1&quot;:2,&quot;2&quot;:0,&quot;5&quot;:{&quot;1&quot;:2,&quot;2&quot;:0}},{&quot;1&quot;:0,&quot;2&quot;:0,&quot;3&quot;:3},{&quot;1&quot;:1,&quot;2&quot;:0,&quot;4&quot;:1}]},&quot;6&quot;:{&quot;1&quot;:[{&quot;1&quot;:2,&quot;2&quot;:0,&quot;5&quot;:{&quot;1&quot;:2,&quot;2&quot;:0}},{&quot;1&quot;:0,&quot;2&quot;:0,&quot;3&quot;:3},{&quot;1&quot;:1,&quot;2&quot;:0,&quot;4&quot;:1}]},&quot;7&quot;:{&quot;1&quot;:[{&quot;1&quot;:2,&quot;2&quot;:0,&quot;5&quot;:{&quot;1&quot;:2,&quot;2&quot;:0}},{&quot;1&quot;:0,&quot;2&quot;:0,&quot;3&quot;:3},{&quot;1&quot;:1,&quot;2&quot;:0,&quot;4&quot;:1}]},&quot;8&quot;:{&quot;1&quot;:[{&quot;1&quot;:2,&quot;2&quot;:0,&quot;5&quot;:{&quot;1&quot;:2,&quot;2&quot;:0}},{&quot;1&quot;:0,&quot;2&quot;:0,&quot;3&quot;:3},{&quot;1&quot;:1,&quot;2&quot;:0,&quot;4&quot;:1}]},&quot;9&quot;:0,&quot;10&quot;:1,&quot;11&quot;:4,&quot;12&quot;:0,&quot;14&quot;:{&quot;1&quot;:2,&quot;2&quot;:0},&quot;15&quot;:&quot;Calibri&quot;,&quot;16&quot;:10}\">Les Arsenio Edicion Especial de Condega sont des cigares cors\u00e9s offrant un merveilleux contraste de saveurs. Il commence par un go\u00fbt fruit\u00e9 habill\u00e9 de notes vanill\u00e9es autour d&rsquo;une texture cr\u00e9meuse qui \u00e9volue vers une saveur plus grill\u00e9e et \u00e9pic\u00e9e en entrant dans le dernier tiers. Un excellent cigare nicaraguayen en l&rsquo;honneur du ma\u00eetre m\u00e9langeur de Casa Fernandez, Arsenio Ramos.<\/span><\/p>\n<p>La s\u00e9rie \u00ab F \u00bb de Condega pr\u00e9sente un doux ar\u00f4me de bois de c\u00e8dre et de cannelle envelopp\u00e9 dans une belle et douce cape Corojo tr\u00e8s caract\u00e9ristique de Casa Fern\u00e1ndez. La s\u00e9rie &lsquo;F&rsquo; est connue pour son ar\u00f4me intense et sa combustion uniforme, ce qui donne un grand plaisir \u00e0 la fum\u00e9e et est un plaisir \u00e0 tout moment.<\/p>\n<p>Le Condega Serie F Arsenio Edicion Especial 5 Robusto mesure 140 mm de longueur pour 20,47mm de diam\u00e8tre (taille de bague 52) et est disponible en bo\u00eete de 10 cigares. Il vous faudra environ 50 minutes pour le fumer.<\/p>\n","protected":false},"excerpt":{"rendered":"<p>\u8449\u5dfb10\u672c\u5165\u308a\u3002.<\/p>","protected":false},"featured_media":76397,"template":"","meta":{"_acf_changed":false},"product_brand":[],"product_cat":[19809,24833,40229],"product_tag":[],"class_list":{"0":"post-76400","1":"product","2":"type-product","3":"status-publish","4":"has-post-thumbnail","6":"product_cat-cigares","7":"product_cat-cigares-nicaraguayens","8":"product_cat-condega","9":"product_shipping_class-cigares","11":"first","12":"instock","13":"sale","14":"taxable","15":"shipping-taxable","16":"purchasable","17":"product-type-simple"},"acf":[],"_links":{"self":[{"href":"https:\/\/cigarquality.com\/ja\/wp-json\/wp\/v2\/product\/76400","targetHints":{"allow":["GET"]}}],"collection":[{"href":"https:\/\/cigarquality.com\/ja\/wp-json\/wp\/v2\/product"}],"about":[{"href":"https:\/\/cigarquality.com\/ja\/wp-json\/wp\/v2\/types\/product"}],"wp:featuredmedia":[{"embeddable":true,"href":"https:\/\/cigarquality.com\/ja\/wp-json\/wp\/v2\/media\/76397"}],"wp:attachment":[{"href":"https:\/\/cigarquality.com\/ja\/wp-json\/wp\/v2\/media?parent=76400"}],"wp:term":[{"taxonomy":"product_brand","embeddable":true,"href":"https:\/\/cigarquality.com\/ja\/wp-json\/wp\/v2\/product_brand?post=76400"},{"taxonomy":"product_cat","embeddable":true,"href":"https:\/\/cigarquality.com\/ja\/wp-json\/wp\/v2\/product_cat?post=76400"},{"taxonomy":"product_tag","embeddable":true,"href":"https:\/\/cigarquality.com\/ja\/wp-json\/wp\/v2\/product_tag?post=76400"}],"curies":[{"name":"wp","href":"https:\/\/api.w.org\/{rel}","templated":true}]}}