{"id":68833,"date":"2022-06-13T14:40:55","date_gmt":"2022-06-13T13:40:55","guid":{"rendered":"https:\/\/cigarquality.com\/boutique\/non%20class\u00e9\/la-galera-habano-bonchero-20\/"},"modified":"2025-09-11T12:07:24","modified_gmt":"2025-09-11T10:07:24","slug":"la-galera-habano-bonchero-20","status":"publish","type":"product","link":"https:\/\/cigarquality.com\/ja\/boutique\/cigares-dominicains\/la-galera\/la-galera-habano\/la-galera-habano-bonchero-20\/","title":{"rendered":"La Galera Habano Bonchero (20)"},"content":{"rendered":"<p><strong>Les cigares La Galera Habano Bonchero<\/strong> se distinguent par leur cape Habano-Equateur. Dans cette s\u00e9rie de cigares \u00e9galement, Jochy Blanco attache une grande importance \u00e0 une finition de qualit\u00e9 et \u00e0 des tabacs de premier choix.<\/p>\n<p>La tripe est un m\u00e9lange de tabacs dominicains. elle contient du Piloto Cubano, du Criollo 98 et du Pelo de Oro.<\/p>\n<p>La sous-cape des cigares La Galera Habano est une corojo dominicain.<\/p>","protected":false},"excerpt":{"rendered":"<p>20\u672c\u5165\u308a\u3002.<\/p>","protected":false},"featured_media":68831,"template":"","meta":{"_acf_changed":false},"product_brand":[],"product_cat":[19809,19812,39959,40174],"product_tag":[],"class_list":{"0":"post-68833","1":"product","2":"type-product","3":"status-publish","4":"has-post-thumbnail","6":"product_cat-cigares","7":"product_cat-cigares-dominicains","8":"product_cat-la-galera","9":"product_cat-la-galera-habano","10":"product_shipping_class-cigares","12":"first","13":"instock","14":"sale","15":"taxable","16":"shipping-taxable","17":"purchasable","18":"product-type-simple"},"acf":[],"_links":{"self":[{"href":"https:\/\/cigarquality.com\/ja\/wp-json\/wp\/v2\/product\/68833","targetHints":{"allow":["GET"]}}],"collection":[{"href":"https:\/\/cigarquality.com\/ja\/wp-json\/wp\/v2\/product"}],"about":[{"href":"https:\/\/cigarquality.com\/ja\/wp-json\/wp\/v2\/types\/product"}],"wp:featuredmedia":[{"embeddable":true,"href":"https:\/\/cigarquality.com\/ja\/wp-json\/wp\/v2\/media\/68831"}],"wp:attachment":[{"href":"https:\/\/cigarquality.com\/ja\/wp-json\/wp\/v2\/media?parent=68833"}],"wp:term":[{"taxonomy":"product_brand","embeddable":true,"href":"https:\/\/cigarquality.com\/ja\/wp-json\/wp\/v2\/product_brand?post=68833"},{"taxonomy":"product_cat","embeddable":true,"href":"https:\/\/cigarquality.com\/ja\/wp-json\/wp\/v2\/product_cat?post=68833"},{"taxonomy":"product_tag","embeddable":true,"href":"https:\/\/cigarquality.com\/ja\/wp-json\/wp\/v2\/product_tag?post=68833"}],"curies":[{"name":"wp","href":"https:\/\/api.w.org\/{rel}","templated":true}]}}