{"id":68603,"date":"2022-06-10T14:27:51","date_gmt":"2022-06-10T13:27:51","guid":{"rendered":"https:\/\/cigarquality.com\/boutique\/non%20class\u00e9\/la-galera-maduro-chaveta-20\/"},"modified":"2025-09-11T12:06:53","modified_gmt":"2025-09-11T10:06:53","slug":"la-galera-maduro-chaveta-20","status":"publish","type":"product","link":"https:\/\/cigarquality.com\/ja\/boutique\/cigares-dominicains\/la-galera\/la-galera-maduro\/la-galera-maduro-chaveta-20\/","title":{"rendered":"\u30e9\u30fb\u30ac\u30ec\u30e9\u30fb\u30de\u30c7\u30e5\u30fc\u30ed\u30fb\u30c1\u30e3\u30d9\u30bf (20)"},"content":{"rendered":"<p><strong>Le cigare La Galera Maduro Chaveta <\/strong>est compos\u00e9 d&rsquo;une riche cape San Andr\u00e9s et de d\u00e9licieux tabacs Piloto Cubano et Crillo 98 provenant des fermes Jacagua et Gurabo de Tabacalera Palma. Au final, une fum\u00e9e \u00e9quilibr\u00e9e et agr\u00e9able conditionn\u00e9e pour une performance constante que le fumeur m\u00e9rite.<\/p>","protected":false},"excerpt":{"rendered":"<p>20\u672c\u5165\u308a\u3002.<\/p>","protected":false},"featured_media":68600,"template":"","meta":{"_acf_changed":false},"product_brand":[],"product_cat":[19809,19812,39959,40167],"product_tag":[],"class_list":{"0":"post-68603","1":"product","2":"type-product","3":"status-publish","4":"has-post-thumbnail","6":"product_cat-cigares","7":"product_cat-cigares-dominicains","8":"product_cat-la-galera","9":"product_cat-la-galera-maduro","10":"product_shipping_class-cigares","12":"first","13":"instock","14":"sale","15":"taxable","16":"shipping-taxable","17":"purchasable","18":"product-type-simple"},"acf":[],"_links":{"self":[{"href":"https:\/\/cigarquality.com\/ja\/wp-json\/wp\/v2\/product\/68603","targetHints":{"allow":["GET"]}}],"collection":[{"href":"https:\/\/cigarquality.com\/ja\/wp-json\/wp\/v2\/product"}],"about":[{"href":"https:\/\/cigarquality.com\/ja\/wp-json\/wp\/v2\/types\/product"}],"wp:featuredmedia":[{"embeddable":true,"href":"https:\/\/cigarquality.com\/ja\/wp-json\/wp\/v2\/media\/68600"}],"wp:attachment":[{"href":"https:\/\/cigarquality.com\/ja\/wp-json\/wp\/v2\/media?parent=68603"}],"wp:term":[{"taxonomy":"product_brand","embeddable":true,"href":"https:\/\/cigarquality.com\/ja\/wp-json\/wp\/v2\/product_brand?post=68603"},{"taxonomy":"product_cat","embeddable":true,"href":"https:\/\/cigarquality.com\/ja\/wp-json\/wp\/v2\/product_cat?post=68603"},{"taxonomy":"product_tag","embeddable":true,"href":"https:\/\/cigarquality.com\/ja\/wp-json\/wp\/v2\/product_tag?post=68603"}],"curies":[{"name":"wp","href":"https:\/\/api.w.org\/{rel}","templated":true}]}}