{"id":67888,"date":"2022-06-03T08:59:00","date_gmt":"2022-06-03T07:59:00","guid":{"rendered":"https:\/\/cigarquality.com\/boutique\/non%20class\u00e9\/eiroa-20-years-colorado-robusto-prensado-20\/"},"modified":"2025-07-25T13:41:53","modified_gmt":"2025-07-25T11:41:53","slug":"eiroa-20-years-colorado-robusto-prensado-20","status":"publish","type":"product","link":"https:\/\/cigarquality.com\/ja\/boutique\/cigares-honduriens\/eiroa\/eiroa-20-years-colorado\/eiroa-20-years-colorado-robusto-prensado-20\/","title":{"rendered":"\u30a8\u30a4\u30ed\u30a220\u5e74\u30b3\u30ed\u30e9\u30c9\u30fb\u30ed\u30d6\u30b9\u30c8\u30fb\u30d7\u30ec\u30f3\u30b5\u30c9 (20)"},"content":{"rendered":"<p><strong>L&rsquo;Eiroa 20 Years Colorado Robusto Prensado <\/strong>est un cigare hondurien box-pressed, avec une cape, une sous-cape et une tripe de tabac hondurien.<\/p>\n<p>Ce cigare vous divertira de la premi\u00e8re \u00e0 la derni\u00e8re bouff\u00e9e. Moyennement cors\u00e9, avec un spectre complet de saveurs gourmandes, attendez-vous \u00e0 des subtilit\u00e9s de chocolat noir, d&rsquo;expresso, d&rsquo;\u00e9pices, de noix, de terre et de cuir pour une exp\u00e9rience harmonieuse et complexe.<\/p>","protected":false},"excerpt":{"rendered":"<p>20\u672c\u5165\u308a\u3002.<\/p>","protected":false},"featured_media":67886,"template":"","meta":{"_acf_changed":false},"product_brand":[],"product_cat":[19809,24947,40148,40151],"product_tag":[],"class_list":{"0":"post-67888","1":"product","2":"type-product","3":"status-publish","4":"has-post-thumbnail","6":"product_cat-cigares","7":"product_cat-cigares-honduriens","8":"product_cat-eiroa","9":"product_cat-eiroa-20-years-colorado","10":"product_shipping_class-cigares","12":"first","13":"instock","14":"sale","15":"taxable","16":"shipping-taxable","17":"purchasable","18":"product-type-simple"},"acf":[],"_links":{"self":[{"href":"https:\/\/cigarquality.com\/ja\/wp-json\/wp\/v2\/product\/67888","targetHints":{"allow":["GET"]}}],"collection":[{"href":"https:\/\/cigarquality.com\/ja\/wp-json\/wp\/v2\/product"}],"about":[{"href":"https:\/\/cigarquality.com\/ja\/wp-json\/wp\/v2\/types\/product"}],"wp:featuredmedia":[{"embeddable":true,"href":"https:\/\/cigarquality.com\/ja\/wp-json\/wp\/v2\/media\/67886"}],"wp:attachment":[{"href":"https:\/\/cigarquality.com\/ja\/wp-json\/wp\/v2\/media?parent=67888"}],"wp:term":[{"taxonomy":"product_brand","embeddable":true,"href":"https:\/\/cigarquality.com\/ja\/wp-json\/wp\/v2\/product_brand?post=67888"},{"taxonomy":"product_cat","embeddable":true,"href":"https:\/\/cigarquality.com\/ja\/wp-json\/wp\/v2\/product_cat?post=67888"},{"taxonomy":"product_tag","embeddable":true,"href":"https:\/\/cigarquality.com\/ja\/wp-json\/wp\/v2\/product_tag?post=67888"}],"curies":[{"name":"wp","href":"https:\/\/api.w.org\/{rel}","templated":true}]}}