{"id":67859,"date":"2022-06-03T07:28:03","date_gmt":"2022-06-03T06:28:03","guid":{"rendered":"https:\/\/cigarquality.com\/boutique\/non%20class\u00e9\/eiroa-classic-corona-prensado-20\/"},"modified":"2025-11-27T14:08:57","modified_gmt":"2025-11-27T13:08:57","slug":"eiroa-classic-corona-prensado-20","status":"publish","type":"product","link":"https:\/\/cigarquality.com\/ja\/boutique\/cigares-honduriens\/eiroa\/eiroa-classic\/eiroa-classic-corona-prensado-20\/","title":{"rendered":"\u30a2\u30a4\u30ed\u30a2\u30fb\u30af\u30e9\u30b7\u30c3\u30af\u30fb\u30b3\u30ed\u30ca\u30fb\u30d7\u30ec\u30f3\u30b5\u30c9 (20)"},"content":{"rendered":"<p class=\"p1\"><span class=\"s1\">L&rsquo;Eiroa Classic Corona Prensado est cors\u00e9, il commence par de subtiles notes de cuir et de poivre. Il poss\u00e8de une saveur distinctive avec des sous-entendus aigus de sal\u00e9-sucr\u00e9. Le deuxi\u00e8me tiers commence \u00e0 s&rsquo;intensifier avec un caract\u00e8re plus ample. Le final persistant est juste \u00e0 point avec des nuances de cacao, de caf\u00e9 et de cr\u00e8me.<span class=\"Apple-converted-space\">\u00a0<\/span><\/span><\/p>\n<p class=\"p1\"><span class=\"s1\">\u30b9\u30e0\u30fc\u30ba\u306a\u30c9\u30e9\u30d5\u30c8\u3001\u3057\u3063\u304b\u308a\u3068\u3057\u305f\u69cb\u6210\u3001\u305d\u3057\u3066\u9a5a\u304f\u307b\u3069\u30e6\u30cb\u30fc\u30af\u306a\u5473\u308f\u3044\u3067\u3001\u30a8\u30a4\u30ed\u30a2\u306f\u305d\u306e\u4f1d\u8aac\u3092\u5b88\u308a\u7d9a\u3051\u3066\u3044\u308b\u3002.<\/span><\/p>","protected":false},"excerpt":{"rendered":"<p>20\u672c\u5165\u308a\u3002.<\/p>","protected":false},"featured_media":67857,"template":"","meta":{"_acf_changed":false},"product_brand":[],"product_cat":[19809,24947,40148,40149],"product_tag":[],"class_list":{"0":"post-67859","1":"product","2":"type-product","3":"status-publish","4":"has-post-thumbnail","6":"product_cat-cigares","7":"product_cat-cigares-honduriens","8":"product_cat-eiroa","9":"product_cat-eiroa-classic","10":"product_shipping_class-cigares","12":"first","13":"outofstock","14":"sale","15":"taxable","16":"shipping-taxable","17":"purchasable","18":"product-type-simple"},"acf":[],"_links":{"self":[{"href":"https:\/\/cigarquality.com\/ja\/wp-json\/wp\/v2\/product\/67859","targetHints":{"allow":["GET"]}}],"collection":[{"href":"https:\/\/cigarquality.com\/ja\/wp-json\/wp\/v2\/product"}],"about":[{"href":"https:\/\/cigarquality.com\/ja\/wp-json\/wp\/v2\/types\/product"}],"wp:featuredmedia":[{"embeddable":true,"href":"https:\/\/cigarquality.com\/ja\/wp-json\/wp\/v2\/media\/67857"}],"wp:attachment":[{"href":"https:\/\/cigarquality.com\/ja\/wp-json\/wp\/v2\/media?parent=67859"}],"wp:term":[{"taxonomy":"product_brand","embeddable":true,"href":"https:\/\/cigarquality.com\/ja\/wp-json\/wp\/v2\/product_brand?post=67859"},{"taxonomy":"product_cat","embeddable":true,"href":"https:\/\/cigarquality.com\/ja\/wp-json\/wp\/v2\/product_cat?post=67859"},{"taxonomy":"product_tag","embeddable":true,"href":"https:\/\/cigarquality.com\/ja\/wp-json\/wp\/v2\/product_tag?post=67859"}],"curies":[{"name":"wp","href":"https:\/\/api.w.org\/{rel}","templated":true}]}}