{"id":64358,"date":"2022-05-13T08:53:32","date_gmt":"2022-05-13T07:53:32","guid":{"rendered":"https:\/\/cigarquality.com\/boutique\/non%20class\u00e9\/romeo-y-julieta-coronitas-en-cedros-25\/"},"modified":"2025-08-06T10:16:03","modified_gmt":"2025-08-06T08:16:03","slug":"romeo-y-julieta-coronitas-en-cedros-25","status":"publish","type":"product","link":"https:\/\/cigarquality.com\/ja\/boutique\/cigares-cubains\/romeo-y-julieta-cigares-cubains\/romeo-y-julieta-coronitas-en-cedros-25\/","title":{"rendered":"Romeo Y Julieta Coronitas en Cedros (25)"},"content":{"rendered":"<p>Chaque Romeo Y Julieta Coronitas en Cedros est partiellement ins\u00e9r\u00e9 dans une feuille de c\u00e8dre. Non seulement ce proc\u00e9d\u00e9 conf\u00e8re une allure chic au cigare, mais en plus, il le prot\u00e8ge. Avec une longueur de 129 cmmm et un diam\u00e8tre de 15,87 mm pour un calibre 40, un Romeo y Julieta Coronitas en Cedros enchantera le fumeur durant 30 minutes.<\/p>\n<p>Les cigares Romeo y Julieta Coronitas en Cedros sont fabriqu\u00e9s \u00e0 Cuba par des torcedores qui proc\u00e8dent enti\u00e8rement \u00e0 la main. Seul le meilleur tabac de Cuba, celui cultiv\u00e9 dans la r\u00e9gion de la Vuelta Abajo , est utilis\u00e9 pour l\u2019\u00e9laboration de ces puros. En bouche, une vitole Romeo y Julieta Coronitas en Cedro d\u00e9ploie une force moyenne agr\u00e9ment\u00e9e d\u2019une odeur de cuir, d\u2019un go\u00fbt de caf\u00e9, de saveurs \u00e9pic\u00e9es et d\u2019une note terreuse.<\/p>\n<p>La combustilit\u00e9 est correcte. Le Romeo y Julieta Coronitas en Cedro convient aux d\u00e9butants ainsi qu\u2019aux fumeurs qui ont jet\u00e9 leur d\u00e9volu sur les cigares moyens au niveau puissance.<\/p>\n<p>Comme pour tous cigares cubains dignes de ce nom, ce Habano, adoptant un module Petit Corona, est l\u00e9g\u00e8rement r\u00e9sistant au tirage. Mais il reste malgr\u00e9 tout agr\u00e9able et confortable \u00e0 d\u00e9guster.<\/p>","protected":false},"excerpt":{"rendered":"<p>\u8449\u5dfb25\u672c\u5165\u308a\u3002.<\/p>","protected":false},"featured_media":64356,"template":"","meta":{"_acf_changed":false},"product_brand":[],"product_cat":[19809,19845,20927],"product_tag":[],"class_list":{"0":"post-64358","1":"product","2":"type-product","3":"status-publish","4":"has-post-thumbnail","6":"product_cat-cigares","7":"product_cat-cigares-cubains","8":"product_cat-romeo-y-julieta-cigares-cubains","9":"product_shipping_class-cigares","11":"first","12":"outofstock","13":"taxable","14":"shipping-taxable","15":"purchasable","16":"product-type-simple"},"acf":[],"_links":{"self":[{"href":"https:\/\/cigarquality.com\/ja\/wp-json\/wp\/v2\/product\/64358","targetHints":{"allow":["GET"]}}],"collection":[{"href":"https:\/\/cigarquality.com\/ja\/wp-json\/wp\/v2\/product"}],"about":[{"href":"https:\/\/cigarquality.com\/ja\/wp-json\/wp\/v2\/types\/product"}],"wp:featuredmedia":[{"embeddable":true,"href":"https:\/\/cigarquality.com\/ja\/wp-json\/wp\/v2\/media\/64356"}],"wp:attachment":[{"href":"https:\/\/cigarquality.com\/ja\/wp-json\/wp\/v2\/media?parent=64358"}],"wp:term":[{"taxonomy":"product_brand","embeddable":true,"href":"https:\/\/cigarquality.com\/ja\/wp-json\/wp\/v2\/product_brand?post=64358"},{"taxonomy":"product_cat","embeddable":true,"href":"https:\/\/cigarquality.com\/ja\/wp-json\/wp\/v2\/product_cat?post=64358"},{"taxonomy":"product_tag","embeddable":true,"href":"https:\/\/cigarquality.com\/ja\/wp-json\/wp\/v2\/product_tag?post=64358"}],"curies":[{"name":"wp","href":"https:\/\/api.w.org\/{rel}","templated":true}]}}