{"id":64262,"date":"2022-05-12T15:14:26","date_gmt":"2022-05-12T14:14:26","guid":{"rendered":"https:\/\/cigarquality.com\/boutique\/non%20class\u00e9\/hoyo-de-monterrey-coronations-tubos-25\/"},"modified":"2025-10-29T16:08:09","modified_gmt":"2025-10-29T15:08:09","slug":"hoyo-de-monterrey-coronations-tubos-25","status":"publish","type":"product","link":"https:\/\/cigarquality.com\/ja\/boutique\/cigares-cubains\/hoyo-de-monterrey\/hoyo-de-monterrey-linea-clasica\/hoyo-de-monterrey-coronations-tubos-25\/","title":{"rendered":"\u30aa\u30e8\u30fb\u30c7\u30fb\u30e2\u30f3\u30c6\u30ec\u30a4 \u30b3\u30ed\u30cd\u30fc\u30b7\u30e7\u30f3\u30ba \u30c8\u30a5\u30dc (25)"},"content":{"rendered":"<p>Le Hoyo de Monterrey Coronations Tubos est un cigare doux mais riche en ar\u00f4mes. Ce \u00ab\u00a0petit cubain\u00a0\u00bb parfaitement fini mesure 130 mm de long et a une circonf\u00e9rence de 16.67 mm (42).<\/p>\n<p>Une fois allum\u00e9, il d\u00e9veloppe des ar\u00f4mes typiques des Hoyo de Monterrey comme le bois, la terre et le cuir.<\/p>\n<p>La fum\u00e9e est onctueuse et douce, la combustion et le tirage sont impeccables.<\/p>\n<p>Cigare id\u00e9al pour les d\u00e9butants.<\/p>","protected":false},"excerpt":{"rendered":"<p>\u30c1\u30e5\u30fc\u30d6\u5165\u308a\u8449\u5dfb25\u672c\u5165\u308a\u3002.<\/p>","protected":false},"featured_media":64259,"template":"","meta":{"_acf_changed":false},"product_brand":[],"product_cat":[19809,19845,20969,45385],"product_tag":[],"class_list":{"0":"post-64262","1":"product","2":"type-product","3":"status-publish","4":"has-post-thumbnail","6":"product_cat-cigares","7":"product_cat-cigares-cubains","8":"product_cat-hoyo-de-monterrey","9":"product_cat-hoyo-de-monterrey-linea-clasica","10":"product_shipping_class-cigares","12":"first","13":"outofstock","14":"taxable","15":"shipping-taxable","16":"purchasable","17":"product-type-simple"},"acf":[],"_links":{"self":[{"href":"https:\/\/cigarquality.com\/ja\/wp-json\/wp\/v2\/product\/64262","targetHints":{"allow":["GET"]}}],"collection":[{"href":"https:\/\/cigarquality.com\/ja\/wp-json\/wp\/v2\/product"}],"about":[{"href":"https:\/\/cigarquality.com\/ja\/wp-json\/wp\/v2\/types\/product"}],"wp:featuredmedia":[{"embeddable":true,"href":"https:\/\/cigarquality.com\/ja\/wp-json\/wp\/v2\/media\/64259"}],"wp:attachment":[{"href":"https:\/\/cigarquality.com\/ja\/wp-json\/wp\/v2\/media?parent=64262"}],"wp:term":[{"taxonomy":"product_brand","embeddable":true,"href":"https:\/\/cigarquality.com\/ja\/wp-json\/wp\/v2\/product_brand?post=64262"},{"taxonomy":"product_cat","embeddable":true,"href":"https:\/\/cigarquality.com\/ja\/wp-json\/wp\/v2\/product_cat?post=64262"},{"taxonomy":"product_tag","embeddable":true,"href":"https:\/\/cigarquality.com\/ja\/wp-json\/wp\/v2\/product_tag?post=64262"}],"curies":[{"name":"wp","href":"https:\/\/api.w.org\/{rel}","templated":true}]}}