{"id":64185,"date":"2022-05-12T09:36:20","date_gmt":"2022-05-12T07:36:20","guid":{"rendered":"https:\/\/cigarquality.com\/boutique\/non%20class\u00e9\/montecristo-tubos-a-t-10\/"},"modified":"2025-08-06T10:12:59","modified_gmt":"2025-08-06T08:12:59","slug":"montecristo-tubos-a-t-10","status":"publish","type":"product","link":"https:\/\/cigarquality.com\/ja\/boutique\/cigares-cubains\/montecristo\/montecristo-linea-clasica\/montecristo-tubos-a-t-10\/","title":{"rendered":"\u30e2\u30f3\u30c6\u30af\u30ea\u30b9\u30c8\u30fb\u30c1\u30e5\u30fc\u30dc (10)"},"content":{"rendered":"<p>Un coffret de c\u00e8dre accrocheur contenant 10 Cigares Montecristo Tubos. Montecristo est l\u2019une des marques les plus populaires \u00e0 sortir de Habanos, la r\u00e9f\u00e9rence de Cigare cubain l\u2019excellence. Le cigare Montecristo Tubos est riche en saveur, plein de notes de c\u00e8dre et de cuir. Un concentr\u00e9 de saveurs qui d\u00e9livre une fum\u00e9e forte et complexe pour un peu plus de minutes 90.<\/p>\n<p>Cach\u00e9 singuli\u00e8rement dans ce bel emballage de marque, ce serait la bo\u00eete id\u00e9ale \u00e0 apporter lors des mariages et des anniversaires, pour le plus grand plaisir des invit\u00e9s et des \u00eatres chers. Ce cigare aux dimensions fantastiques partage sa vitole avec le\u00a0Cigare Cohiba Siglo III, un coronas grandes connu pour ses saveurs douces et cr\u00e9meuses.<\/p>","protected":false},"excerpt":{"rendered":"<p>\u30c1\u30e5\u30fc\u30d6\u5165\u308a\u8449\u5dfb10\u672c\u5165\u308a\u3002.<\/p>","protected":false},"featured_media":64182,"template":"","meta":{"_acf_changed":false},"product_brand":[],"product_cat":[19809,19845,20617,20635],"product_tag":[],"class_list":{"0":"post-64185","1":"product","2":"type-product","3":"status-publish","4":"has-post-thumbnail","6":"product_cat-cigares","7":"product_cat-cigares-cubains","8":"product_cat-montecristo","9":"product_cat-montecristo-linea-clasica","10":"product_shipping_class-cigares","12":"first","13":"outofstock","14":"taxable","15":"shipping-taxable","16":"purchasable","17":"product-type-simple"},"acf":[],"_links":{"self":[{"href":"https:\/\/cigarquality.com\/ja\/wp-json\/wp\/v2\/product\/64185","targetHints":{"allow":["GET"]}}],"collection":[{"href":"https:\/\/cigarquality.com\/ja\/wp-json\/wp\/v2\/product"}],"about":[{"href":"https:\/\/cigarquality.com\/ja\/wp-json\/wp\/v2\/types\/product"}],"wp:featuredmedia":[{"embeddable":true,"href":"https:\/\/cigarquality.com\/ja\/wp-json\/wp\/v2\/media\/64182"}],"wp:attachment":[{"href":"https:\/\/cigarquality.com\/ja\/wp-json\/wp\/v2\/media?parent=64185"}],"wp:term":[{"taxonomy":"product_brand","embeddable":true,"href":"https:\/\/cigarquality.com\/ja\/wp-json\/wp\/v2\/product_brand?post=64185"},{"taxonomy":"product_cat","embeddable":true,"href":"https:\/\/cigarquality.com\/ja\/wp-json\/wp\/v2\/product_cat?post=64185"},{"taxonomy":"product_tag","embeddable":true,"href":"https:\/\/cigarquality.com\/ja\/wp-json\/wp\/v2\/product_tag?post=64185"}],"curies":[{"name":"wp","href":"https:\/\/api.w.org\/{rel}","templated":true}]}}