{"id":63951,"date":"2022-05-10T16:24:26","date_gmt":"2022-05-10T14:24:26","guid":{"rendered":"https:\/\/cigarquality.com\/boutique\/non%20class\u00e9\/davidoff-cendrier-discovery-le-noir-et-or-1-cigare\/"},"modified":"2025-07-25T14:02:54","modified_gmt":"2025-07-25T12:02:54","slug":"davidoff-cendrier-discovery-le-noir-et-or-1-cigare","status":"publish","type":"product","link":"https:\/\/cigarquality.com\/ja\/boutique\/accessoires-cigares\/cendriers\/davidoff-cendriers\/davidoff-cendrier-discovery-le-noir-et-or-1-cigare\/","title":{"rendered":"\u7070\u76bf \u30c0\u30d3\u30c9\u30d5 \u30c7\u30a3\u30b9\u30ab\u30d0\u30ea\u30fcL.E. \u30d6\u30e9\u30c3\u30af\uff06\u30b4\u30fc\u30eb\u30c9 1\u672c"},"content":{"rendered":"<p>Le design et l&rsquo;\u00e9quipement des cendriers coulissants Davidoff avec porte-cigares permettent aux explorateurs de savourer leurs cigares pr\u00e9f\u00e9r\u00e9s quand et o\u00f9 ils le souhaitent.<\/p>\n<p>Un mat\u00e9riau robuste et un tiroir \u00e0 cendres verrouillable garantissent une fonctionnalit\u00e9 et une pratique \u00e9lev\u00e9es, en particulier \u00e0 l&rsquo;ext\u00e9rieur. En m\u00eame temps, la forme \u00e9l\u00e9gante inspir\u00e9e de la nature et le support \u00e0 cigares intelligent permettent une belle pr\u00e9sentation des cigares pos\u00e9s dessus.<\/p>\n<p>Le cendrier r\u00e9pond ainsi aux exigences \u00e9lev\u00e9es de Davidoff en mati\u00e8re de design et satisfait en m\u00eame temps le besoin de l&rsquo;explorateur de s&rsquo;aventurer \u00e0 l&rsquo;ext\u00e9rieur et de d\u00e9couvrir de nouveaux horizons.<\/p>","protected":false},"excerpt":{"rendered":"<p>\u8449\u5dfb1\u672c\u7528\u306e\u7070\u76bf\u3002.<\/p>","protected":false},"featured_media":63947,"template":"","meta":{"_acf_changed":false},"product_brand":[],"product_cat":[21754,24348,39874],"product_tag":[],"class_list":{"0":"post-63951","1":"product","2":"type-product","3":"status-publish","4":"has-post-thumbnail","6":"product_cat-accessoires-cigares","7":"product_cat-cendriers","8":"product_cat-davidoff-cendriers","9":"product_shipping_class-divers","11":"first","12":"outofstock","13":"taxable","14":"shipping-taxable","15":"purchasable","16":"product-type-simple"},"acf":[],"_links":{"self":[{"href":"https:\/\/cigarquality.com\/ja\/wp-json\/wp\/v2\/product\/63951","targetHints":{"allow":["GET"]}}],"collection":[{"href":"https:\/\/cigarquality.com\/ja\/wp-json\/wp\/v2\/product"}],"about":[{"href":"https:\/\/cigarquality.com\/ja\/wp-json\/wp\/v2\/types\/product"}],"wp:featuredmedia":[{"embeddable":true,"href":"https:\/\/cigarquality.com\/ja\/wp-json\/wp\/v2\/media\/63947"}],"wp:attachment":[{"href":"https:\/\/cigarquality.com\/ja\/wp-json\/wp\/v2\/media?parent=63951"}],"wp:term":[{"taxonomy":"product_brand","embeddable":true,"href":"https:\/\/cigarquality.com\/ja\/wp-json\/wp\/v2\/product_brand?post=63951"},{"taxonomy":"product_cat","embeddable":true,"href":"https:\/\/cigarquality.com\/ja\/wp-json\/wp\/v2\/product_cat?post=63951"},{"taxonomy":"product_tag","embeddable":true,"href":"https:\/\/cigarquality.com\/ja\/wp-json\/wp\/v2\/product_tag?post=63951"}],"curies":[{"name":"wp","href":"https:\/\/api.w.org\/{rel}","templated":true}]}}