{"id":63673,"date":"2022-05-09T13:30:16","date_gmt":"2022-05-09T12:30:16","guid":{"rendered":"https:\/\/cigarquality.com\/?post_type=product&#038;p=63673"},"modified":"2025-09-11T12:06:23","modified_gmt":"2025-09-11T10:06:23","slug":"la-galera-imperial-jade-piramide-20","status":"publish","type":"product","link":"https:\/\/cigarquality.com\/ja\/boutique\/cigares-dominicains\/la-galera\/la-galera-imperial-jade\/la-galera-imperial-jade-piramide-20\/","title":{"rendered":"La Galera Imperial Jade Piramide (20)"},"content":{"rendered":"<p>Le cigare La Galera Imperial Jade Piramide est le sixi\u00e8me lancement de la marque La Galera, tr\u00e8s recherch\u00e9e.<\/p>\n<p>C&rsquo;est \u00e9galement la premi\u00e8re fois que l&rsquo;impresario Jochy Blanco fabrique un cigare La Galera avec une cape camerounaise.<\/p>\n<p>La cape camerounaise, d&rsquo;un brun chaud et soyeux, recouvre une sous-cape Criollo et une tripe compos\u00e9e de feuilles Criollo 98 et R\u00e9publique Dominicaine Piloto Cubano.<\/p>\n<p>Une fois roul\u00e9, ce cigare de force moyenne offre une d\u00e9licieuse exp\u00e9rience de fum\u00e9e cors\u00e9e avec un profil cr\u00e9meux et \u00e9pic\u00e9.<\/p>\n<p>Le La Galera Imperial Jade est fabriqu\u00e9 \u00e0 la main en R\u00e9publique dominicaine, dans l&rsquo;usine Tabacalera Palma de Blanco.<\/p>\n<p>&nbsp;<\/p>","protected":false},"excerpt":{"rendered":"<p>20\u672c\u5165\u308a\u3002.<\/p>","protected":false},"featured_media":63671,"template":"","meta":{"_acf_changed":false},"product_brand":[],"product_cat":[19809,19812,39959,40077],"product_tag":[],"class_list":{"0":"post-63673","1":"product","2":"type-product","3":"status-publish","4":"has-post-thumbnail","6":"product_cat-cigares","7":"product_cat-cigares-dominicains","8":"product_cat-la-galera","9":"product_cat-la-galera-imperial-jade","10":"product_shipping_class-cigares","12":"first","13":"instock","14":"sale","15":"taxable","16":"shipping-taxable","17":"purchasable","18":"product-type-simple"},"acf":[],"_links":{"self":[{"href":"https:\/\/cigarquality.com\/ja\/wp-json\/wp\/v2\/product\/63673","targetHints":{"allow":["GET"]}}],"collection":[{"href":"https:\/\/cigarquality.com\/ja\/wp-json\/wp\/v2\/product"}],"about":[{"href":"https:\/\/cigarquality.com\/ja\/wp-json\/wp\/v2\/types\/product"}],"wp:featuredmedia":[{"embeddable":true,"href":"https:\/\/cigarquality.com\/ja\/wp-json\/wp\/v2\/media\/63671"}],"wp:attachment":[{"href":"https:\/\/cigarquality.com\/ja\/wp-json\/wp\/v2\/media?parent=63673"}],"wp:term":[{"taxonomy":"product_brand","embeddable":true,"href":"https:\/\/cigarquality.com\/ja\/wp-json\/wp\/v2\/product_brand?post=63673"},{"taxonomy":"product_cat","embeddable":true,"href":"https:\/\/cigarquality.com\/ja\/wp-json\/wp\/v2\/product_cat?post=63673"},{"taxonomy":"product_tag","embeddable":true,"href":"https:\/\/cigarquality.com\/ja\/wp-json\/wp\/v2\/product_tag?post=63673"}],"curies":[{"name":"wp","href":"https:\/\/api.w.org\/{rel}","templated":true}]}}