{"id":63161,"date":"2022-05-05T11:21:56","date_gmt":"2022-05-05T09:21:56","guid":{"rendered":"https:\/\/cigarquality.com\/boutique\/non%20class\u00e9\/el-sueno-grand-reserva-560-5\/"},"modified":"2025-12-15T17:09:02","modified_gmt":"2025-12-15T16:09:02","slug":"el-sueno-grand-reserva-560-5","status":"publish","type":"product","link":"https:\/\/cigarquality.com\/ja\/boutique\/cigares-dominicains\/el-sueno\/el-sueno-grand-reserva\/el-sueno-grand-reserva-560-5\/","title":{"rendered":"\u30a8\u30eb\u30fb\u30b9\u30a8\u30fc\u30cb\u30e7\u30fb\u30b0\u30e9\u30f3\u30fb\u30ec\u30bc\u30eb\u30d0 5.60 (5)"},"content":{"rendered":"<p>Le El Sue\u00f1o Grand Reserva 5,60 est un module de 5 pouces pour un cepo de 60. Ce module trappu arbore une cape colorado lisse et grasse venant de Saint-Domingue. Sa fum\u00e9e g\u00e9n\u00e9reuse et son d\u00e9marrage facile permettent aux amateurs d\u2019entrer en douceur dans une d\u00e9gustation o\u00f9 les ar\u00f4mes s\u2019immiscent subtilement et finissent par charmer l\u2019amateur.<\/p>\n<p>&nbsp;<\/p>","protected":false},"excerpt":{"rendered":"<p>\u8449\u5dfb5\u672c\u5165\u308a\u3002.<\/p>","protected":false},"featured_media":63160,"template":"","meta":{"_acf_changed":false},"product_brand":[],"product_cat":[19809,19812,39808,39817],"product_tag":[],"class_list":{"0":"post-63161","1":"product","2":"type-product","3":"status-publish","4":"has-post-thumbnail","6":"product_cat-cigares","7":"product_cat-cigares-dominicains","8":"product_cat-el-sueno","9":"product_cat-el-sueno-grand-reserva","10":"product_shipping_class-cigares","12":"first","13":"instock","14":"taxable","15":"shipping-taxable","16":"purchasable","17":"product-type-simple"},"acf":[],"_links":{"self":[{"href":"https:\/\/cigarquality.com\/ja\/wp-json\/wp\/v2\/product\/63161","targetHints":{"allow":["GET"]}}],"collection":[{"href":"https:\/\/cigarquality.com\/ja\/wp-json\/wp\/v2\/product"}],"about":[{"href":"https:\/\/cigarquality.com\/ja\/wp-json\/wp\/v2\/types\/product"}],"wp:featuredmedia":[{"embeddable":true,"href":"https:\/\/cigarquality.com\/ja\/wp-json\/wp\/v2\/media\/63160"}],"wp:attachment":[{"href":"https:\/\/cigarquality.com\/ja\/wp-json\/wp\/v2\/media?parent=63161"}],"wp:term":[{"taxonomy":"product_brand","embeddable":true,"href":"https:\/\/cigarquality.com\/ja\/wp-json\/wp\/v2\/product_brand?post=63161"},{"taxonomy":"product_cat","embeddable":true,"href":"https:\/\/cigarquality.com\/ja\/wp-json\/wp\/v2\/product_cat?post=63161"},{"taxonomy":"product_tag","embeddable":true,"href":"https:\/\/cigarquality.com\/ja\/wp-json\/wp\/v2\/product_tag?post=63161"}],"curies":[{"name":"wp","href":"https:\/\/api.w.org\/{rel}","templated":true}]}}