{"id":62997,"date":"2022-05-03T12:26:13","date_gmt":"2022-05-03T11:26:13","guid":{"rendered":"https:\/\/cigarquality.com\/?post_type=product&#038;p=62997"},"modified":"2025-07-25T13:35:43","modified_gmt":"2025-07-25T11:35:43","slug":"xikar-xo-double-guillotine-orange","status":"publish","type":"product","link":"https:\/\/cigarquality.com\/ja\/boutique\/accessoires-cigares\/coupe-cigares\/xikar-coupe-cigares\/xikar-xo-double-guillotine\/xikar-xo-double-guillotine-orange\/","title":{"rendered":"Xikar XO\u2122 \u30c0\u30d6\u30eb\u30ae\u30ed\u30c1\u30f3\u30ab\u30c3\u30bf\u30fc \u30aa\u30ec\u30f3\u30b8"},"content":{"rendered":"<p>Le coupe cigare <strong>Xikar XO\u2122 Double Guillotine Orange<\/strong> a un corps en aluminium. Le m\u00e9canisme \u00e0 ressort facilite l&rsquo;ouverture des lames en appuyant sur un bouton. Le diam\u00e8tre maximum pour couper votre cigare est une bague de 64 (diam\u00e8tre de 25.19 mm).<\/p>\n<ul>\n<li>Fraise \u00e0 double guillotine<\/li>\n<li>Corps en aluminium<\/li>\n<li>Lames en acier inoxydable<\/li>\n<li>Syst\u00e8me de coupe \u00e0 engrenages plan\u00e9taires avec cinq engrenages internes<\/li>\n<li>Bouton de d\u00e9verrouillage des lames \u00e0 ressort<\/li>\n<li>2,38&Prime; de diam\u00e8tre (6.04 cm)<\/li>\n<li>64 Ring (coupe le bouchon des cigares 70 Ring, diam\u00e8tre 27.55 mm)<\/li>\n<\/ul>","protected":false},"excerpt":{"rendered":"<p>\u4e21\u5203\u30b7\u30ac\u30fc\u30ab\u30c3\u30bf\u30fc\u3002.<\/p>","protected":false},"featured_media":62995,"template":"","meta":{"_acf_changed":false},"product_brand":[],"product_cat":[21754,21757,40029,40030],"product_tag":[],"class_list":{"0":"post-62997","1":"product","2":"type-product","3":"status-publish","4":"has-post-thumbnail","6":"product_cat-accessoires-cigares","7":"product_cat-coupe-cigares","8":"product_cat-xikar-coupe-cigares","9":"product_cat-xikar-xo-double-guillotine","10":"product_shipping_class-divers","12":"first","13":"instock","14":"taxable","15":"shipping-taxable","16":"purchasable","17":"product-type-simple"},"acf":[],"_links":{"self":[{"href":"https:\/\/cigarquality.com\/ja\/wp-json\/wp\/v2\/product\/62997","targetHints":{"allow":["GET"]}}],"collection":[{"href":"https:\/\/cigarquality.com\/ja\/wp-json\/wp\/v2\/product"}],"about":[{"href":"https:\/\/cigarquality.com\/ja\/wp-json\/wp\/v2\/types\/product"}],"wp:featuredmedia":[{"embeddable":true,"href":"https:\/\/cigarquality.com\/ja\/wp-json\/wp\/v2\/media\/62995"}],"wp:attachment":[{"href":"https:\/\/cigarquality.com\/ja\/wp-json\/wp\/v2\/media?parent=62997"}],"wp:term":[{"taxonomy":"product_brand","embeddable":true,"href":"https:\/\/cigarquality.com\/ja\/wp-json\/wp\/v2\/product_brand?post=62997"},{"taxonomy":"product_cat","embeddable":true,"href":"https:\/\/cigarquality.com\/ja\/wp-json\/wp\/v2\/product_cat?post=62997"},{"taxonomy":"product_tag","embeddable":true,"href":"https:\/\/cigarquality.com\/ja\/wp-json\/wp\/v2\/product_tag?post=62997"}],"curies":[{"name":"wp","href":"https:\/\/api.w.org\/{rel}","templated":true}]}}