{"id":62984,"date":"2022-05-03T13:25:53","date_gmt":"2022-05-03T11:25:53","guid":{"rendered":"https:\/\/cigarquality.com\/?post_type=product&#038;p=62984"},"modified":"2025-07-25T13:31:41","modified_gmt":"2025-07-25T11:31:41","slug":"zino-etui-a-cigares-cuir-noir-xl-2","status":"publish","type":"product","link":"https:\/\/cigarquality.com\/ja\/boutique\/accessoires-cigares\/etuis-a-cigares\/davidoff-etuis-a-cigares\/zino-etui-a-cigares-cuir-noir-xl-2\/","title":{"rendered":"\u30b8\u30fc\u30ce 2\u30b7\u30ac\u30fc\u30b1\u30fc\u30b9 \u30d6\u30e9\u30c3\u30af\u30ec\u30b6\u30fc XL-2"},"content":{"rendered":"<p>L&rsquo;\u00e9tui Zino \u00e0 cigares Cuir Noir XL-2, assorti \u00e0 la couleur de la cave, est en peau de vache et reprend les accents de couleur dans la doublure. Deux cigares jusqu&rsquo;\u00e0 une taille de bague de 54 restent humides jusqu&rsquo;\u00e0 15 jours. L&rsquo;\u00e9tui peut \u00eatre allong\u00e9 selon le format du cigare. Sa forme l\u00e9g\u00e8rement arrondie assure un confort parfait. Les \u00e9tuis faits \u00e0 la main sont disponibles en deux tailles: XL-2 (adapt\u00e9 aux cigares jusqu&rsquo;au format Toro) et R-2 (adapt\u00e9 aux cigares jusqu&rsquo;au format Robusto).<\/p>","protected":false},"excerpt":{"rendered":"<p>\u8449\u5dfb2\u672c\u7528\u30b1\u30fc\u30b9\u3002.<\/p>","protected":false},"featured_media":62981,"template":"","meta":{"_acf_changed":false},"product_brand":[],"product_cat":[21754,35469,22735],"product_tag":[],"class_list":{"0":"post-62984","1":"product","2":"type-product","3":"status-publish","4":"has-post-thumbnail","6":"product_cat-accessoires-cigares","7":"product_cat-davidoff-etuis-a-cigares","8":"product_cat-etuis-a-cigares","9":"product_shipping_class-divers","11":"first","12":"instock","13":"taxable","14":"shipping-taxable","15":"purchasable","16":"product-type-simple"},"acf":[],"_links":{"self":[{"href":"https:\/\/cigarquality.com\/ja\/wp-json\/wp\/v2\/product\/62984","targetHints":{"allow":["GET"]}}],"collection":[{"href":"https:\/\/cigarquality.com\/ja\/wp-json\/wp\/v2\/product"}],"about":[{"href":"https:\/\/cigarquality.com\/ja\/wp-json\/wp\/v2\/types\/product"}],"wp:featuredmedia":[{"embeddable":true,"href":"https:\/\/cigarquality.com\/ja\/wp-json\/wp\/v2\/media\/62981"}],"wp:attachment":[{"href":"https:\/\/cigarquality.com\/ja\/wp-json\/wp\/v2\/media?parent=62984"}],"wp:term":[{"taxonomy":"product_brand","embeddable":true,"href":"https:\/\/cigarquality.com\/ja\/wp-json\/wp\/v2\/product_brand?post=62984"},{"taxonomy":"product_cat","embeddable":true,"href":"https:\/\/cigarquality.com\/ja\/wp-json\/wp\/v2\/product_cat?post=62984"},{"taxonomy":"product_tag","embeddable":true,"href":"https:\/\/cigarquality.com\/ja\/wp-json\/wp\/v2\/product_tag?post=62984"}],"curies":[{"name":"wp","href":"https:\/\/api.w.org\/{rel}","templated":true}]}}