{"id":62905,"date":"2022-05-03T12:22:07","date_gmt":"2022-05-03T11:22:07","guid":{"rendered":"https:\/\/cigarquality.com\/?post_type=product&#038;p=62905"},"modified":"2025-07-25T13:57:58","modified_gmt":"2025-07-25T11:57:58","slug":"zino-coupe-cigares-double-lame-noir-plastique","status":"publish","type":"product","link":"https:\/\/cigarquality.com\/ja\/boutique\/accessoires-cigares\/coupe-cigares\/zino-coupe-cigares\/zino-coupe-cigares-double-lame-noir-plastique\/","title":{"rendered":"\u30b8\u30fc\u30ce \u30c0\u30d6\u30eb\u30d6\u30ec\u30fc\u30c9 \u30b7\u30ac\u30fc\u30ab\u30c3\u30bf\u30fc \u30d6\u30e9\u30c3\u30af\u30d7\u30e9\u30b9\u30c1\u30c3\u30af"},"content":{"rendered":"<p><strong>Le Zino<\/strong>\u00a0est un coupe-cigares en plastique avec une bague de 60 ou 24 mm de diam\u00e8tre. Ces lames sont en acier inoxydable pour une coupe nette et pr\u00e9cise. Les doubles lames (guillotine double) viennent de chaque c\u00f4t\u00e9 du cigare et tranchent \u00e0 travers le cigare sans l&rsquo;\u00e9craser. Fabriqu\u00e9 \u00e0 Solingen, la ville allemande c\u00e9l\u00e8bre pour son acier inoxydable.<\/p>","protected":false},"excerpt":{"rendered":"<p>\u4e21\u5203\u30b7\u30ac\u30fc\u30ab\u30c3\u30bf\u30fc\u3002.<\/p>","protected":false},"featured_media":62903,"template":"","meta":{"_acf_changed":false},"product_brand":[],"product_cat":[21754,21757,40034],"product_tag":[],"class_list":{"0":"post-62905","1":"product","2":"type-product","3":"status-publish","4":"has-post-thumbnail","6":"product_cat-accessoires-cigares","7":"product_cat-coupe-cigares","8":"product_cat-zino-coupe-cigares","9":"product_shipping_class-divers","11":"first","12":"outofstock","13":"taxable","14":"shipping-taxable","15":"purchasable","16":"product-type-simple"},"acf":[],"_links":{"self":[{"href":"https:\/\/cigarquality.com\/ja\/wp-json\/wp\/v2\/product\/62905","targetHints":{"allow":["GET"]}}],"collection":[{"href":"https:\/\/cigarquality.com\/ja\/wp-json\/wp\/v2\/product"}],"about":[{"href":"https:\/\/cigarquality.com\/ja\/wp-json\/wp\/v2\/types\/product"}],"wp:featuredmedia":[{"embeddable":true,"href":"https:\/\/cigarquality.com\/ja\/wp-json\/wp\/v2\/media\/62903"}],"wp:attachment":[{"href":"https:\/\/cigarquality.com\/ja\/wp-json\/wp\/v2\/media?parent=62905"}],"wp:term":[{"taxonomy":"product_brand","embeddable":true,"href":"https:\/\/cigarquality.com\/ja\/wp-json\/wp\/v2\/product_brand?post=62905"},{"taxonomy":"product_cat","embeddable":true,"href":"https:\/\/cigarquality.com\/ja\/wp-json\/wp\/v2\/product_cat?post=62905"},{"taxonomy":"product_tag","embeddable":true,"href":"https:\/\/cigarquality.com\/ja\/wp-json\/wp\/v2\/product_tag?post=62905"}],"curies":[{"name":"wp","href":"https:\/\/api.w.org\/{rel}","templated":true}]}}