{"id":62806,"date":"2022-05-03T12:19:10","date_gmt":"2022-05-03T11:19:10","guid":{"rendered":"https:\/\/cigarquality.com\/?post_type=product&#038;p=62806"},"modified":"2025-07-25T13:36:53","modified_gmt":"2025-07-25T11:36:53","slug":"torin-double-punch-noir","status":"publish","type":"product","link":"https:\/\/cigarquality.com\/ja\/boutique\/accessoires-cigares\/coupe-cigares\/torin\/torin-double-punch-noir\/","title":{"rendered":"Coupe-cigare Torin Double Punch Noir"},"content":{"rendered":"<p>\u30eb <strong>Torin Double Punch Noir<\/strong> est le r\u00e9sultat d&rsquo;innombrables tentatives pour produire une perforatrice qui perce proprement le cigare sans endommager la cape.\u00a0Les lames sont en acier inoxydable durci 60-64 Rockwell et la technique de meulage sp\u00e9ciale cr\u00e9e une fosse qui perce le cigare avec une facilit\u00e9 que vous n&rsquo;avez jamais connue auparavant. Le corps en aluminium l\u00e9ger et les lames de 10 mm et 12 mm de diam\u00e8tre font du <strong>Torin Double Punch Noir<\/strong> le compagnon id\u00e9al des amateurs de cigares.<\/p>\n<p>100% fabriqu\u00e9 en Suisse.<\/p>","protected":false},"excerpt":{"rendered":"<p>Coupe cigare punch.<\/p>","protected":false},"featured_media":62803,"template":"","meta":{"_acf_changed":false},"product_brand":[],"product_cat":[21754,21757,40020],"product_tag":[],"class_list":{"0":"post-62806","1":"product","2":"type-product","3":"status-publish","4":"has-post-thumbnail","6":"product_cat-accessoires-cigares","7":"product_cat-coupe-cigares","8":"product_cat-torin","9":"product_shipping_class-divers","11":"first","12":"outofstock","13":"taxable","14":"shipping-taxable","15":"purchasable","16":"product-type-simple"},"acf":[],"_links":{"self":[{"href":"https:\/\/cigarquality.com\/ja\/wp-json\/wp\/v2\/product\/62806","targetHints":{"allow":["GET"]}}],"collection":[{"href":"https:\/\/cigarquality.com\/ja\/wp-json\/wp\/v2\/product"}],"about":[{"href":"https:\/\/cigarquality.com\/ja\/wp-json\/wp\/v2\/types\/product"}],"wp:featuredmedia":[{"embeddable":true,"href":"https:\/\/cigarquality.com\/ja\/wp-json\/wp\/v2\/media\/62803"}],"wp:attachment":[{"href":"https:\/\/cigarquality.com\/ja\/wp-json\/wp\/v2\/media?parent=62806"}],"wp:term":[{"taxonomy":"product_brand","embeddable":true,"href":"https:\/\/cigarquality.com\/ja\/wp-json\/wp\/v2\/product_brand?post=62806"},{"taxonomy":"product_cat","embeddable":true,"href":"https:\/\/cigarquality.com\/ja\/wp-json\/wp\/v2\/product_cat?post=62806"},{"taxonomy":"product_tag","embeddable":true,"href":"https:\/\/cigarquality.com\/ja\/wp-json\/wp\/v2\/product_tag?post=62806"}],"curies":[{"name":"wp","href":"https:\/\/api.w.org\/{rel}","templated":true}]}}