{"id":62802,"date":"2022-05-03T12:19:07","date_gmt":"2022-05-03T11:19:07","guid":{"rendered":"https:\/\/cigarquality.com\/?post_type=product&#038;p=62802"},"modified":"2025-12-01T10:09:35","modified_gmt":"2025-12-01T09:09:35","slug":"torin-double-punch-alu","status":"publish","type":"product","link":"https:\/\/cigarquality.com\/ja\/boutique\/accessoires-cigares\/coupe-cigares\/torin\/torin-double-punch-alu\/","title":{"rendered":"\u30c8\u30fc\u30ea\u30f3\u30c0\u30d6\u30eb\u30d1\u30f3\u30c1\u30a2\u30eb\u30df\u30b7\u30ac\u30fc\u30ab\u30c3\u30bf\u30fc"},"content":{"rendered":"<p>\u30eb <strong>Torin Double Punch Alu<\/strong> est le r\u00e9sultat d&rsquo;innombrables tentatives pour produire une perforatrice qui perce proprement le cigare sans endommager la cape.<\/p>\n<p>Les lames sont en acier inoxydable durci 60-64 Rockwell et la technique de meulage sp\u00e9ciale cr\u00e9e une fosse qui perce le cigare avec une facilit\u00e9 que vous n&rsquo;avez jamais connue auparavant. Le corps en aluminium l\u00e9ger et les lames de 10 mm et 12 mm de diam\u00e8tre font du <strong>Torin Double Punch Alu<\/strong> \u8449\u5dfb\u611b\u597d\u5bb6\u306e\u7406\u60f3\u7684\u306a\u30d1\u30fc\u30c8\u30ca\u30fc\u3002.<\/p>\n<p>100% \u30b9\u30a4\u30b9\u88fd.<\/p>","protected":false},"excerpt":{"rendered":"<p>\u30b7\u30ac\u30fc\u30fb\u30d1\u30f3\u30c1\u30fb\u30ab\u30c3\u30d7\u3002.<\/p>","protected":false},"featured_media":62799,"template":"","meta":{"_acf_changed":false},"product_brand":[],"product_cat":[21754,21757,40020],"product_tag":[],"class_list":{"0":"post-62802","1":"product","2":"type-product","3":"status-publish","4":"has-post-thumbnail","6":"product_cat-accessoires-cigares","7":"product_cat-coupe-cigares","8":"product_cat-torin","9":"product_shipping_class-divers","11":"first","12":"instock","13":"taxable","14":"shipping-taxable","15":"purchasable","16":"product-type-simple"},"acf":[],"_links":{"self":[{"href":"https:\/\/cigarquality.com\/ja\/wp-json\/wp\/v2\/product\/62802","targetHints":{"allow":["GET"]}}],"collection":[{"href":"https:\/\/cigarquality.com\/ja\/wp-json\/wp\/v2\/product"}],"about":[{"href":"https:\/\/cigarquality.com\/ja\/wp-json\/wp\/v2\/types\/product"}],"wp:featuredmedia":[{"embeddable":true,"href":"https:\/\/cigarquality.com\/ja\/wp-json\/wp\/v2\/media\/62799"}],"wp:attachment":[{"href":"https:\/\/cigarquality.com\/ja\/wp-json\/wp\/v2\/media?parent=62802"}],"wp:term":[{"taxonomy":"product_brand","embeddable":true,"href":"https:\/\/cigarquality.com\/ja\/wp-json\/wp\/v2\/product_brand?post=62802"},{"taxonomy":"product_cat","embeddable":true,"href":"https:\/\/cigarquality.com\/ja\/wp-json\/wp\/v2\/product_cat?post=62802"},{"taxonomy":"product_tag","embeddable":true,"href":"https:\/\/cigarquality.com\/ja\/wp-json\/wp\/v2\/product_tag?post=62802"}],"curies":[{"name":"wp","href":"https:\/\/api.w.org\/{rel}","templated":true}]}}