{"id":62756,"date":"2022-05-03T13:18:21","date_gmt":"2022-05-03T11:18:21","guid":{"rendered":"https:\/\/cigarquality.com\/?post_type=product&#038;p=62756"},"modified":"2025-09-10T10:15:51","modified_gmt":"2025-09-10T08:15:51","slug":"seven-seals-the-age-of-aquarius","status":"publish","type":"product","link":"https:\/\/cigarquality.com\/ja\/boutique\/alcools\/whisky\/seven-seals\/seven-seals-the-age-of-aquarius\/","title":{"rendered":"\u30a6\u30a4\u30b9\u30ad\u30fc\u30fb\u30b7\u30f3\u30b0\u30eb\u30e2\u30eb\u30c8\u30fb\u30bb\u30d6\u30f3\u304c\u6c34\u74f6\u5ea7\u306e\u6642\u4ee3\u3092\u5c01\u5370\u3059\u308b"},"content":{"rendered":"<p>Tout comme le zodiaque en astrologie il y a des diff\u00e9rentes variations du caract\u00e8re chez l\u2019humain, chaque signe du zodiaque se voit attribuer certaines caract\u00e9ristiques, forces et faiblesses. Il en va de m\u00eame pour notre Seven Seals The Age of Aquarius de notre lign\u00e9e du Zodiaque. Ce whisky single malt est dans le signe du zodiaque Verseau. Il est excentrique, progressiste, tourn\u00e9 vers l&rsquo;avenir, sociable et exprime son individualit\u00e9.<\/p>\n<p>C&rsquo;est pourquoi il est \u00e9quilibr\u00e9 d\u00e8s le d\u00e9part. C&rsquo;est un doux g\u00e9ant dont l&rsquo;ar\u00f4me volumineux et fum\u00e9 est habilement envelopp\u00e9 de velours. Des ar\u00f4mes de pain d&rsquo;\u00e9pices, de chocolat noir, de fines \u00e9pices accompagnes des ar\u00f4mes de torr\u00e9faction du feu de camp. Une tr\u00e8s longue finale couronne le plaisir.<\/p>\n<p><strong>La ligne Zodiaque est r\u00e9guli\u00e8rement produite en diff\u00e9rents lots de 365 bouteilles.<\/strong><\/p>\n<p><strong>\u9f3b\uff0e<\/strong> Pain d&rsquo;\u00e9pices, chocolat noir, feu de camp.<br \/>\n<strong>\u30d1\u30ec \uff1a<\/strong> Pain d&rsquo;\u00e9pices tr\u00e8s \u00e9quilibr\u00e9, chocolat et un ar\u00f4me de fum\u00e9e volumineux et tr\u00e8s doux.<br \/>\n<strong>\u6c7a\u52dd\uff1a<\/strong> Longue finale lisse de fum\u00e9e fine.<\/p>","protected":false},"excerpt":{"rendered":"<p>50cl\u30dc\u30c8\u30eb\u3002.<\/p>","protected":false},"featured_media":62754,"template":"","meta":{"_acf_changed":false},"product_brand":[],"product_cat":[21852,40010,21855],"product_tag":[],"class_list":{"0":"post-62756","1":"product","2":"type-product","3":"status-publish","4":"has-post-thumbnail","6":"product_cat-alcools","7":"product_cat-seven-seals","8":"product_cat-whisky","9":"product_shipping_class-alcool","11":"first","12":"instock","13":"taxable","14":"shipping-taxable","15":"purchasable","16":"product-type-simple"},"acf":[],"_links":{"self":[{"href":"https:\/\/cigarquality.com\/ja\/wp-json\/wp\/v2\/product\/62756","targetHints":{"allow":["GET"]}}],"collection":[{"href":"https:\/\/cigarquality.com\/ja\/wp-json\/wp\/v2\/product"}],"about":[{"href":"https:\/\/cigarquality.com\/ja\/wp-json\/wp\/v2\/types\/product"}],"wp:featuredmedia":[{"embeddable":true,"href":"https:\/\/cigarquality.com\/ja\/wp-json\/wp\/v2\/media\/62754"}],"wp:attachment":[{"href":"https:\/\/cigarquality.com\/ja\/wp-json\/wp\/v2\/media?parent=62756"}],"wp:term":[{"taxonomy":"product_brand","embeddable":true,"href":"https:\/\/cigarquality.com\/ja\/wp-json\/wp\/v2\/product_brand?post=62756"},{"taxonomy":"product_cat","embeddable":true,"href":"https:\/\/cigarquality.com\/ja\/wp-json\/wp\/v2\/product_cat?post=62756"},{"taxonomy":"product_tag","embeddable":true,"href":"https:\/\/cigarquality.com\/ja\/wp-json\/wp\/v2\/product_tag?post=62756"}],"curies":[{"name":"wp","href":"https:\/\/api.w.org\/{rel}","templated":true}]}}