{"id":62724,"date":"2022-05-03T13:17:41","date_gmt":"2022-05-03T11:17:41","guid":{"rendered":"https:\/\/cigarquality.com\/?post_type=product&#038;p=62724"},"modified":"2025-07-25T13:35:28","modified_gmt":"2025-07-25T11:35:28","slug":"skull-77-el-nino-15","status":"publish","type":"product","link":"https:\/\/cigarquality.com\/ja\/boutique\/cigares\/skull-77-el-nino-15\/","title":{"rendered":"\u30b9\u30ab\u30eb77 \u30a8\u30eb\u30cb\u30fc\u30cb\u30e7 (15)"},"content":{"rendered":"<p class=\"p1\">Court et trapu, le <strong>Skull\u00a077 El Nino<\/strong> est le gordito de la marque 77 et reprend beaucoup de son grand fr\u00e8re \u00ab Skull 77 El Unico \u00bb, il perd presque 6 cm mais conserve son ring (58). Apr\u00e8s un allumage r\u00e9ussi, la puissance s\u2019installe rapidement, les ar\u00f4mes sont plus terreux que celui de son grand fr\u00e8re. Quelques touches de cacao se distinguent sur un final envo\u00fbtant. Une vitole qui ravira les amateurs press\u00e9s.<\/p>","protected":false},"excerpt":{"rendered":"<p>15\u672c\u5165\u308a\u3002.<\/p>","protected":false},"featured_media":62722,"template":"","meta":{"_acf_changed":false},"product_brand":[],"product_cat":[19809,25624],"product_tag":[],"class_list":{"0":"post-62724","1":"product","2":"type-product","3":"status-publish","4":"has-post-thumbnail","6":"product_cat-cigares","7":"product_cat-cigares-costariciens","8":"product_shipping_class-cigares","10":"first","11":"outofstock","12":"taxable","13":"shipping-taxable","14":"purchasable","15":"product-type-simple"},"acf":[],"_links":{"self":[{"href":"https:\/\/cigarquality.com\/ja\/wp-json\/wp\/v2\/product\/62724","targetHints":{"allow":["GET"]}}],"collection":[{"href":"https:\/\/cigarquality.com\/ja\/wp-json\/wp\/v2\/product"}],"about":[{"href":"https:\/\/cigarquality.com\/ja\/wp-json\/wp\/v2\/types\/product"}],"wp:featuredmedia":[{"embeddable":true,"href":"https:\/\/cigarquality.com\/ja\/wp-json\/wp\/v2\/media\/62722"}],"wp:attachment":[{"href":"https:\/\/cigarquality.com\/ja\/wp-json\/wp\/v2\/media?parent=62724"}],"wp:term":[{"taxonomy":"product_brand","embeddable":true,"href":"https:\/\/cigarquality.com\/ja\/wp-json\/wp\/v2\/product_brand?post=62724"},{"taxonomy":"product_cat","embeddable":true,"href":"https:\/\/cigarquality.com\/ja\/wp-json\/wp\/v2\/product_cat?post=62724"},{"taxonomy":"product_tag","embeddable":true,"href":"https:\/\/cigarquality.com\/ja\/wp-json\/wp\/v2\/product_tag?post=62724"}],"curies":[{"name":"wp","href":"https:\/\/api.w.org\/{rel}","templated":true}]}}