{"id":62654,"date":"2022-05-03T12:13:05","date_gmt":"2022-05-03T11:13:05","guid":{"rendered":"https:\/\/cigarquality.com\/?post_type=product&#038;p=62654"},"modified":"2025-07-25T13:39:07","modified_gmt":"2025-07-25T11:39:07","slug":"rhum-ron-centenario-30-ans-40-70cl","status":"publish","type":"product","link":"https:\/\/cigarquality.com\/ja\/boutique\/alcools\/rum\/rhum-ron-centenario-30-ans-40-70cl\/","title":{"rendered":"\u30ed\u30f3\u30fb\u30bb\u30f3\u30c6\u30ca\u30ea\u30aa 30\u5e74 \u30e9\u30e0 40% 70cl"},"content":{"rendered":"<p><strong>Ce rhum Ron Centenario 30 ans 40% 70cl marque l&rsquo;apog\u00e9e du rhum en provenance du Costa Rica.<\/strong> Les plus anciens f\u00fbts de la distillerie de rhum latin am\u00e9ricain ont servi \u00e0 cette cuv\u00e9e particuli\u00e8re issue de la combinaison de rhums premium, comme cela est pr\u00e9conis\u00e9 lors du processus d&rsquo;\u00e9laboration dit \u00ab\u00a0Solera\u00a0\u00bb.<\/p>\n<p>Les f\u00fbts sont de couleur blanche et l\u00e9g\u00e8rement br\u00fbl\u00e9s \u00e0 l&rsquo;int\u00e9rieur. Ils ont pr\u00e9alablement servi au vieillissement du whisky avant d&rsquo;accueillir le rhum Ron Centenario. Chaque f\u00fbt fait l&rsquo;objet d&rsquo;une d\u00e9gustation avant et apr\u00e8s remplissage afin de rester le plus fid\u00e8le possible \u00e0 ce go\u00fbt unique.<\/p>\n<p>Lors de la fermentation, une technique ouverte est utilis\u00e9e afin d&rsquo;assurer l&rsquo;homog\u00e9n\u00e9it\u00e9 du processus. Apr\u00e8s 30 ans de vieillissement, les maitres chais permettent la mise en bouteille de quelques exemplaires qui forment alors le joyaux la maison Ron Centenario.<\/p>\n<p>Lors de l&rsquo;International Spirits Challenge 2011, ce rhum est arriv\u00e9 premier parmi les 700 rhums s\u00e9lectionn\u00e9s.<\/p>","protected":false},"excerpt":{"rendered":"<p>70cl\u30dc\u30c8\u30eb\u3002.<\/p>","protected":false},"featured_media":62653,"template":"","meta":{"_acf_changed":false},"product_brand":[],"product_cat":[21852,21908],"product_tag":[],"class_list":{"0":"post-62654","1":"product","2":"type-product","3":"status-publish","4":"has-post-thumbnail","6":"product_cat-alcools","7":"product_cat-rum","8":"product_shipping_class-alcool","10":"first","11":"outofstock","12":"taxable","13":"shipping-taxable","14":"purchasable","15":"product-type-simple"},"acf":[],"_links":{"self":[{"href":"https:\/\/cigarquality.com\/ja\/wp-json\/wp\/v2\/product\/62654","targetHints":{"allow":["GET"]}}],"collection":[{"href":"https:\/\/cigarquality.com\/ja\/wp-json\/wp\/v2\/product"}],"about":[{"href":"https:\/\/cigarquality.com\/ja\/wp-json\/wp\/v2\/types\/product"}],"wp:featuredmedia":[{"embeddable":true,"href":"https:\/\/cigarquality.com\/ja\/wp-json\/wp\/v2\/media\/62653"}],"wp:attachment":[{"href":"https:\/\/cigarquality.com\/ja\/wp-json\/wp\/v2\/media?parent=62654"}],"wp:term":[{"taxonomy":"product_brand","embeddable":true,"href":"https:\/\/cigarquality.com\/ja\/wp-json\/wp\/v2\/product_brand?post=62654"},{"taxonomy":"product_cat","embeddable":true,"href":"https:\/\/cigarquality.com\/ja\/wp-json\/wp\/v2\/product_cat?post=62654"},{"taxonomy":"product_tag","embeddable":true,"href":"https:\/\/cigarquality.com\/ja\/wp-json\/wp\/v2\/product_tag?post=62654"}],"curies":[{"name":"wp","href":"https:\/\/api.w.org\/{rel}","templated":true}]}}