{"id":62652,"date":"2022-05-03T12:13:04","date_gmt":"2022-05-03T11:13:04","guid":{"rendered":"https:\/\/cigarquality.com\/?post_type=product&#038;p=62652"},"modified":"2025-07-25T13:39:06","modified_gmt":"2025-07-25T11:39:06","slug":"rhum-cuvee-homere-clement-44-70cl","status":"publish","type":"product","link":"https:\/\/cigarquality.com\/ja\/boutique\/alcools\/rum\/clement\/rhum-cuvee-homere-clement-44-70cl\/","title":{"rendered":"\u30ad\u30e5\u30f4\u30a7\u30fb\u30aa\u30e1\u30fc\u30eb\u30fb\u30af\u30ec\u30de\u30f3\u30fb\u30e9\u30e0 44% 70cl"},"content":{"rendered":"<p>Le Rhum Cuv\u00e9e Hom\u00e8re Cl\u00e9ment 44% est une v\u00e9ritable r\u00e9f\u00e9rence parmi les rhum agricoles, Cl\u00e9ment utilise pour sa Cuv\u00e9e Hom\u00e8re ses plus belles et plus anciennes pi\u00e8ces. La puissance et la complexit\u00e9 d\u2019un \u00ab pur jus de canne \u00bb ne pouvait pas trouver meilleur ambassadeur que cet embouteillage, hommage \u00e0 une des figures embl\u00e9matiques de la Martinique. Les amateurs de vitoles au caract\u00e8re affirm\u00e9 appr\u00e9cieront cet accord des plus concluants.<\/p>","protected":false},"excerpt":{"rendered":"<p>70cl\u30dc\u30c8\u30eb\u3002.<\/p>","protected":false},"featured_media":62650,"template":"","meta":{"_acf_changed":false},"product_brand":[],"product_cat":[21852,23726,21908],"product_tag":[],"class_list":{"0":"post-62652","1":"product","2":"type-product","3":"status-publish","4":"has-post-thumbnail","6":"product_cat-alcools","7":"product_cat-clement","8":"product_cat-rum","9":"product_shipping_class-alcool","11":"first","12":"outofstock","13":"taxable","14":"shipping-taxable","15":"purchasable","16":"product-type-simple"},"acf":[],"_links":{"self":[{"href":"https:\/\/cigarquality.com\/ja\/wp-json\/wp\/v2\/product\/62652","targetHints":{"allow":["GET"]}}],"collection":[{"href":"https:\/\/cigarquality.com\/ja\/wp-json\/wp\/v2\/product"}],"about":[{"href":"https:\/\/cigarquality.com\/ja\/wp-json\/wp\/v2\/types\/product"}],"wp:featuredmedia":[{"embeddable":true,"href":"https:\/\/cigarquality.com\/ja\/wp-json\/wp\/v2\/media\/62650"}],"wp:attachment":[{"href":"https:\/\/cigarquality.com\/ja\/wp-json\/wp\/v2\/media?parent=62652"}],"wp:term":[{"taxonomy":"product_brand","embeddable":true,"href":"https:\/\/cigarquality.com\/ja\/wp-json\/wp\/v2\/product_brand?post=62652"},{"taxonomy":"product_cat","embeddable":true,"href":"https:\/\/cigarquality.com\/ja\/wp-json\/wp\/v2\/product_cat?post=62652"},{"taxonomy":"product_tag","embeddable":true,"href":"https:\/\/cigarquality.com\/ja\/wp-json\/wp\/v2\/product_tag?post=62652"}],"curies":[{"name":"wp","href":"https:\/\/api.w.org\/{rel}","templated":true}]}}