{"id":62639,"date":"2022-05-03T12:12:37","date_gmt":"2022-05-03T11:12:37","guid":{"rendered":"https:\/\/cigarquality.com\/?post_type=product&#038;p=62639"},"modified":"2025-12-01T10:09:20","modified_gmt":"2025-12-01T09:09:20","slug":"recife-etui-2-cigares-chesterfield-culture-orange-blossom","status":"publish","type":"product","link":"https:\/\/cigarquality.com\/ja\/boutique\/accessoires-cigares\/etuis-a-cigares\/recife-etuis-a-cigares\/recife-etui-2-cigares-chesterfield-culture-orange-blossom\/","title":{"rendered":"\u30ec\u30b7\u30d5\u30a7 \u30c1\u30a7\u30b9\u30bf\u30fc\u30d5\u30a3\u30fc\u30eb\u30c9 \u30ab\u30eb\u30c1\u30e3\u30fc \u30aa\u30ec\u30f3\u30b8\u30d6\u30ed\u30c3\u30b5\u30e0 2\u672c\u5165\u308a\u30b1\u30fc\u30b9"},"content":{"rendered":"<p>H\u00e9ritier des l\u00e9gendaires \u00e9tuis \u00e0 cigare R\u00e9cife qui ont conquis les aficionados depuis 1930, le charme du cuir naturel cousu sellier : Un chic casual doux, charnel et intemporel.<\/p>\n<p><strong>\u5bf8\u6cd5\uff1a<\/strong> 25 mm (63 \u30ea\u30f3\u30b0) \u9577\u3055 130 mm<\/p>","protected":false},"excerpt":{"rendered":"<p>\u8449\u5dfb2\u672c\u7528\u30b1\u30fc\u30b9\u3002.<\/p>","protected":false},"featured_media":62638,"template":"","meta":{"_acf_changed":false},"product_brand":[],"product_cat":[21754,22735,40001],"product_tag":[],"class_list":{"0":"post-62639","1":"product","2":"type-product","3":"status-publish","4":"has-post-thumbnail","6":"product_cat-accessoires-cigares","7":"product_cat-etuis-a-cigares","8":"product_cat-recife-etuis-a-cigares","9":"product_shipping_class-divers","11":"first","12":"instock","13":"taxable","14":"shipping-taxable","15":"purchasable","16":"product-type-simple"},"acf":[],"_links":{"self":[{"href":"https:\/\/cigarquality.com\/ja\/wp-json\/wp\/v2\/product\/62639","targetHints":{"allow":["GET"]}}],"collection":[{"href":"https:\/\/cigarquality.com\/ja\/wp-json\/wp\/v2\/product"}],"about":[{"href":"https:\/\/cigarquality.com\/ja\/wp-json\/wp\/v2\/types\/product"}],"wp:featuredmedia":[{"embeddable":true,"href":"https:\/\/cigarquality.com\/ja\/wp-json\/wp\/v2\/media\/62638"}],"wp:attachment":[{"href":"https:\/\/cigarquality.com\/ja\/wp-json\/wp\/v2\/media?parent=62639"}],"wp:term":[{"taxonomy":"product_brand","embeddable":true,"href":"https:\/\/cigarquality.com\/ja\/wp-json\/wp\/v2\/product_brand?post=62639"},{"taxonomy":"product_cat","embeddable":true,"href":"https:\/\/cigarquality.com\/ja\/wp-json\/wp\/v2\/product_cat?post=62639"},{"taxonomy":"product_tag","embeddable":true,"href":"https:\/\/cigarquality.com\/ja\/wp-json\/wp\/v2\/product_tag?post=62639"}],"curies":[{"name":"wp","href":"https:\/\/api.w.org\/{rel}","templated":true}]}}