{"id":62637,"date":"2022-05-03T12:12:36","date_gmt":"2022-05-03T11:12:36","guid":{"rendered":"https:\/\/cigarquality.com\/?post_type=product&#038;p=62637"},"modified":"2025-12-01T10:09:26","modified_gmt":"2025-12-01T09:09:26","slug":"recife-etui-2-cigares-flavor-of-havanita-whiskey","status":"publish","type":"product","link":"https:\/\/cigarquality.com\/ja\/boutique\/accessoires-cigares\/etuis-a-cigares\/recife-etuis-a-cigares\/recife-etui-2-cigares-flavor-of-havanita-whiskey\/","title":{"rendered":"\u30ec\u30b7\u30d5\u30a7 \u30cf\u30d0\u30cb\u30fc\u30bf\u30fb\u30a6\u30a4\u30b9\u30ad\u30fc\u98a8\u5473 2\u672c\u5165\u308a\u30b1\u30fc\u30b9"},"content":{"rendered":"<p>H\u00e9riti\u00e8re des l\u00e9gendaires \u00e9tuis \u00e0 cigare R\u00e9cife qui ont conquis les aficionados depuis 1930, la nouvelle collection Flavor of Havanita est un hymne \u00e0 Cuba o\u00f9 le cigare est un art de vivre. Voyagez dans les ruelles de la Havane sur les traces d\u2019Hemingway.<\/p>\n<p>Expertise de l\u2019impression sur cuir et l\u2019utilisation de pigments Tattoo.<\/p>\n<p><strong>Dimensions :<\/strong> 25 mm (63 Ring) longueur 130 mm<\/p>","protected":false},"excerpt":{"rendered":"<p>\u8449\u5dfb2\u672c\u7528\u30b1\u30fc\u30b9\u3002.<\/p>","protected":false},"featured_media":62635,"template":"","meta":{"_acf_changed":false},"product_brand":[],"product_cat":[21754,22735,40001],"product_tag":[],"class_list":{"0":"post-62637","1":"product","2":"type-product","3":"status-publish","4":"has-post-thumbnail","6":"product_cat-accessoires-cigares","7":"product_cat-etuis-a-cigares","8":"product_cat-recife-etuis-a-cigares","9":"product_shipping_class-divers","11":"first","12":"instock","13":"taxable","14":"shipping-taxable","15":"purchasable","16":"product-type-simple"},"acf":[],"_links":{"self":[{"href":"https:\/\/cigarquality.com\/ja\/wp-json\/wp\/v2\/product\/62637","targetHints":{"allow":["GET"]}}],"collection":[{"href":"https:\/\/cigarquality.com\/ja\/wp-json\/wp\/v2\/product"}],"about":[{"href":"https:\/\/cigarquality.com\/ja\/wp-json\/wp\/v2\/types\/product"}],"wp:featuredmedia":[{"embeddable":true,"href":"https:\/\/cigarquality.com\/ja\/wp-json\/wp\/v2\/media\/62635"}],"wp:attachment":[{"href":"https:\/\/cigarquality.com\/ja\/wp-json\/wp\/v2\/media?parent=62637"}],"wp:term":[{"taxonomy":"product_brand","embeddable":true,"href":"https:\/\/cigarquality.com\/ja\/wp-json\/wp\/v2\/product_brand?post=62637"},{"taxonomy":"product_cat","embeddable":true,"href":"https:\/\/cigarquality.com\/ja\/wp-json\/wp\/v2\/product_cat?post=62637"},{"taxonomy":"product_tag","embeddable":true,"href":"https:\/\/cigarquality.com\/ja\/wp-json\/wp\/v2\/product_tag?post=62637"}],"curies":[{"name":"wp","href":"https:\/\/api.w.org\/{rel}","templated":true}]}}