{"id":62602,"date":"2022-05-03T12:11:33","date_gmt":"2022-05-03T11:11:33","guid":{"rendered":"https:\/\/cigarquality.com\/?post_type=product&#038;p=62602"},"modified":"2025-12-01T10:09:18","modified_gmt":"2025-12-01T09:09:18","slug":"recife-etui-2-cigares-miami-vice-spritz-orange","status":"publish","type":"product","link":"https:\/\/cigarquality.com\/ja\/boutique\/accessoires-cigares\/etuis-a-cigares\/recife-etuis-a-cigares\/recife-etui-2-cigares-miami-vice-spritz-orange\/","title":{"rendered":"\u00c9tui 2 cigares R\u00e9cife Miami Vice Spritz Orange"},"content":{"rendered":"<p class=\"p1\">Le R\u00e9cife \u00c9tui 2 cigares Miami Vice Spritz Orange est compos\u00e9 d&rsquo;un cuir verni \u00e0 l\u2019imprim\u00e9 l\u00e9zard et des couleurs \u00e9clatantes pour un chic impertinent.<\/p>\n<p><strong>\u5bf8\u6cd5\uff1a<\/strong> 25 mm (63 Ring) longueur 125 mm<\/p>","protected":false},"excerpt":{"rendered":"<p>\u8449\u5dfb2\u672c\u7528\u30b1\u30fc\u30b9\u3002.<\/p>","protected":false},"featured_media":62601,"template":"","meta":{"_acf_changed":false},"product_brand":[],"product_cat":[40001,21754,22735],"product_tag":[],"class_list":{"0":"post-62602","1":"product","2":"type-product","3":"status-publish","4":"has-post-thumbnail","6":"product_cat-recife-etuis-a-cigares","7":"product_cat-accessoires-cigares","8":"product_cat-etuis-a-cigares","9":"product_shipping_class-divers","11":"first","12":"instock","13":"taxable","14":"shipping-taxable","15":"purchasable","16":"product-type-simple"},"acf":[],"_links":{"self":[{"href":"https:\/\/cigarquality.com\/ja\/wp-json\/wp\/v2\/product\/62602","targetHints":{"allow":["GET"]}}],"collection":[{"href":"https:\/\/cigarquality.com\/ja\/wp-json\/wp\/v2\/product"}],"about":[{"href":"https:\/\/cigarquality.com\/ja\/wp-json\/wp\/v2\/types\/product"}],"wp:featuredmedia":[{"embeddable":true,"href":"https:\/\/cigarquality.com\/ja\/wp-json\/wp\/v2\/media\/62601"}],"wp:attachment":[{"href":"https:\/\/cigarquality.com\/ja\/wp-json\/wp\/v2\/media?parent=62602"}],"wp:term":[{"taxonomy":"product_brand","embeddable":true,"href":"https:\/\/cigarquality.com\/ja\/wp-json\/wp\/v2\/product_brand?post=62602"},{"taxonomy":"product_cat","embeddable":true,"href":"https:\/\/cigarquality.com\/ja\/wp-json\/wp\/v2\/product_cat?post=62602"},{"taxonomy":"product_tag","embeddable":true,"href":"https:\/\/cigarquality.com\/ja\/wp-json\/wp\/v2\/product_tag?post=62602"}],"curies":[{"name":"wp","href":"https:\/\/api.w.org\/{rel}","templated":true}]}}