{"id":62549,"date":"2022-05-03T12:10:20","date_gmt":"2022-05-03T11:10:20","guid":{"rendered":"https:\/\/cigarquality.com\/?post_type=product&#038;p=62549"},"modified":"2025-12-01T10:09:33","modified_gmt":"2025-12-01T09:09:33","slug":"porsche-design-p-3621-01-coupe-cigares-noir","status":"publish","type":"product","link":"https:\/\/cigarquality.com\/ja\/boutique\/accessoires-cigares\/coupe-cigares\/porsche-design-coupe-cigares\/porsche-design-p-3621-01-coupe-cigares-noir\/","title":{"rendered":"Coupe-cigare Porsche Design P&rsquo; 3621.01 noir"},"content":{"rendered":"<p>L&rsquo;accessoire au design intemporel pour les amateurs de cigares: empreint de l&rsquo;essence de la marque Porsche Design. <strong>Le coupe cigares Porsche Design P&rsquo; 3621.01<\/strong> est le classique parmi les accessoires Porsche Design pour les aficionados. La double lame en acier inoxydable de qualit\u00e9 sup\u00e9rieure, d&rsquo;origine japonaise, garantit une coupe parfaite gr\u00e2ce \u00e0 son mouvement radial et axial. C&rsquo;est l&rsquo;alliance de la fonction parfaite et d&rsquo;une forme id\u00e9ale. Ce coupe cigares \u00e9l\u00e9gant offre un calibre de 60 mm.<\/p>\n<p><strong>Mat\u00e9riaux :\u00a0<\/strong>65 % acier inoxydable &#8211; 35 % synth\u00e9tique.<\/p>\n<p><strong>Conseils d&rsquo;entretien : <\/strong>\u00c9vitez tout contact avec des cha\u00eenes, des cl\u00e9s ou d&rsquo;autres objets pour \u00e9viter les \u00e9raflures. La sueur, le parfum, les solvants ou les substances contenant de l&rsquo;alcool peuvent attaquer la surface du produit.<\/p>","protected":false},"excerpt":{"rendered":"<p>\u4e21\u5203\u30b7\u30ac\u30fc\u30ab\u30c3\u30bf\u30fc\u3002.<\/p>","protected":false},"featured_media":62547,"template":"","meta":{"_acf_changed":false},"product_brand":[],"product_cat":[21754,21757,39990],"product_tag":[],"class_list":{"0":"post-62549","1":"product","2":"type-product","3":"status-publish","4":"has-post-thumbnail","6":"product_cat-accessoires-cigares","7":"product_cat-coupe-cigares","8":"product_cat-porsche-design-coupe-cigares","9":"product_shipping_class-divers","11":"first","12":"instock","13":"taxable","14":"shipping-taxable","15":"purchasable","16":"product-type-simple"},"acf":[],"_links":{"self":[{"href":"https:\/\/cigarquality.com\/ja\/wp-json\/wp\/v2\/product\/62549","targetHints":{"allow":["GET"]}}],"collection":[{"href":"https:\/\/cigarquality.com\/ja\/wp-json\/wp\/v2\/product"}],"about":[{"href":"https:\/\/cigarquality.com\/ja\/wp-json\/wp\/v2\/types\/product"}],"wp:featuredmedia":[{"embeddable":true,"href":"https:\/\/cigarquality.com\/ja\/wp-json\/wp\/v2\/media\/62547"}],"wp:attachment":[{"href":"https:\/\/cigarquality.com\/ja\/wp-json\/wp\/v2\/media?parent=62549"}],"wp:term":[{"taxonomy":"product_brand","embeddable":true,"href":"https:\/\/cigarquality.com\/ja\/wp-json\/wp\/v2\/product_brand?post=62549"},{"taxonomy":"product_cat","embeddable":true,"href":"https:\/\/cigarquality.com\/ja\/wp-json\/wp\/v2\/product_cat?post=62549"},{"taxonomy":"product_tag","embeddable":true,"href":"https:\/\/cigarquality.com\/ja\/wp-json\/wp\/v2\/product_tag?post=62549"}],"curies":[{"name":"wp","href":"https:\/\/api.w.org\/{rel}","templated":true}]}}