{"id":62519,"date":"2022-05-03T12:09:58","date_gmt":"2022-05-03T11:09:58","guid":{"rendered":"https:\/\/cigarquality.com\/?post_type=product&#038;p=62519"},"modified":"2026-03-30T08:42:04","modified_gmt":"2026-03-30T06:42:04","slug":"plasencia-reserva-original-toro-10","status":"publish","type":"product","link":"https:\/\/cigarquality.com\/ja\/boutique\/cigares-nicaraguayens\/plasencia\/plasencia-reserva-original\/plasencia-reserva-original-toro-10\/","title":{"rendered":"\u30d7\u30e9\u30bb\u30f3\u30b7\u30a2\u30fb\u30ec\u30bb\u30eb\u30d0\u30fb\u30aa\u30ea\u30b8\u30ca\u30eb\u30fb\u30c8\u30ed (10)"},"content":{"rendered":"<p>En tant qu&rsquo;ing\u00e9nieur agricole, Nestor Plasencia a \u00e9t\u00e9 un des pionniers de la culture organique du tabac \u00e0 Esteli. Tous les tabacs destin\u00e9s \u00e0 la confection des cigares Plasencia Reserva Original sont issus de l&rsquo;agriculture organique utilisant que des fertilisants naturels et aucuns pesticides ou autre produits chimiques. Le r\u00e9sultat est un cigare de puissance moyenne parfaitement construit et aux ar\u00f4mes de noisette, de caramel doux contenus dans une fum\u00e9e riche et cr\u00e9meuse.<br \/>\nLe cigare Plasencia Reserva Original Toro propose des dimensions de 152 mm pour un cepo de 50 avec un tirage excellent.<\/p>\n<p>La gamme Plasencia Reserva Original remplace la gamme de cigares Plasencia Reserva Organica.<\/p>","protected":false},"excerpt":{"rendered":"<p>\u8449\u5dfb10\u672c\u5165\u308a\u3002.<\/p>","protected":false},"featured_media":62517,"template":"","meta":{"_acf_changed":false},"product_brand":[],"product_cat":[19809,24833,31905,39988],"product_tag":[],"class_list":{"0":"post-62519","1":"product","2":"type-product","3":"status-publish","4":"has-post-thumbnail","6":"product_cat-cigares","7":"product_cat-cigares-nicaraguayens","8":"product_cat-plasencia","9":"product_cat-plasencia-reserva-original","10":"product_shipping_class-cigares","12":"first","13":"instock","14":"sale","15":"taxable","16":"shipping-taxable","17":"purchasable","18":"product-type-simple"},"acf":[],"_links":{"self":[{"href":"https:\/\/cigarquality.com\/ja\/wp-json\/wp\/v2\/product\/62519","targetHints":{"allow":["GET"]}}],"collection":[{"href":"https:\/\/cigarquality.com\/ja\/wp-json\/wp\/v2\/product"}],"about":[{"href":"https:\/\/cigarquality.com\/ja\/wp-json\/wp\/v2\/types\/product"}],"wp:featuredmedia":[{"embeddable":true,"href":"https:\/\/cigarquality.com\/ja\/wp-json\/wp\/v2\/media\/62517"}],"wp:attachment":[{"href":"https:\/\/cigarquality.com\/ja\/wp-json\/wp\/v2\/media?parent=62519"}],"wp:term":[{"taxonomy":"product_brand","embeddable":true,"href":"https:\/\/cigarquality.com\/ja\/wp-json\/wp\/v2\/product_brand?post=62519"},{"taxonomy":"product_cat","embeddable":true,"href":"https:\/\/cigarquality.com\/ja\/wp-json\/wp\/v2\/product_cat?post=62519"},{"taxonomy":"product_tag","embeddable":true,"href":"https:\/\/cigarquality.com\/ja\/wp-json\/wp\/v2\/product_tag?post=62519"}],"curies":[{"name":"wp","href":"https:\/\/api.w.org\/{rel}","templated":true}]}}