{"id":62490,"date":"2022-05-03T13:01:39","date_gmt":"2022-05-03T11:01:39","guid":{"rendered":"https:\/\/cigarquality.com\/?post_type=product&#038;p=62490"},"modified":"2025-12-01T10:09:25","modified_gmt":"2025-12-01T09:09:25","slug":"purotemp-hygrometre-a-jauge-numerique","status":"publish","type":"product","link":"https:\/\/cigarquality.com\/ja\/boutique\/accessoires-cigares\/humidificateurs\/purotemp-hygrometre-a-jauge-numerique\/","title":{"rendered":"PuroTemp Hygrom\u00e8tre \u00e0 jauge Num\u00e9rique"},"content":{"rendered":"<p><strong>Hygrom&egrave;tres num&eacute;riques XIKAR PuroTemp &trade;<\/strong><\/p>\n<p>Les hygrom&egrave;tres XIKAR PuroTemp &trade; ont &eacute;t&eacute; repens&eacute;s pour garantir la pr&eacute;cision d&egrave;s la sortie de la bo&icirc;te, sans avoir &agrave; l&rsquo;&eacute;talonner.&nbsp;Vous avez maintenant plus de temps pour profiter de vos cigares, sans vous en soucier ! Les hygrom&egrave;tres XIKAR sont fabriqu&eacute;s selon nos sp&eacute;cifications exactes pour une pr&eacute;cision &agrave; long terme et un entretien minimal.&nbsp;Ils affichent avec pr&eacute;cision l&rsquo;humidit&eacute; relative et la temp&eacute;rature de votre cave.<\/p>\n<p><strong>Caract&eacute;ristiques de l&rsquo;hygrom&egrave;tre XIKAR PuroTemp &trade;:<\/strong><\/p>\n<ul>\n<li>Aucun &eacute;talonnage n&eacute;cessaire, pr&eacute;cision garantie de +\/- 2% HR d&egrave;s la sortie de la bo&icirc;te<\/li>\n<li>Lire l&rsquo;humidit&eacute; dans la plage de 20% &agrave; 95%<\/li>\n<li>Enregistrer la temp&eacute;rature en Fahrenheit et Celsius<\/li>\n<li>Plage de temp&eacute;rature: 32-120 &deg; F ou 0-50 &deg; C<\/li>\n<li>Pr&eacute;cision (temp&eacute;rature): +\/- 1 degr&eacute;<\/li>\n<li>Fixation magn&eacute;tique<\/li>\n<li><strong>Hygrom&egrave;tre &agrave; jauge num&eacute;rique:<\/strong>\n<ul>\n<li>L&rsquo;hygrom&egrave;tre se r&eacute;tr&eacute;cit &agrave; l&rsquo;arri&egrave;re pour l&rsquo;installation d&rsquo;un humidificateur standard<\/li>\n<li>Taux de rafra&icirc;chissement: 15 secondes<\/li>\n<li>Pile bouton: CR2025<\/li>\n<li>Dimensions 57 mm de diam&egrave;tre et 19 mm d&rsquo;&eacute;paisseur<\/li>\n<\/ul>\n<\/li>\n<\/ul>","protected":false},"excerpt":{"rendered":"<p>Hygrom\u00e8tre num\u00e9rique.<\/p>","protected":false},"featured_media":285470,"template":"","meta":{"_acf_changed":false},"product_brand":[],"product_cat":[21754,39930],"product_tag":[],"class_list":{"0":"post-62490","1":"product","2":"type-product","3":"status-publish","4":"has-post-thumbnail","6":"product_cat-accessoires-cigares","7":"product_cat-humidificateurs","8":"product_shipping_class-divers","10":"first","11":"instock","12":"taxable","13":"shipping-taxable","14":"purchasable","15":"product-type-simple"},"acf":[],"_links":{"self":[{"href":"https:\/\/cigarquality.com\/ja\/wp-json\/wp\/v2\/product\/62490","targetHints":{"allow":["GET"]}}],"collection":[{"href":"https:\/\/cigarquality.com\/ja\/wp-json\/wp\/v2\/product"}],"about":[{"href":"https:\/\/cigarquality.com\/ja\/wp-json\/wp\/v2\/types\/product"}],"wp:featuredmedia":[{"embeddable":true,"href":"https:\/\/cigarquality.com\/ja\/wp-json\/wp\/v2\/media\/285470"}],"wp:attachment":[{"href":"https:\/\/cigarquality.com\/ja\/wp-json\/wp\/v2\/media?parent=62490"}],"wp:term":[{"taxonomy":"product_brand","embeddable":true,"href":"https:\/\/cigarquality.com\/ja\/wp-json\/wp\/v2\/product_brand?post=62490"},{"taxonomy":"product_cat","embeddable":true,"href":"https:\/\/cigarquality.com\/ja\/wp-json\/wp\/v2\/product_cat?post=62490"},{"taxonomy":"product_tag","embeddable":true,"href":"https:\/\/cigarquality.com\/ja\/wp-json\/wp\/v2\/product_tag?post=62490"}],"curies":[{"name":"wp","href":"https:\/\/api.w.org\/{rel}","templated":true}]}}