{"id":62473,"date":"2022-05-03T11:21:33","date_gmt":"2022-05-03T10:21:33","guid":{"rendered":"https:\/\/cigarquality.com\/?post_type=product&#038;p=62473"},"modified":"2025-07-25T13:35:06","modified_gmt":"2025-07-25T11:35:06","slug":"joya-de-nicaragua-cabinetta-robusto-20","status":"publish","type":"product","link":"https:\/\/cigarquality.com\/ja\/boutique\/cigares-nicaraguayens\/joya-de-nicaragua\/joya-de-nicaragua-cabinetta\/joya-de-nicaragua-cabinetta-robusto-20\/","title":{"rendered":"\u30db\u30e4 \u30c7 \u30cb\u30ab\u30e9\u30b0\u30a2 \u30ab\u30d3\u30b9\u30bf \u30ed\u30d6\u30b9\u30c8 (20)"},"content":{"rendered":"<p><strong>Le cigare Joya De Nicaragua Cabinetta Robusto<\/strong> est roul\u00e9 \u00e0 partir de deux feuilles de capes diff\u00e9rentes. Sur l&rsquo;avant, une cape l\u00e9g\u00e8re et douce d&rsquo;\u00c9quateur. La t\u00eate du cigare elle, est envelopp\u00e9e dans un cape noir du Nicaragua. La combinaison cr\u00e9e une exp\u00e9rience gustative extraordinaire : la fum\u00e9e cr\u00e9meuse et fine de la partie avant est parfum\u00e9e par l&rsquo;extr\u00e9mit\u00e9 forte et sucr\u00e9e. Le r\u00e9sultat est une exp\u00e9rience gustative incomparable qui s\u00e9duit les amateurs de cigares doux comme plus forts.<\/p>","protected":false},"excerpt":{"rendered":"<p>20\u672c\u5165\u308a\u3002.<\/p>","protected":false},"featured_media":62470,"template":"","meta":{"_acf_changed":false},"product_brand":[],"product_cat":[19809,24833,39934,39937],"product_tag":[],"class_list":{"0":"post-62473","1":"product","2":"type-product","3":"status-publish","4":"has-post-thumbnail","6":"product_cat-cigares","7":"product_cat-cigares-nicaraguayens","8":"product_cat-joya-de-nicaragua","9":"product_cat-joya-de-nicaragua-cabinetta","10":"product_shipping_class-cigares","12":"first","13":"instock","14":"sale","15":"taxable","16":"shipping-taxable","17":"purchasable","18":"product-type-simple"},"acf":[],"_links":{"self":[{"href":"https:\/\/cigarquality.com\/ja\/wp-json\/wp\/v2\/product\/62473","targetHints":{"allow":["GET"]}}],"collection":[{"href":"https:\/\/cigarquality.com\/ja\/wp-json\/wp\/v2\/product"}],"about":[{"href":"https:\/\/cigarquality.com\/ja\/wp-json\/wp\/v2\/types\/product"}],"wp:featuredmedia":[{"embeddable":true,"href":"https:\/\/cigarquality.com\/ja\/wp-json\/wp\/v2\/media\/62470"}],"wp:attachment":[{"href":"https:\/\/cigarquality.com\/ja\/wp-json\/wp\/v2\/media?parent=62473"}],"wp:term":[{"taxonomy":"product_brand","embeddable":true,"href":"https:\/\/cigarquality.com\/ja\/wp-json\/wp\/v2\/product_brand?post=62473"},{"taxonomy":"product_cat","embeddable":true,"href":"https:\/\/cigarquality.com\/ja\/wp-json\/wp\/v2\/product_cat?post=62473"},{"taxonomy":"product_tag","embeddable":true,"href":"https:\/\/cigarquality.com\/ja\/wp-json\/wp\/v2\/product_tag?post=62473"}],"curies":[{"name":"wp","href":"https:\/\/api.w.org\/{rel}","templated":true}]}}