{"id":62465,"date":"2022-05-03T11:21:23","date_gmt":"2022-05-03T10:21:23","guid":{"rendered":"https:\/\/cigarquality.com\/?post_type=product&#038;p=62465"},"modified":"2026-04-01T09:03:49","modified_gmt":"2026-04-01T07:03:49","slug":"la-aurora-fernando-leon-robusto-20","status":"publish","type":"product","link":"https:\/\/cigarquality.com\/ja\/boutique\/cigares-dominicains\/la-aurora\/la-aurora-fernando-leon\/la-aurora-fernando-leon-robusto-20\/","title":{"rendered":"La Aurora Fernando L\u00e9on Robusto (20)"},"content":{"rendered":"<p>Le cigare La Aurora Fernando L\u00e9on Robusto est un m\u00e9lange sp\u00e9cial qui a \u00e9t\u00e9 cr\u00e9\u00e9 exclusivement pour Fernando L\u00e9on, sa famille et ses amis proches. Avec une cape huileuse de la R\u00e9publique dominicaine, cette longue vitole offre des notes all\u00e9chantes d&rsquo;\u00e9pices et de bois de c\u00e8dre ainsi que des ar\u00f4mes de miel doux.<\/p>","protected":false},"excerpt":{"rendered":"<p>20\u672c\u5165\u308a\u3002.<\/p>","protected":false},"featured_media":62462,"template":"","meta":{"_acf_changed":false},"product_brand":[],"product_cat":[19809,19812,39945,39951],"product_tag":[],"class_list":{"0":"post-62465","1":"product","2":"type-product","3":"status-publish","4":"has-post-thumbnail","6":"product_cat-cigares","7":"product_cat-cigares-dominicains","8":"product_cat-la-aurora","9":"product_cat-la-aurora-fernando-leon","10":"product_shipping_class-cigares","12":"first","13":"instock","14":"sale","15":"taxable","16":"shipping-taxable","17":"purchasable","18":"product-type-simple"},"acf":[],"_links":{"self":[{"href":"https:\/\/cigarquality.com\/ja\/wp-json\/wp\/v2\/product\/62465","targetHints":{"allow":["GET"]}}],"collection":[{"href":"https:\/\/cigarquality.com\/ja\/wp-json\/wp\/v2\/product"}],"about":[{"href":"https:\/\/cigarquality.com\/ja\/wp-json\/wp\/v2\/types\/product"}],"wp:featuredmedia":[{"embeddable":true,"href":"https:\/\/cigarquality.com\/ja\/wp-json\/wp\/v2\/media\/62462"}],"wp:attachment":[{"href":"https:\/\/cigarquality.com\/ja\/wp-json\/wp\/v2\/media?parent=62465"}],"wp:term":[{"taxonomy":"product_brand","embeddable":true,"href":"https:\/\/cigarquality.com\/ja\/wp-json\/wp\/v2\/product_brand?post=62465"},{"taxonomy":"product_cat","embeddable":true,"href":"https:\/\/cigarquality.com\/ja\/wp-json\/wp\/v2\/product_cat?post=62465"},{"taxonomy":"product_tag","embeddable":true,"href":"https:\/\/cigarquality.com\/ja\/wp-json\/wp\/v2\/product_tag?post=62465"}],"curies":[{"name":"wp","href":"https:\/\/api.w.org\/{rel}","templated":true}]}}