{"id":62450,"date":"2022-05-03T11:21:12","date_gmt":"2022-05-03T10:21:12","guid":{"rendered":"https:\/\/cigarquality.com\/?post_type=product&#038;p=62450"},"modified":"2025-07-25T13:35:07","modified_gmt":"2025-07-25T11:35:07","slug":"joya-de-nicaragua-red-canonazo-20","status":"publish","type":"product","link":"https:\/\/cigarquality.com\/ja\/boutique\/cigares-nicaraguayens\/joya-de-nicaragua\/joya-de-nicaragua-red\/joya-de-nicaragua-red-canonazo-20\/","title":{"rendered":"Joya De Nicaragua Red Ca\u00f1onazo (20)"},"content":{"rendered":"<p>Les cigares Joya De Nicaragua sont apparus pour la premi\u00e8re fois sur le march\u00e9 dans les ann\u00e9es 1960 et sont devenus incontournables depuis. Avec la nouvelle ligne \u00ab\u00a0Joya De Nicaragua Red\u00a0\u00bb, la marque rencontre exactement le go\u00fbt du jeune et dynamique connaisseur de cigares. Bien que les bo\u00eetes et le bandeau soient rouges, le nom <strong>\u00ab\u00a0Red\u00a0\u00bb ne signifie pas la couleur, mais RE-Discover,<\/strong> la red\u00e9couverte de la marque Joya De Nicaragua.<\/p>\n<p><strong>Le Joya De Nicaragua Red Ca\u00f1onazo<\/strong> est un cigare de force moyenne avec un ar\u00f4me de noisette combin\u00e9 avec un peu de poivron. Un bon cigare pour le connaisseur moderne.<\/p>","protected":false},"excerpt":{"rendered":"<p>20\u672c\u5165\u308a\u3002.<\/p>","protected":false},"featured_media":62447,"template":"","meta":{"_acf_changed":false},"product_brand":[],"product_cat":[19809,24833,39934,39941],"product_tag":[],"class_list":{"0":"post-62450","1":"product","2":"type-product","3":"status-publish","4":"has-post-thumbnail","6":"product_cat-cigares","7":"product_cat-cigares-nicaraguayens","8":"product_cat-joya-de-nicaragua","9":"product_cat-joya-de-nicaragua-red","10":"product_shipping_class-cigares","12":"first","13":"instock","14":"sale","15":"taxable","16":"shipping-taxable","17":"purchasable","18":"product-type-simple"},"acf":[],"_links":{"self":[{"href":"https:\/\/cigarquality.com\/ja\/wp-json\/wp\/v2\/product\/62450","targetHints":{"allow":["GET"]}}],"collection":[{"href":"https:\/\/cigarquality.com\/ja\/wp-json\/wp\/v2\/product"}],"about":[{"href":"https:\/\/cigarquality.com\/ja\/wp-json\/wp\/v2\/types\/product"}],"wp:featuredmedia":[{"embeddable":true,"href":"https:\/\/cigarquality.com\/ja\/wp-json\/wp\/v2\/media\/62447"}],"wp:attachment":[{"href":"https:\/\/cigarquality.com\/ja\/wp-json\/wp\/v2\/media?parent=62450"}],"wp:term":[{"taxonomy":"product_brand","embeddable":true,"href":"https:\/\/cigarquality.com\/ja\/wp-json\/wp\/v2\/product_brand?post=62450"},{"taxonomy":"product_cat","embeddable":true,"href":"https:\/\/cigarquality.com\/ja\/wp-json\/wp\/v2\/product_cat?post=62450"},{"taxonomy":"product_tag","embeddable":true,"href":"https:\/\/cigarquality.com\/ja\/wp-json\/wp\/v2\/product_tag?post=62450"}],"curies":[{"name":"wp","href":"https:\/\/api.w.org\/{rel}","templated":true}]}}