{"id":62435,"date":"2022-05-03T11:21:01","date_gmt":"2022-05-03T10:21:01","guid":{"rendered":"https:\/\/cigarquality.com\/?post_type=product&#038;p=62435"},"modified":"2026-04-01T09:05:30","modified_gmt":"2026-04-01T07:05:30","slug":"la-aurora-dominican-dna-toro-20","status":"publish","type":"product","link":"https:\/\/cigarquality.com\/ja\/boutique\/cigares-dominicains\/la-aurora\/la-aurora-dominican-dna\/la-aurora-dominican-dna-toro-20\/","title":{"rendered":"\u30e9\u30fb\u30a2\u30a6\u30ed\u30e9 \u30c9\u30df\u30cb\u30abDNA\u30c8\u30ed (20)"},"content":{"rendered":"<p><strong>Avec La Aurora Dominican DNA Toro,<\/strong> \u30aa\u30fc\u30ed\u30e9\u306f\u6700\u53e4\u306e\u30bf\u30d0\u30b3\u88fd\u9020\u5de5\u7a0b\u306b\u656c\u610f\u3092\u8868\u3057\u3066\u3044\u308b\u3002\u738b\u5bb6\u306e\u30e4\u30b7\u306e\u8449\u306b\u5727\u643e\u3057\u3001\u71b1\u3092\u52a0\u3048\u305a\u306b4\uff5e6\u5e74\u9593\u767a\u9175\u3055\u305b\u305f\u30bf\u30d0\u30b3\u306f\u3001\u30c8\u30ea\u30c3\u30d1\u306b\u7279\u5225\u306a\u9999\u308a\u3092\u4e0e\u3048\u308b\u3002\u4f1d\u7d71\u7684\u306b\u3001\u3053\u306e\u30bf\u30d0\u30b3\u5165\u308a\u30e4\u30b7\u306e\u8449\u306f\u30a2\u30f3\u30c9\u30a5\u30c3\u30ed\u3068\u547c\u3070\u308c\u3066\u3044\u308b\u3002.<\/p>\n<p>Les notes bois\u00e9es \u00e9pic\u00e9es se fondent en douceur de savoureuses notes de biscuit et de caramel. Le cigare a un tirage et une br\u00fblure uniformes.<\/p>","protected":false},"excerpt":{"rendered":"<p>20\u672c\u5165\u308a\u3002.<\/p>","protected":false},"featured_media":62432,"template":"","meta":{"_acf_changed":false},"product_brand":[],"product_cat":[19809,19812,39945,39950],"product_tag":[],"class_list":{"0":"post-62435","1":"product","2":"type-product","3":"status-publish","4":"has-post-thumbnail","6":"product_cat-cigares","7":"product_cat-cigares-dominicains","8":"product_cat-la-aurora","9":"product_cat-la-aurora-dominican-dna","10":"product_shipping_class-cigares","12":"first","13":"instock","14":"sale","15":"taxable","16":"shipping-taxable","17":"purchasable","18":"product-type-simple"},"acf":[],"_links":{"self":[{"href":"https:\/\/cigarquality.com\/ja\/wp-json\/wp\/v2\/product\/62435","targetHints":{"allow":["GET"]}}],"collection":[{"href":"https:\/\/cigarquality.com\/ja\/wp-json\/wp\/v2\/product"}],"about":[{"href":"https:\/\/cigarquality.com\/ja\/wp-json\/wp\/v2\/types\/product"}],"wp:featuredmedia":[{"embeddable":true,"href":"https:\/\/cigarquality.com\/ja\/wp-json\/wp\/v2\/media\/62432"}],"wp:attachment":[{"href":"https:\/\/cigarquality.com\/ja\/wp-json\/wp\/v2\/media?parent=62435"}],"wp:term":[{"taxonomy":"product_brand","embeddable":true,"href":"https:\/\/cigarquality.com\/ja\/wp-json\/wp\/v2\/product_brand?post=62435"},{"taxonomy":"product_cat","embeddable":true,"href":"https:\/\/cigarquality.com\/ja\/wp-json\/wp\/v2\/product_cat?post=62435"},{"taxonomy":"product_tag","embeddable":true,"href":"https:\/\/cigarquality.com\/ja\/wp-json\/wp\/v2\/product_tag?post=62435"}],"curies":[{"name":"wp","href":"https:\/\/api.w.org\/{rel}","templated":true}]}}