{"id":62419,"date":"2022-05-03T11:19:33","date_gmt":"2022-05-03T10:19:33","guid":{"rendered":"https:\/\/cigarquality.com\/?post_type=product&#038;p=62419"},"modified":"2025-10-17T00:24:15","modified_gmt":"2025-10-16T22:24:15","slug":"la-aurora-guillermo-leon-belicoso-20","status":"publish","type":"product","link":"https:\/\/cigarquality.com\/ja\/boutique\/cigares-dominicains\/la-aurora\/la-aurora-guillermo-leon\/la-aurora-guillermo-leon-belicoso-20\/","title":{"rendered":"\u30e9\u30fb\u30a2\u30a6\u30ed\u30e9\u30fb\u30ae\u30b8\u30a7\u30eb\u30e2\u30fb\u30ec\u30aa\u30f3\u30fb\u30d9\u30ea\u30b3\u30bd (20)"},"content":{"rendered":"<p>Lorsqu&rsquo;un fabricant de tabac populaire comme La Aurora nomme une s\u00e9rie de cigares du nom <strong>de son patron Guillermo L\u00e9on,<\/strong> il doit s&rsquo;agir de quelque chose de tr\u00e8s sp\u00e9cial. La Aurora Guillermo L\u00e9on Belicoso est une composition d&rsquo;une impressionnante variation de tabac : une cape fonc\u00e9e de Habano-Seed \u00e9quatorienne enveloppe les deux sous-capes Cameroun et Dominicain-Corojo qui maintiennent ensemble une tripe exquise du P\u00e9rou, du Br\u00e9sil, du Nicaragua et de la R\u00e9publique dominicaine !<\/p>\n<p>Une tripe concentr\u00e9e de saveurs diverses, ce qui en termes de go\u00fbt conduit \u00e0 une complexit\u00e9 maximale. Plus pr\u00e9cis\u00e9ment, la fum\u00e9e est douce et riche avec des saveurs de poivre, de c\u00e8dre et de caf\u00e9 qui sont caress\u00e9es par une l\u00e9g\u00e8re douceur.<\/p>\n<p>Le cigare Family Reserve La Aurora Guillermo Le\u00f3n Belicoso a re\u00e7u les notes de :<br \/>\nCigar aficionado : <strong><span style=\"font-size: 14.4px\">93\/100 en <\/span><span style=\"font-size: 14.4px\">Avril 2011<br \/>\n<\/span><\/strong><span style=\"font-size: 14.4px\">Halfwheel :<\/span><strong><span style=\"font-size: 14.4px\"> 91\/100 en juin 2011<br \/>\n<\/span><\/strong><\/p>\n<p><span style=\"font-size: 14.4px\">Le cigare Family Reserve La Aurora Guillermo L\u00e9on Corona Gorda a re\u00e7u la note de :<br \/>\n<\/span><span style=\"font-size: 14.4px\">Cigar journal : <\/span><strong><span style=\"font-size: 14.4px\">92\/100 en septembre 2010<\/span><\/strong><\/p>\n<p>Et le cigare Family Reserve La Aurora Guillermo L\u00e9on a re\u00e7u la note de :<br \/>\nHalfwheel : <strong>90\/100 en 2004<\/strong><\/p>","protected":false},"excerpt":{"rendered":"<p>20\u672c\u5165\u308a\u3002.<\/p>","protected":false},"featured_media":62417,"template":"","meta":{"_acf_changed":false},"product_brand":[],"product_cat":[19809,19812,39945,39952],"product_tag":[],"class_list":{"0":"post-62419","1":"product","2":"type-product","3":"status-publish","4":"has-post-thumbnail","6":"product_cat-cigares","7":"product_cat-cigares-dominicains","8":"product_cat-la-aurora","9":"product_cat-la-aurora-guillermo-leon","10":"product_shipping_class-cigares","12":"first","13":"outofstock","14":"sale","15":"taxable","16":"shipping-taxable","17":"purchasable","18":"product-type-simple"},"acf":[],"_links":{"self":[{"href":"https:\/\/cigarquality.com\/ja\/wp-json\/wp\/v2\/product\/62419","targetHints":{"allow":["GET"]}}],"collection":[{"href":"https:\/\/cigarquality.com\/ja\/wp-json\/wp\/v2\/product"}],"about":[{"href":"https:\/\/cigarquality.com\/ja\/wp-json\/wp\/v2\/types\/product"}],"wp:featuredmedia":[{"embeddable":true,"href":"https:\/\/cigarquality.com\/ja\/wp-json\/wp\/v2\/media\/62417"}],"wp:attachment":[{"href":"https:\/\/cigarquality.com\/ja\/wp-json\/wp\/v2\/media?parent=62419"}],"wp:term":[{"taxonomy":"product_brand","embeddable":true,"href":"https:\/\/cigarquality.com\/ja\/wp-json\/wp\/v2\/product_brand?post=62419"},{"taxonomy":"product_cat","embeddable":true,"href":"https:\/\/cigarquality.com\/ja\/wp-json\/wp\/v2\/product_cat?post=62419"},{"taxonomy":"product_tag","embeddable":true,"href":"https:\/\/cigarquality.com\/ja\/wp-json\/wp\/v2\/product_tag?post=62419"}],"curies":[{"name":"wp","href":"https:\/\/api.w.org\/{rel}","templated":true}]}}