{"id":62409,"date":"2022-05-03T11:19:25","date_gmt":"2022-05-03T10:19:25","guid":{"rendered":"https:\/\/cigarquality.com\/?post_type=product&#038;p=62409"},"modified":"2026-04-01T09:10:02","modified_gmt":"2026-04-01T07:10:02","slug":"la-aurora-107-nicaragua-robusto-20","status":"publish","type":"product","link":"https:\/\/cigarquality.com\/ja\/boutique\/cigares-dominicains\/la-aurora\/la-aurora-107-nicaragua\/la-aurora-107-nicaragua-robusto-20\/","title":{"rendered":"\u30e9\u30fb\u30a2\u30a6\u30ed\u30e9 107 \u30cb\u30ab\u30e9\u30b0\u30a2 \u30ed\u30d6\u30b9\u30c8 (20)"},"content":{"rendered":"<p>Le cigare La Aurora 107 Nicaragua Robusto offre un plaisir passionnant et puissant auquel on ne s&rsquo;attendrait pas d&rsquo;un cigare La Aurora. Les ar\u00f4mes de cacao, de bois, de vanille, de fruits noirs et des nuances gustatives terreuses semblent relativement doux. Ce cigare roul\u00e9 \u00e0 la main, qui contient exclusivement du tabac du Nicaragua, peut certainement \u00eatre class\u00e9 comme moyennement fort. Dans tous les cas, il se comporte avec un tirage convaincant et une br\u00fblure propre.<\/p>","protected":false},"excerpt":{"rendered":"<p>20\u672c\u5165\u308a\u3002.<\/p>","protected":false},"featured_media":62407,"template":"","meta":{"_acf_changed":false},"product_brand":[],"product_cat":[19809,19812,39945,39946],"product_tag":[],"class_list":{"0":"post-62409","1":"product","2":"type-product","3":"status-publish","4":"has-post-thumbnail","6":"product_cat-cigares","7":"product_cat-cigares-dominicains","8":"product_cat-la-aurora","9":"product_cat-la-aurora-107-nicaragua","10":"product_shipping_class-cigares","12":"first","13":"instock","14":"sale","15":"taxable","16":"shipping-taxable","17":"purchasable","18":"product-type-simple"},"acf":[],"_links":{"self":[{"href":"https:\/\/cigarquality.com\/ja\/wp-json\/wp\/v2\/product\/62409","targetHints":{"allow":["GET"]}}],"collection":[{"href":"https:\/\/cigarquality.com\/ja\/wp-json\/wp\/v2\/product"}],"about":[{"href":"https:\/\/cigarquality.com\/ja\/wp-json\/wp\/v2\/types\/product"}],"wp:featuredmedia":[{"embeddable":true,"href":"https:\/\/cigarquality.com\/ja\/wp-json\/wp\/v2\/media\/62407"}],"wp:attachment":[{"href":"https:\/\/cigarquality.com\/ja\/wp-json\/wp\/v2\/media?parent=62409"}],"wp:term":[{"taxonomy":"product_brand","embeddable":true,"href":"https:\/\/cigarquality.com\/ja\/wp-json\/wp\/v2\/product_brand?post=62409"},{"taxonomy":"product_cat","embeddable":true,"href":"https:\/\/cigarquality.com\/ja\/wp-json\/wp\/v2\/product_cat?post=62409"},{"taxonomy":"product_tag","embeddable":true,"href":"https:\/\/cigarquality.com\/ja\/wp-json\/wp\/v2\/product_tag?post=62409"}],"curies":[{"name":"wp","href":"https:\/\/api.w.org\/{rel}","templated":true}]}}