{"id":62311,"date":"2022-05-03T11:11:36","date_gmt":"2022-05-03T10:11:36","guid":{"rendered":"https:\/\/cigarquality.com\/?post_type=product&#038;p=62311"},"modified":"2025-07-25T14:00:31","modified_gmt":"2025-07-25T12:00:31","slug":"la-galera-connecticut-chaveta-20","status":"publish","type":"product","link":"https:\/\/cigarquality.com\/ja\/boutique\/cigares-dominicains\/la-galera\/la-galera-connecticut\/la-galera-connecticut-chaveta-20\/","title":{"rendered":"\u30e9\u30fb\u30ac\u30ec\u30e9\u30fb\u30b3\u30cd\u30c1\u30ab\u30c3\u30c8\u30fb\u30c1\u30e3\u30d9\u30bf (20)"},"content":{"rendered":"<p><strong>La Galera Connecticut Chaveta<\/strong> est au\u00a0d\u00e9part domin\u00e9 par des notes cr\u00e9meuses d&rsquo;amande, de c\u00e8dre, de cacao, de caf\u00e9 et de terre, accompagn\u00e9es d&rsquo;une douceur fleurie.\u00a0La douceur s&rsquo;intensifie et rappelle le chocolat au fur et \u00e0 mesure de sa consommation. Des ar\u00f4mes de cuir-terreux s&rsquo;installe. Dans la seconde moiti\u00e9, l&rsquo;amande, le chocolat, le caf\u00e9 et les agrumes deviennent plus dominants sans affecter l&rsquo;\u00e9quilibre fin.<\/p>","protected":false},"excerpt":{"rendered":"<p>20\u672c\u5165\u308a\u3002.<\/p>","protected":false},"featured_media":62308,"template":"","meta":{"_acf_changed":false},"product_brand":[],"product_cat":[19809,19812,39959,39961],"product_tag":[],"class_list":{"0":"post-62311","1":"product","2":"type-product","3":"status-publish","4":"has-post-thumbnail","6":"product_cat-cigares","7":"product_cat-cigares-dominicains","8":"product_cat-la-galera","9":"product_cat-la-galera-connecticut","10":"product_shipping_class-cigares","12":"first","13":"instock","14":"taxable","15":"shipping-taxable","16":"purchasable","17":"product-type-simple"},"acf":[],"_links":{"self":[{"href":"https:\/\/cigarquality.com\/ja\/wp-json\/wp\/v2\/product\/62311","targetHints":{"allow":["GET"]}}],"collection":[{"href":"https:\/\/cigarquality.com\/ja\/wp-json\/wp\/v2\/product"}],"about":[{"href":"https:\/\/cigarquality.com\/ja\/wp-json\/wp\/v2\/types\/product"}],"wp:featuredmedia":[{"embeddable":true,"href":"https:\/\/cigarquality.com\/ja\/wp-json\/wp\/v2\/media\/62308"}],"wp:attachment":[{"href":"https:\/\/cigarquality.com\/ja\/wp-json\/wp\/v2\/media?parent=62311"}],"wp:term":[{"taxonomy":"product_brand","embeddable":true,"href":"https:\/\/cigarquality.com\/ja\/wp-json\/wp\/v2\/product_brand?post=62311"},{"taxonomy":"product_cat","embeddable":true,"href":"https:\/\/cigarquality.com\/ja\/wp-json\/wp\/v2\/product_cat?post=62311"},{"taxonomy":"product_tag","embeddable":true,"href":"https:\/\/cigarquality.com\/ja\/wp-json\/wp\/v2\/product_tag?post=62311"}],"curies":[{"name":"wp","href":"https:\/\/api.w.org\/{rel}","templated":true}]}}