{"id":62270,"date":"2022-05-03T11:11:01","date_gmt":"2022-05-03T10:11:01","guid":{"rendered":"https:\/\/cigarquality.com\/?post_type=product&#038;p=62270"},"modified":"2026-02-20T17:09:04","modified_gmt":"2026-02-20T16:09:04","slug":"la-galera-anemoi-zephyrus-20","status":"publish","type":"product","link":"https:\/\/cigarquality.com\/ja\/boutique\/cigares-dominicains\/la-galera\/la-galera-anemoi\/la-galera-anemoi-zephyrus-20\/","title":{"rendered":"La Galera Anemoi Zephyrus (20)"},"content":{"rendered":"<p>La d\u00e9gustation du cigare La Galera Anemoi Zephyrus (Double Toro) commence par in tirage agr\u00e9ablement l\u00e9ger. Peu \u00e0 peu, le cigare se d\u00e9veloppe en un point culminant savoureux. Il offre des ar\u00f4mes de caf\u00e9, de noix et de terre, qui sont soulign\u00e9s par des notes de cuir, bois\u00e9es et poivr\u00e9es.<\/p>","protected":false},"excerpt":{"rendered":"<p>20\u672c\u5165\u308a\u3002.<\/p>","protected":false},"featured_media":62267,"template":"","meta":{"_acf_changed":false},"product_brand":[],"product_cat":[19809,19812,39959,39960],"product_tag":[],"class_list":{"0":"post-62270","1":"product","2":"type-product","3":"status-publish","4":"has-post-thumbnail","6":"product_cat-cigares","7":"product_cat-cigares-dominicains","8":"product_cat-la-galera","9":"product_cat-la-galera-anemoi","10":"product_shipping_class-cigares","12":"first","13":"instock","14":"sale","15":"taxable","16":"shipping-taxable","17":"purchasable","18":"product-type-simple"},"acf":[],"_links":{"self":[{"href":"https:\/\/cigarquality.com\/ja\/wp-json\/wp\/v2\/product\/62270","targetHints":{"allow":["GET"]}}],"collection":[{"href":"https:\/\/cigarquality.com\/ja\/wp-json\/wp\/v2\/product"}],"about":[{"href":"https:\/\/cigarquality.com\/ja\/wp-json\/wp\/v2\/types\/product"}],"wp:featuredmedia":[{"embeddable":true,"href":"https:\/\/cigarquality.com\/ja\/wp-json\/wp\/v2\/media\/62267"}],"wp:attachment":[{"href":"https:\/\/cigarquality.com\/ja\/wp-json\/wp\/v2\/media?parent=62270"}],"wp:term":[{"taxonomy":"product_brand","embeddable":true,"href":"https:\/\/cigarquality.com\/ja\/wp-json\/wp\/v2\/product_brand?post=62270"},{"taxonomy":"product_cat","embeddable":true,"href":"https:\/\/cigarquality.com\/ja\/wp-json\/wp\/v2\/product_cat?post=62270"},{"taxonomy":"product_tag","embeddable":true,"href":"https:\/\/cigarquality.com\/ja\/wp-json\/wp\/v2\/product_tag?post=62270"}],"curies":[{"name":"wp","href":"https:\/\/api.w.org\/{rel}","templated":true}]}}