{"id":62236,"date":"2022-05-03T12:10:27","date_gmt":"2022-05-03T10:10:27","guid":{"rendered":"https:\/\/cigarquality.com\/?post_type=product&#038;p=62236"},"modified":"2026-02-23T14:08:07","modified_gmt":"2026-02-23T13:08:07","slug":"medaille-noir-120-cigares","status":"publish","type":"product","link":"https:\/\/cigarquality.com\/ja\/boutique\/humidors\/elie-bleu\/medaille\/medaille-noir-120-cigares\/","title":{"rendered":"\u30d2\u30e5\u30df\u30c9\u30fc\u30eb \u30a8\u30ea\u30d6\u30eb\u30fc\u30e1\u30c0\u30a4\u30e6-\u30d6\u30e9\u30c3\u30af-120\u672c"},"content":{"rendered":"<p>Humidor Elie Bleu &#8211; M\u00e9daille &#8211; Noir &#8211; 120 cigares.<\/p>\n<p><strong>Au c\u0153ur du cigare<\/strong><br \/>\nCette adaptation d\u2019une tr\u00e8s ancienne et fameuse \u00e9tiquette de bo\u00eetes \u00e0 cigares est un des plus c\u00e9l\u00e8bres mod\u00e8les dans l\u2019histoire d\u2019ELIE BLEU.<\/p>\n<ul>\n<li>Sycomore ond\u00e9 teint\u00e9<\/li>\n<li>120 Cigares<\/li>\n<li>2 Humidificateurs<\/li>\n<li>1 Hygrom\u00e8tre \u00e0 aiguille<\/li>\n<li>Largeur: 40.00 cm | 15.75 inch<\/li>\n<li>Profondeur: 24.00 cm | 9.45 inch<\/li>\n<li>Hauteur: 14.20 cm | 5.59 inch<\/li>\n<\/ul>\n<p>&nbsp;<\/p>","protected":false},"excerpt":{"rendered":"<p>\u6700\u5927120\u672c\u53ce\u7d0d\u53ef\u80fd\u306a\u30d2\u30e5\u30df\u30c9\u30fc\u30eb\u3002.<\/p>","protected":false},"featured_media":62234,"template":"","meta":{"_acf_changed":false},"product_brand":[],"product_cat":[27630,21527,27612,21524],"product_tag":[],"class_list":{"0":"post-62236","1":"product","2":"type-product","3":"status-publish","4":"has-post-thumbnail","6":"product_cat-120-cigares","7":"product_cat-elie-bleu","8":"product_cat-medaille","9":"product_cat-humidors","10":"product_shipping_class-humidor-sans-cigares","12":"first","13":"instock","14":"taxable","15":"shipping-taxable","16":"purchasable","17":"product-type-simple"},"acf":[],"_links":{"self":[{"href":"https:\/\/cigarquality.com\/ja\/wp-json\/wp\/v2\/product\/62236","targetHints":{"allow":["GET"]}}],"collection":[{"href":"https:\/\/cigarquality.com\/ja\/wp-json\/wp\/v2\/product"}],"about":[{"href":"https:\/\/cigarquality.com\/ja\/wp-json\/wp\/v2\/types\/product"}],"wp:featuredmedia":[{"embeddable":true,"href":"https:\/\/cigarquality.com\/ja\/wp-json\/wp\/v2\/media\/62234"}],"wp:attachment":[{"href":"https:\/\/cigarquality.com\/ja\/wp-json\/wp\/v2\/media?parent=62236"}],"wp:term":[{"taxonomy":"product_brand","embeddable":true,"href":"https:\/\/cigarquality.com\/ja\/wp-json\/wp\/v2\/product_brand?post=62236"},{"taxonomy":"product_cat","embeddable":true,"href":"https:\/\/cigarquality.com\/ja\/wp-json\/wp\/v2\/product_cat?post=62236"},{"taxonomy":"product_tag","embeddable":true,"href":"https:\/\/cigarquality.com\/ja\/wp-json\/wp\/v2\/product_tag?post=62236"}],"curies":[{"name":"wp","href":"https:\/\/api.w.org\/{rel}","templated":true}]}}