{"id":62118,"date":"2022-05-03T11:02:49","date_gmt":"2022-05-03T10:02:49","guid":{"rendered":"https:\/\/cigarquality.com\/?post_type=product&#038;p=62118"},"modified":"2025-12-02T08:42:40","modified_gmt":"2025-12-02T07:42:40","slug":"la-aurora-dominican-dna-gran-toro-20","status":"publish","type":"product","link":"https:\/\/cigarquality.com\/ja\/boutique\/cigares-dominicains\/la-aurora\/la-aurora-dominican-dna\/la-aurora-dominican-dna-gran-toro-20\/","title":{"rendered":"La Aurora Dominican DNA Gran Toro (20)"},"content":{"rendered":"<p><strong>Avec La Aurora Dominican DNA Gran Toro,<\/strong> La Aurora rend hommage au plus ancien proc\u00e9d\u00e9 de production de tabac. Press\u00e9 dans la feuille de palmier royal et ferment\u00e9 pendant 4 \u00e0 6 ans sans chaleur, le tabac conf\u00e8re \u00e0 la tripe une note toute particuli\u00e8re. Traditionnellement, cette feuille de palmier au tabac s&rsquo;appelle andullo.<\/p>\n<p>Les notes bois\u00e9es \u00e9pic\u00e9es se fondent en douceur de savoureuses notes de biscuit et de caramel. Le cigare a un tirage et une br\u00fblure uniformes.<\/p>","protected":false},"excerpt":{"rendered":"<p>20\u672c\u5165\u308a\u3002.<\/p>","protected":false},"featured_media":62115,"template":"","meta":{"_acf_changed":false},"product_brand":[],"product_cat":[19809,19812,39945,39950],"product_tag":[],"class_list":{"0":"post-62118","1":"product","2":"type-product","3":"status-publish","4":"has-post-thumbnail","6":"product_cat-cigares","7":"product_cat-cigares-dominicains","8":"product_cat-la-aurora","9":"product_cat-la-aurora-dominican-dna","10":"product_shipping_class-cigares","12":"first","13":"instock","14":"sale","15":"taxable","16":"shipping-taxable","17":"purchasable","18":"product-type-simple"},"acf":[],"_links":{"self":[{"href":"https:\/\/cigarquality.com\/ja\/wp-json\/wp\/v2\/product\/62118","targetHints":{"allow":["GET"]}}],"collection":[{"href":"https:\/\/cigarquality.com\/ja\/wp-json\/wp\/v2\/product"}],"about":[{"href":"https:\/\/cigarquality.com\/ja\/wp-json\/wp\/v2\/types\/product"}],"wp:featuredmedia":[{"embeddable":true,"href":"https:\/\/cigarquality.com\/ja\/wp-json\/wp\/v2\/media\/62115"}],"wp:attachment":[{"href":"https:\/\/cigarquality.com\/ja\/wp-json\/wp\/v2\/media?parent=62118"}],"wp:term":[{"taxonomy":"product_brand","embeddable":true,"href":"https:\/\/cigarquality.com\/ja\/wp-json\/wp\/v2\/product_brand?post=62118"},{"taxonomy":"product_cat","embeddable":true,"href":"https:\/\/cigarquality.com\/ja\/wp-json\/wp\/v2\/product_cat?post=62118"},{"taxonomy":"product_tag","embeddable":true,"href":"https:\/\/cigarquality.com\/ja\/wp-json\/wp\/v2\/product_tag?post=62118"}],"curies":[{"name":"wp","href":"https:\/\/api.w.org\/{rel}","templated":true}]}}