{"id":62025,"date":"2022-05-03T10:58:35","date_gmt":"2022-05-03T09:58:35","guid":{"rendered":"https:\/\/cigarquality.com\/?post_type=product&#038;p=62025"},"modified":"2025-07-25T13:34:56","modified_gmt":"2025-07-25T11:34:56","slug":"joya-de-nicaragua-clasico-senoritas-25","status":"publish","type":"product","link":"https:\/\/cigarquality.com\/ja\/boutique\/cigares-nicaraguayens\/joya-de-nicaragua\/joya-de-nicaragua-clasico\/joya-de-nicaragua-clasico-senoritas-25\/","title":{"rendered":"Joya De Nicaragua Clasico Se\u00f1oritas (25)"},"content":{"rendered":"<p><strong>Les cigares de la ligne Joya De Nicaragua Clasico Se\u00f1oritas<\/strong>\u00a0sont les cigares les plus doux et en m\u00eame temps les plus populaires de Joya De Nicaragua. Au niveau du go\u00fbt, les cigares sont tr\u00e8s doux avec de fines notes bois\u00e9es et sucr\u00e9es associ\u00e9es \u00e0 une extr\u00e9mit\u00e9 cr\u00e9meuse.<\/p>\n<p>La ligne Joya De Nicaragua Clasico est id\u00e9ale pour les d\u00e9butants dans le monde du cigare mais aussi pour le fumeur exp\u00e9riment\u00e9 qui souhaite d\u00e9couvrir de nouvelles saveurs du Nicaragua.<\/p>","protected":false},"excerpt":{"rendered":"<p>\u8449\u5dfb25\u672c\u5165\u308a\u3002.<\/p>","protected":false},"featured_media":62023,"template":"","meta":{"_acf_changed":false},"product_brand":[],"product_cat":[19809,24833,39934,39939],"product_tag":[],"class_list":{"0":"post-62025","1":"product","2":"type-product","3":"status-publish","4":"has-post-thumbnail","6":"product_cat-cigares","7":"product_cat-cigares-nicaraguayens","8":"product_cat-joya-de-nicaragua","9":"product_cat-joya-de-nicaragua-clasico","10":"product_shipping_class-cigares","12":"first","13":"outofstock","14":"sale","15":"taxable","16":"shipping-taxable","17":"purchasable","18":"product-type-simple"},"acf":[],"_links":{"self":[{"href":"https:\/\/cigarquality.com\/ja\/wp-json\/wp\/v2\/product\/62025","targetHints":{"allow":["GET"]}}],"collection":[{"href":"https:\/\/cigarquality.com\/ja\/wp-json\/wp\/v2\/product"}],"about":[{"href":"https:\/\/cigarquality.com\/ja\/wp-json\/wp\/v2\/types\/product"}],"wp:featuredmedia":[{"embeddable":true,"href":"https:\/\/cigarquality.com\/ja\/wp-json\/wp\/v2\/media\/62023"}],"wp:attachment":[{"href":"https:\/\/cigarquality.com\/ja\/wp-json\/wp\/v2\/media?parent=62025"}],"wp:term":[{"taxonomy":"product_brand","embeddable":true,"href":"https:\/\/cigarquality.com\/ja\/wp-json\/wp\/v2\/product_brand?post=62025"},{"taxonomy":"product_cat","embeddable":true,"href":"https:\/\/cigarquality.com\/ja\/wp-json\/wp\/v2\/product_cat?post=62025"},{"taxonomy":"product_tag","embeddable":true,"href":"https:\/\/cigarquality.com\/ja\/wp-json\/wp\/v2\/product_tag?post=62025"}],"curies":[{"name":"wp","href":"https:\/\/api.w.org\/{rel}","templated":true}]}}