{"id":61980,"date":"2022-05-03T11:53:01","date_gmt":"2022-05-03T09:53:01","guid":{"rendered":"https:\/\/cigarquality.com\/?post_type=product&#038;p=61980"},"modified":"2025-07-25T13:39:25","modified_gmt":"2025-07-25T11:39:25","slug":"opthimus-rhum-70cl","status":"publish","type":"product","link":"https:\/\/cigarquality.com\/ja\/boutique\/alcools\/rum\/opthimus\/opthimus-rhum-70cl\/","title":{"rendered":"\u30aa\u30d7\u30c6\u30a3\u30de\u30b9 \u30e9\u30e0 70cl"},"content":{"rendered":"<p>Un des tr\u00e8s rares rhums \u00e0 \u00eatre pr\u00e9sent\u00e9 sous la barre des 40%. La m\u00e9thode de production pour Opthimus en fait un produit totalement \u00e0 part. A la fois d\u00e9licat et souple, il reste cependant aromatique et expressif. Opthimus 25 ans <em>Summa Cum Laude<\/em>, en r\u00e9f\u00e9rence \u00e0 la plus haute distinction pour une th\u00e8se universitaire, reste le parfait exemple de ce qu\u2019un \u00e9levage en Solera peut apporter en terme de richesse, de complexit\u00e9 et d\u2019\u00e9l\u00e9gance. Il s\u2019accordera plus volontiers avec les cigares les plus fins et les plus subtiles de votre humidor.<\/p>","protected":false},"excerpt":{"rendered":"<p>70cl\u30dc\u30c8\u30eb\u3002.<\/p>","protected":false},"featured_media":61979,"template":"","meta":{"_acf_changed":false},"product_brand":[],"product_cat":[21852,39980,21908],"product_tag":[],"class_list":{"0":"post-61980","1":"product","2":"type-product","3":"status-publish","4":"has-post-thumbnail","6":"product_cat-alcools","7":"product_cat-opthimus","8":"product_cat-rum","9":"product_shipping_class-alcool","11":"first","12":"outofstock","13":"taxable","14":"shipping-taxable","15":"purchasable","16":"product-type-simple"},"acf":[],"_links":{"self":[{"href":"https:\/\/cigarquality.com\/ja\/wp-json\/wp\/v2\/product\/61980","targetHints":{"allow":["GET"]}}],"collection":[{"href":"https:\/\/cigarquality.com\/ja\/wp-json\/wp\/v2\/product"}],"about":[{"href":"https:\/\/cigarquality.com\/ja\/wp-json\/wp\/v2\/types\/product"}],"wp:featuredmedia":[{"embeddable":true,"href":"https:\/\/cigarquality.com\/ja\/wp-json\/wp\/v2\/media\/61979"}],"wp:attachment":[{"href":"https:\/\/cigarquality.com\/ja\/wp-json\/wp\/v2\/media?parent=61980"}],"wp:term":[{"taxonomy":"product_brand","embeddable":true,"href":"https:\/\/cigarquality.com\/ja\/wp-json\/wp\/v2\/product_brand?post=61980"},{"taxonomy":"product_cat","embeddable":true,"href":"https:\/\/cigarquality.com\/ja\/wp-json\/wp\/v2\/product_cat?post=61980"},{"taxonomy":"product_tag","embeddable":true,"href":"https:\/\/cigarquality.com\/ja\/wp-json\/wp\/v2\/product_tag?post=61980"}],"curies":[{"name":"wp","href":"https:\/\/api.w.org\/{rel}","templated":true}]}}