{"id":61973,"date":"2022-05-03T10:52:55","date_gmt":"2022-05-03T09:52:55","guid":{"rendered":"https:\/\/cigarquality.com\/?post_type=product&#038;p=61973"},"modified":"2026-03-04T00:03:09","modified_gmt":"2026-03-03T23:03:09","slug":"oro-de-esteli-gordo-bundle-25","status":"publish","type":"product","link":"https:\/\/cigarquality.com\/ja\/boutique\/cigares-nicaraguayens\/oro-de-esteli\/oro-de-esteli-gordo-bundle-25\/","title":{"rendered":"\u30aa\u30ed\u30fb\u30c7\u30fb\u30a8\u30b9\u30c6\u30ea\u30fb\u30b4\u30eb\u30c9\u30fb\u30d0\u30f3\u30c9\u30eb (25)"},"content":{"rendered":"<p>L&rsquo;Oro de Esteli Gordo est un cigare \u00e9pic\u00e9 avec du caract\u00e8re et un m\u00e9lange typique du Nicaragua. Le rapport qualit\u00e9-prix est quasiment imbattable. Id\u00e9al pour les entre-deux.<\/p>\n<p>Oro de Esteli Gordo a une longueur de 152 mm et une dimension de bague de 60.<\/p>","protected":false},"excerpt":{"rendered":"<p>25\u672c\u5165\u308a\u3002.<\/p>","protected":false},"featured_media":61971,"template":"","meta":{"_acf_changed":false},"product_brand":[],"product_cat":[19809,24833,31946],"product_tag":[],"class_list":{"0":"post-61973","1":"product","2":"type-product","3":"status-publish","4":"has-post-thumbnail","6":"product_cat-cigares","7":"product_cat-cigares-nicaraguayens","8":"product_cat-oro-de-esteli","9":"product_shipping_class-cigares","11":"first","12":"instock","13":"sale","14":"taxable","15":"shipping-taxable","16":"purchasable","17":"product-type-simple"},"acf":[],"_links":{"self":[{"href":"https:\/\/cigarquality.com\/ja\/wp-json\/wp\/v2\/product\/61973","targetHints":{"allow":["GET"]}}],"collection":[{"href":"https:\/\/cigarquality.com\/ja\/wp-json\/wp\/v2\/product"}],"about":[{"href":"https:\/\/cigarquality.com\/ja\/wp-json\/wp\/v2\/types\/product"}],"wp:featuredmedia":[{"embeddable":true,"href":"https:\/\/cigarquality.com\/ja\/wp-json\/wp\/v2\/media\/61971"}],"wp:attachment":[{"href":"https:\/\/cigarquality.com\/ja\/wp-json\/wp\/v2\/media?parent=61973"}],"wp:term":[{"taxonomy":"product_brand","embeddable":true,"href":"https:\/\/cigarquality.com\/ja\/wp-json\/wp\/v2\/product_brand?post=61973"},{"taxonomy":"product_cat","embeddable":true,"href":"https:\/\/cigarquality.com\/ja\/wp-json\/wp\/v2\/product_cat?post=61973"},{"taxonomy":"product_tag","embeddable":true,"href":"https:\/\/cigarquality.com\/ja\/wp-json\/wp\/v2\/product_tag?post=61973"}],"curies":[{"name":"wp","href":"https:\/\/api.w.org\/{rel}","templated":true}]}}