{"id":61965,"date":"2022-05-03T10:49:23","date_gmt":"2022-05-03T09:49:23","guid":{"rendered":"https:\/\/cigarquality.com\/?post_type=product&#038;p=61965"},"modified":"2025-07-25T13:58:34","modified_gmt":"2025-07-25T11:58:34","slug":"joya-de-nicaragua-antano-1970-magnum-660-20","status":"publish","type":"product","link":"https:\/\/cigarquality.com\/ja\/boutique\/cigares-nicaraguayens\/joya-de-nicaragua\/joya-de-nicaragua-antano\/joya-de-nicaragua-antano-1970-magnum-660-20\/","title":{"rendered":"Joya De Nicaragua Anta\u00f1o 1970 Magnum 660 (20)"},"content":{"rendered":"<p>Anta\u00f1o signifie \u00abquelques ann\u00e9es\u00bb ou \u00abd&rsquo;antan\u00bb en espagnol et est destin\u00e9 \u00e0 vous rappeler que le cigare Joya de Nicaragua Anta\u00f1o \u00e9tait l&rsquo;un des cigares les plus populaires sur le march\u00e9 am\u00e9ricain dans les ann\u00e9es 1960. Fabriqu\u00e9 \u00e0 la main \u00e0 partir de tabac pur nicaraguayen, ce cigare se pr\u00e9sente avec une fum\u00e9e \u00e9pic\u00e9e et une finition terreuse. Un must pour tous les amateurs d&rsquo;une fum\u00e9e puissante. Excellent rapport qualit\u00e9-prix.<\/p>\n<p><strong>Le Joya De Nicaragua Anta\u00f1o 1970 Magnum 660<\/strong> a une longueur de 152 mm et une bague de 60 (23.62 mm).<\/p>","protected":false},"excerpt":{"rendered":"<p>20\u672c\u5165\u308a\u3002.<\/p>","protected":false},"featured_media":61962,"template":"","meta":{"_acf_changed":false},"product_brand":[],"product_cat":[19809,24833,39934,39935],"product_tag":[],"class_list":{"0":"post-61965","1":"product","2":"type-product","3":"status-publish","4":"has-post-thumbnail","6":"product_cat-cigares","7":"product_cat-cigares-nicaraguayens","8":"product_cat-joya-de-nicaragua","9":"product_cat-joya-de-nicaragua-antano","10":"product_shipping_class-cigares","12":"first","13":"instock","14":"sale","15":"taxable","16":"shipping-taxable","17":"purchasable","18":"product-type-simple"},"acf":[],"_links":{"self":[{"href":"https:\/\/cigarquality.com\/ja\/wp-json\/wp\/v2\/product\/61965","targetHints":{"allow":["GET"]}}],"collection":[{"href":"https:\/\/cigarquality.com\/ja\/wp-json\/wp\/v2\/product"}],"about":[{"href":"https:\/\/cigarquality.com\/ja\/wp-json\/wp\/v2\/types\/product"}],"wp:featuredmedia":[{"embeddable":true,"href":"https:\/\/cigarquality.com\/ja\/wp-json\/wp\/v2\/media\/61962"}],"wp:attachment":[{"href":"https:\/\/cigarquality.com\/ja\/wp-json\/wp\/v2\/media?parent=61965"}],"wp:term":[{"taxonomy":"product_brand","embeddable":true,"href":"https:\/\/cigarquality.com\/ja\/wp-json\/wp\/v2\/product_brand?post=61965"},{"taxonomy":"product_cat","embeddable":true,"href":"https:\/\/cigarquality.com\/ja\/wp-json\/wp\/v2\/product_cat?post=61965"},{"taxonomy":"product_tag","embeddable":true,"href":"https:\/\/cigarquality.com\/ja\/wp-json\/wp\/v2\/product_tag?post=61965"}],"curies":[{"name":"wp","href":"https:\/\/api.w.org\/{rel}","templated":true}]}}