{"id":61961,"date":"2022-05-03T10:49:20","date_gmt":"2022-05-03T09:49:20","guid":{"rendered":"https:\/\/cigarquality.com\/?post_type=product&#038;p=61961"},"modified":"2025-07-25T13:58:34","modified_gmt":"2025-07-25T11:58:34","slug":"joya-de-nicaragua-antano-1970-gran-reserva-robusto-grande-20","status":"publish","type":"product","link":"https:\/\/cigarquality.com\/ja\/boutique\/cigares-nicaraguayens\/joya-de-nicaragua\/joya-de-nicaragua-antano\/joya-de-nicaragua-antano-1970-gran-reserva-robusto-grande-20\/","title":{"rendered":"Joya De Nicaragua Anta\u00f1o 1970 Gran Reserva Robusto Grande (20)"},"content":{"rendered":"<p>\u30e9 <strong>Joya De Nicaragua Anta\u00f1o 1970 Gran Reserva Robusto Grande<\/strong>\u00a0se pr\u00e9sente avec une belle cape Colorado-Maduro, qui a \u00e9t\u00e9 soigneusement affin\u00e9e pendant 5 ans. La tripe est un m\u00e9lange d&rsquo;Esteli, Jalapa et Condega. Apr\u00e8s un d\u00e9but l\u00e9g\u00e8rement mordant, suivent des notes douces et terreuses, ainsi que du caf\u00e9, du poivre, du ch\u00eane et de l&rsquo;eucalyptus, accompagn\u00e9es d&rsquo;une douceur subtile. Excellent pour les aficionado avertis et exp\u00e9riment\u00e9s.<\/p>\n<p><strong>Le Joya De Nicaragua Anta\u00f1o 1970 Gran Reserva Robusto Grande<\/strong> a une longueur de 136 mm et une bague de 48 (19.05 mm) et c&rsquo;est un box pressed.<\/p>","protected":false},"excerpt":{"rendered":"<p>20\u672c\u5165\u308a\u3002.<\/p>","protected":false},"featured_media":61959,"template":"","meta":{"_acf_changed":false},"product_brand":[],"product_cat":[19809,24833,39934,39935],"product_tag":[],"class_list":{"0":"post-61961","1":"product","2":"type-product","3":"status-publish","4":"has-post-thumbnail","6":"product_cat-cigares","7":"product_cat-cigares-nicaraguayens","8":"product_cat-joya-de-nicaragua","9":"product_cat-joya-de-nicaragua-antano","10":"product_shipping_class-cigares","12":"first","13":"outofstock","14":"taxable","15":"shipping-taxable","16":"purchasable","17":"product-type-simple"},"acf":[],"_links":{"self":[{"href":"https:\/\/cigarquality.com\/ja\/wp-json\/wp\/v2\/product\/61961","targetHints":{"allow":["GET"]}}],"collection":[{"href":"https:\/\/cigarquality.com\/ja\/wp-json\/wp\/v2\/product"}],"about":[{"href":"https:\/\/cigarquality.com\/ja\/wp-json\/wp\/v2\/types\/product"}],"wp:featuredmedia":[{"embeddable":true,"href":"https:\/\/cigarquality.com\/ja\/wp-json\/wp\/v2\/media\/61959"}],"wp:attachment":[{"href":"https:\/\/cigarquality.com\/ja\/wp-json\/wp\/v2\/media?parent=61961"}],"wp:term":[{"taxonomy":"product_brand","embeddable":true,"href":"https:\/\/cigarquality.com\/ja\/wp-json\/wp\/v2\/product_brand?post=61961"},{"taxonomy":"product_cat","embeddable":true,"href":"https:\/\/cigarquality.com\/ja\/wp-json\/wp\/v2\/product_cat?post=61961"},{"taxonomy":"product_tag","embeddable":true,"href":"https:\/\/cigarquality.com\/ja\/wp-json\/wp\/v2\/product_tag?post=61961"}],"curies":[{"name":"wp","href":"https:\/\/api.w.org\/{rel}","templated":true}]}}