{"id":61942,"date":"2022-05-03T10:44:13","date_gmt":"2022-05-03T09:44:13","guid":{"rendered":"https:\/\/cigarquality.com\/?post_type=product&#038;p=61942"},"modified":"2025-09-11T11:24:55","modified_gmt":"2025-09-11T09:24:55","slug":"illusione-fume-damour-viejos-25","status":"publish","type":"product","link":"https:\/\/cigarquality.com\/ja\/boutique\/cigares-nicaraguayens\/illusione\/illusione-fume-damour\/illusione-fume-damour-viejos-25\/","title":{"rendered":"Illusione Fume d&rsquo;Amour Viejos (25)"},"content":{"rendered":"<p><strong>Les cigares Illusione Fume d&rsquo;Amour Viejos<\/strong>, qui se traduit par \u00abfum\u00e9e d&rsquo;amour\u00bb. Une illusion ? Un cigare sans tabac Ligero !<\/p>\n<p>Le r\u00e9sultat est un cigare vraiment d\u00e9licieux avec l&rsquo;\u00e9quilibre et le style qui d\u00e9borde d&rsquo;un go\u00fbt riche et noisette de \u00abnoix de cajou\u00bb, un soup\u00e7on de douceur de nougat et d&rsquo;\u00e9pices \u00e0 p\u00e2tisserie.<\/p>","protected":false},"excerpt":{"rendered":"<p>\u8449\u5dfb25\u672c\u5165\u308a\u3002.<\/p>","protected":false},"featured_media":61940,"template":"","meta":{"_acf_changed":false},"product_brand":[],"product_cat":[19809,24833,39931,39933],"product_tag":[],"class_list":{"0":"post-61942","1":"product","2":"type-product","3":"status-publish","4":"has-post-thumbnail","6":"product_cat-cigares","7":"product_cat-cigares-nicaraguayens","8":"product_cat-illusione","9":"product_cat-illusione-fume-damour","10":"product_shipping_class-cigares","12":"first","13":"instock","14":"sale","15":"taxable","16":"shipping-taxable","17":"purchasable","18":"product-type-simple"},"acf":[],"_links":{"self":[{"href":"https:\/\/cigarquality.com\/ja\/wp-json\/wp\/v2\/product\/61942","targetHints":{"allow":["GET"]}}],"collection":[{"href":"https:\/\/cigarquality.com\/ja\/wp-json\/wp\/v2\/product"}],"about":[{"href":"https:\/\/cigarquality.com\/ja\/wp-json\/wp\/v2\/types\/product"}],"wp:featuredmedia":[{"embeddable":true,"href":"https:\/\/cigarquality.com\/ja\/wp-json\/wp\/v2\/media\/61940"}],"wp:attachment":[{"href":"https:\/\/cigarquality.com\/ja\/wp-json\/wp\/v2\/media?parent=61942"}],"wp:term":[{"taxonomy":"product_brand","embeddable":true,"href":"https:\/\/cigarquality.com\/ja\/wp-json\/wp\/v2\/product_brand?post=61942"},{"taxonomy":"product_cat","embeddable":true,"href":"https:\/\/cigarquality.com\/ja\/wp-json\/wp\/v2\/product_cat?post=61942"},{"taxonomy":"product_tag","embeddable":true,"href":"https:\/\/cigarquality.com\/ja\/wp-json\/wp\/v2\/product_tag?post=61942"}],"curies":[{"name":"wp","href":"https:\/\/api.w.org\/{rel}","templated":true}]}}