{"id":61892,"date":"2022-05-03T11:39:24","date_gmt":"2022-05-03T09:39:24","guid":{"rendered":"https:\/\/cigarquality.com\/?post_type=product&#038;p=61892"},"modified":"2025-07-25T13:36:56","modified_gmt":"2025-07-25T11:36:56","slug":"hibiki-suntory-whisky-japanese-harmony","status":"publish","type":"product","link":"https:\/\/cigarquality.com\/ja\/boutique\/alcools\/whisky\/hibiki\/hibiki-suntory-whisky-japanese-harmony\/","title":{"rendered":"\u30a6\u30a4\u30b9\u30ad\u30fc \u97ff \u30b5\u30f3\u30c8\u30ea\u30fc \u30b8\u30e3\u30d1\u30cb\u30fc\u30ba\u30cf\u30fc\u30e2\u30cb\u30fc"},"content":{"rendered":"<p>Pour le whisky Hibiki Japanese Harmony, les fabricants de Suntory se reposent sur les whiskys de malt et les whiskys de grain de leur propre source. Selon le type, ils proviennent des distilleries Yamazaki, Hakushu ou Chita et m\u00fbrissent dans diff\u00e9rents types de f\u00fbts, y compris des f\u00fbts de sherry et des f\u00fbts fabriqu\u00e9s \u00e0 partir du bois de ch\u00eane japonais rare, appel\u00e9 <strong>\u30df\u30ba\u30ca\u30e9<\/strong>. La bouteille esth\u00e9tique aux 24 facettes est cens\u00e9e repr\u00e9senter les 24 \u00ab\u00a0mini saisons\u00a0\u00bb du Japon. L&rsquo;\u00e9tiquette est en papier <strong>Echizen pr\u00e9cieux.<\/strong><\/p>\n<p>Le go\u00fbt du Hibiki Suntory Whisky Japanese Harmony est compos\u00e9 d&rsquo;orange, d&rsquo;abricot, de bois de ch\u00eane, de chocolat blanc, de cannelle et d\u2019\u00e9pices l\u00e9g\u00e8rement poivr\u00e9es. Une odeur de p\u00e9tales de rose devrait \u00e9galement \u00eatre reconnaissable. Le nombre et l&rsquo;\u00e2ge exact des whiskys contenus restent un myst\u00e8re que seul le ma\u00eetre-assembleur de Suntory semble conna\u00eetre.<\/p>","protected":false},"excerpt":{"rendered":"<p>70cl\u30dc\u30c8\u30eb\u3002.<\/p>","protected":false},"featured_media":61891,"template":"","meta":{"_acf_changed":false},"product_brand":[],"product_cat":[21852,39927,21855],"product_tag":[],"class_list":{"0":"post-61892","1":"product","2":"type-product","3":"status-publish","4":"has-post-thumbnail","6":"product_cat-alcools","7":"product_cat-hibiki","8":"product_cat-whisky","9":"product_shipping_class-alcool","11":"first","12":"instock","13":"taxable","14":"shipping-taxable","15":"purchasable","16":"product-type-simple"},"acf":[],"_links":{"self":[{"href":"https:\/\/cigarquality.com\/ja\/wp-json\/wp\/v2\/product\/61892","targetHints":{"allow":["GET"]}}],"collection":[{"href":"https:\/\/cigarquality.com\/ja\/wp-json\/wp\/v2\/product"}],"about":[{"href":"https:\/\/cigarquality.com\/ja\/wp-json\/wp\/v2\/types\/product"}],"wp:featuredmedia":[{"embeddable":true,"href":"https:\/\/cigarquality.com\/ja\/wp-json\/wp\/v2\/media\/61891"}],"wp:attachment":[{"href":"https:\/\/cigarquality.com\/ja\/wp-json\/wp\/v2\/media?parent=61892"}],"wp:term":[{"taxonomy":"product_brand","embeddable":true,"href":"https:\/\/cigarquality.com\/ja\/wp-json\/wp\/v2\/product_brand?post=61892"},{"taxonomy":"product_cat","embeddable":true,"href":"https:\/\/cigarquality.com\/ja\/wp-json\/wp\/v2\/product_cat?post=61892"},{"taxonomy":"product_tag","embeddable":true,"href":"https:\/\/cigarquality.com\/ja\/wp-json\/wp\/v2\/product_tag?post=61892"}],"curies":[{"name":"wp","href":"https:\/\/api.w.org\/{rel}","templated":true}]}}