{"id":61803,"date":"2022-05-03T11:31:01","date_gmt":"2022-05-03T09:31:01","guid":{"rendered":"https:\/\/cigarquality.com\/?post_type=product&#038;p=61803"},"modified":"2025-12-01T10:09:28","modified_gmt":"2025-12-01T09:09:28","slug":"smoking-moses-coupe-cigares-by-fox-knives","status":"publish","type":"product","link":"https:\/\/cigarquality.com\/ja\/boutique\/accessoires-cigares\/coupe-cigares\/fox-knives\/smoking-moses-coupe-cigares-by-fox-knives\/","title":{"rendered":"\u30b7\u30ac\u30fc\u30ab\u30c3\u30bf\u30fc \u30cf\u30b5\u30df \u30d5\u30a9\u30c3\u30af\u30b9\u30fb\u30ca\u30a4\u30d5 \u30b9\u30e2\u30fc\u30ad\u30f3\u30b0\u30fb\u30e2\u30fc\u30bc\u30b9"},"content":{"rendered":"<p>Les ciseaux \u00e0 cigares Smoking Moses sont fabriqu\u00e9s dans la ville des couteaux italiens Maniago. Maniago est la capitale italienne des couteaux, comparable \u00e0 Solingen en Allemagne ou Tol\u00e8de en Espagne.<br \/>\nLes ciseaux sont fabriqu\u00e9s par la soci\u00e9t\u00e9 \u00ab\u00a0Coltellerie FOX Oreste Frati\u00a0\u00bb Dans le pass\u00e9, la soci\u00e9t\u00e9 fabriquait des ciseaux \u00e0 cigares (ciseaux pliants) et le couteau \u00e0 cigares de Xikar.<\/p>\n<p>Les ciseaux sont en acier inoxydable 440A et viennent dans une finition satin\u00e9e.<br \/>\nLa marque \u00ab\u00a0Smoking Moses\u00a0\u00bb est grav\u00e9e au laser.\u00a0L&rsquo;assemblage des ciseaux \u00e0 cigares et le contr\u00f4le qualit\u00e9 se font \u00e0 la main en Italie.<\/p>\n<p>Si cela s&rsquo;av\u00e8re n\u00e9cessaire, les ciseaux \u00e0 cigares peuvent \u00eatre facilement d\u00e9mont\u00e9s et r\u00e9-aff\u00fbt\u00e9s.<\/p>\n<p>Le coupe cigares est livr\u00e9 dans une housse en cuir.<\/p>","protected":false},"excerpt":{"rendered":"<p>\u8449\u5dfb\u30d0\u30b5\u30df\u3002.<\/p>","protected":false},"featured_media":61799,"template":"","meta":{"_acf_changed":false},"product_brand":[],"product_cat":[21754,21757,39914],"product_tag":[],"class_list":{"0":"post-61803","1":"product","2":"type-product","3":"status-publish","4":"has-post-thumbnail","6":"product_cat-accessoires-cigares","7":"product_cat-coupe-cigares","8":"product_cat-fox-knives","9":"product_shipping_class-divers","11":"first","12":"instock","13":"taxable","14":"shipping-taxable","15":"purchasable","16":"product-type-simple"},"acf":[],"_links":{"self":[{"href":"https:\/\/cigarquality.com\/ja\/wp-json\/wp\/v2\/product\/61803","targetHints":{"allow":["GET"]}}],"collection":[{"href":"https:\/\/cigarquality.com\/ja\/wp-json\/wp\/v2\/product"}],"about":[{"href":"https:\/\/cigarquality.com\/ja\/wp-json\/wp\/v2\/types\/product"}],"wp:featuredmedia":[{"embeddable":true,"href":"https:\/\/cigarquality.com\/ja\/wp-json\/wp\/v2\/media\/61799"}],"wp:attachment":[{"href":"https:\/\/cigarquality.com\/ja\/wp-json\/wp\/v2\/media?parent=61803"}],"wp:term":[{"taxonomy":"product_brand","embeddable":true,"href":"https:\/\/cigarquality.com\/ja\/wp-json\/wp\/v2\/product_brand?post=61803"},{"taxonomy":"product_cat","embeddable":true,"href":"https:\/\/cigarquality.com\/ja\/wp-json\/wp\/v2\/product_cat?post=61803"},{"taxonomy":"product_tag","embeddable":true,"href":"https:\/\/cigarquality.com\/ja\/wp-json\/wp\/v2\/product_tag?post=61803"}],"curies":[{"name":"wp","href":"https:\/\/api.w.org\/{rel}","templated":true}]}}