{"id":61794,"date":"2022-05-03T10:30:54","date_gmt":"2022-05-03T09:30:54","guid":{"rendered":"https:\/\/cigarquality.com\/?post_type=product&#038;p=61794"},"modified":"2025-07-25T13:36:52","modified_gmt":"2025-07-25T11:36:52","slug":"torin-single-punch-noir","status":"publish","type":"product","link":"https:\/\/cigarquality.com\/ja\/boutique\/accessoires-cigares\/coupe-cigares\/torin\/torin-single-punch-noir\/","title":{"rendered":"\u30c8\u30fc\u30ea\u30f3\u30b7\u30f3\u30b0\u30eb\u30d1\u30f3\u30c1\u30d6\u30e9\u30c3\u30af\u30b7\u30ac\u30fc\u30ab\u30c3\u30bf\u30fc"},"content":{"rendered":"<p>\u30eb <strong>Torin Single Punch Noir<\/strong> est le r\u00e9sultat d&rsquo;innombrables tentatives pour produire une perforatrice qui perce proprement le cigare sans endommager la cape. Avec la boucle il peut \u00eatre attach\u00e9 \u00e0 un porte-cl\u00e9s et est donc toujours \u00e0 port\u00e9e de main.<\/p>\n<p>La lame est en acier inoxydable durci 60-64 Rockwell et la technique de meulage sp\u00e9ciale cr\u00e9e une fosse ultime qui perce le cigare avec une facilit\u00e9 que vous n&rsquo;avez jamais connue auparavant. Le corps en aluminium l\u00e9ger et la lame de 10 mm de diam\u00e8tre font du <strong>Torin Single Punch Noir<\/strong> \u8449\u5dfb\u611b\u597d\u5bb6\u306e\u7406\u60f3\u7684\u306a\u30d1\u30fc\u30c8\u30ca\u30fc\u3002.<\/p>\n<p>100% \u30b9\u30a4\u30b9\u88fd.<\/p>","protected":false},"excerpt":{"rendered":"<p>\u30b7\u30ac\u30fc\u30fb\u30d1\u30f3\u30c1\u30fb\u30ab\u30c3\u30d7\u3002.<\/p>","protected":false},"featured_media":61791,"template":"","meta":{"_acf_changed":false},"product_brand":[],"product_cat":[21754,21757,40020],"product_tag":[],"class_list":{"0":"post-61794","1":"product","2":"type-product","3":"status-publish","4":"has-post-thumbnail","6":"product_cat-accessoires-cigares","7":"product_cat-coupe-cigares","8":"product_cat-torin","9":"product_shipping_class-divers","11":"first","12":"outofstock","13":"taxable","14":"shipping-taxable","15":"purchasable","16":"product-type-simple"},"acf":[],"_links":{"self":[{"href":"https:\/\/cigarquality.com\/ja\/wp-json\/wp\/v2\/product\/61794","targetHints":{"allow":["GET"]}}],"collection":[{"href":"https:\/\/cigarquality.com\/ja\/wp-json\/wp\/v2\/product"}],"about":[{"href":"https:\/\/cigarquality.com\/ja\/wp-json\/wp\/v2\/types\/product"}],"wp:featuredmedia":[{"embeddable":true,"href":"https:\/\/cigarquality.com\/ja\/wp-json\/wp\/v2\/media\/61791"}],"wp:attachment":[{"href":"https:\/\/cigarquality.com\/ja\/wp-json\/wp\/v2\/media?parent=61794"}],"wp:term":[{"taxonomy":"product_brand","embeddable":true,"href":"https:\/\/cigarquality.com\/ja\/wp-json\/wp\/v2\/product_brand?post=61794"},{"taxonomy":"product_cat","embeddable":true,"href":"https:\/\/cigarquality.com\/ja\/wp-json\/wp\/v2\/product_cat?post=61794"},{"taxonomy":"product_tag","embeddable":true,"href":"https:\/\/cigarquality.com\/ja\/wp-json\/wp\/v2\/product_tag?post=61794"}],"curies":[{"name":"wp","href":"https:\/\/api.w.org\/{rel}","templated":true}]}}